{"id":7693,"date":"2019-10-10T22:02:57","date_gmt":"2019-10-11T03:02:57","guid":{"rendered":"https:\/\/fittingsgo.com\/product\/antigrippant-cuivre-permatex\/"},"modified":"2021-03-19T11:41:24","modified_gmt":"2021-03-19T16:41:24","slug":"antigrippant-cuivre-permatex","status":"publish","type":"product","link":"https:\/\/fittingsgo.com\/fr\/produit\/antigrippant-cuivre-permatex\/","title":{"rendered":"Antigrippant Cuivre Permatex"},"content":{"rendered":"<p>Filets de bougies mont\u00e9es sur des t\u00eates en aluminium, boulons<br \/>\nde collecteur d\u2019\u00e9chappement, boulons de moteur, d\u00e9tecteurs d\u2019oxyg\u00e8ne, boulons de bo\u00eetier de thermostat, raccords de filtre \u00e0 carburant, connexions de c\u00e2bles de batterie.<br \/>\n09127, 09124<\/p>\n<div id=\"themify_builder_content-7693\" data-postid=\"7693\" class=\"themify_builder_content themify_builder_content-7693 themify_builder\">\n    <\/div>\n<!-- \/themify_builder_content -->\n","protected":false},"excerpt":{"rendered":"<p>\u2022 Antigrippant de cuivre de premi\u00e8re qualit\u00e9<br \/>\n\u2022 Forte teneur de flocons microfins de cuivre dans une graisse porteuse semi-synth\u00e9tique \u2022 Conducteur<br \/>\n\u2022 Facilite l\u2019assemblage et le d\u00e9montage des pi\u00e8ces m\u00e9talliques<br \/>\n\u2022 Emp\u00eache l\u2019\u00e9raillure pendant l\u2019assemblage<br \/>\n\u2022 Combat la rouille, le soudage \u00e0 froid et la corrosion galvanique entre les<br \/>\npi\u00e8ces assembl\u00e9es<br \/>\n\u2022 R\u00e9siste \u00e0 une temp\u00e9rature jusqu\u2019\u00e0 982\u00b0C (1800\u00b0F) \u2022 USA Mil-Spec 907E<br \/>\nFabriqu\u00e9 par Permatex<\/p>\n","protected":false},"featured_media":7692,"comment_status":"open","ping_status":"closed","template":"","meta":[],"product_brand":[],"product_cat":[427],"product_tag":[180,189,177],"class_list":{"0":"post-7693","1":"product","2":"type-product","3":"status-publish","4":"has-post-thumbnail","6":"product_cat-silicones-et-adhesifs","7":"product_tag-automotive-fr","8":"product_tag-fournitures-datelier","9":"product_tag-pieces-dautos","10":"has-post-title","11":"has-post-date","12":"has-post-category","13":"has-post-tag","14":"has-post-comment","15":"has-post-author","16":"","17":"fullcover","19":"first","20":"instock","21":"taxable","22":"shipping-taxable","23":"purchasable","24":"product-type-variable"},"jetpack_sharing_enabled":true,"builder_content":"","_links":{"self":[{"href":"https:\/\/fittingsgo.com\/fr\/wp-json\/wp\/v2\/product\/7693","targetHints":{"allow":["GET"]}}],"collection":[{"href":"https:\/\/fittingsgo.com\/fr\/wp-json\/wp\/v2\/product"}],"about":[{"href":"https:\/\/fittingsgo.com\/fr\/wp-json\/wp\/v2\/types\/product"}],"replies":[{"embeddable":true,"href":"https:\/\/fittingsgo.com\/fr\/wp-json\/wp\/v2\/comments?post=7693"}],"wp:featuredmedia":[{"embeddable":true,"href":"https:\/\/fittingsgo.com\/fr\/wp-json\/wp\/v2\/media\/7692"}],"wp:attachment":[{"href":"https:\/\/fittingsgo.com\/fr\/wp-json\/wp\/v2\/media?parent=7693"}],"wp:term":[{"taxonomy":"product_brand","embeddable":true,"href":"https:\/\/fittingsgo.com\/fr\/wp-json\/wp\/v2\/product_brand?post=7693"},{"taxonomy":"product_cat","embeddable":true,"href":"https:\/\/fittingsgo.com\/fr\/wp-json\/wp\/v2\/product_cat?post=7693"},{"taxonomy":"product_tag","embeddable":true,"href":"https:\/\/fittingsgo.com\/fr\/wp-json\/wp\/v2\/product_tag?post=7693"}],"curies":[{"name":"wp","href":"https:\/\/api.w.org\/{rel}","templated":true}]}}