{"id":7682,"date":"2019-10-10T21:53:52","date_gmt":"2019-10-11T02:53:52","guid":{"rendered":"https:\/\/fittingsgo.com\/product\/antigrippant-argent-permatex\/"},"modified":"2019-10-10T22:03:42","modified_gmt":"2019-10-11T03:03:42","slug":"antigrippant-argent-permatex","status":"publish","type":"product","link":"https:\/\/fittingsgo.com\/fr\/produit\/antigrippant-argent-permatex\/","title":{"rendered":"Antigrippant Argent Permatex"},"content":{"rendered":"<p>Pr\u00e9vient l\u2019\u00e9raillage des filets dans le syst\u00e8me d\u2019\u00e9chappement, des bougies d\u2019allumage, \u00e9triers filet\u00e9s, boulons \u00e0 ressort, tiges de torsion<br \/>\net autres applications automobiles et marines semblables.<br \/>\n19975, 76762, 76765, 76764<\/p>\n<div id=\"themify_builder_content-7682\" data-postid=\"7682\" class=\"themify_builder_content themify_builder_content-7682 themify_builder\">\n    <\/div>\n<!-- \/themify_builder_content -->\n","protected":false},"excerpt":{"rendered":"<p>\u2022 M\u00e9lange hautement raffin\u00e9 d\u2019aluminium, de cuivre et de graphite<br \/>\n\u2022 S\u2019utilise pour faciliter le montage et le d\u00e9montage des pi\u00e8ces en m\u00e9tal \u2022 Pr\u00e9vient l\u2019\u00e9raillure pendant l\u2019assemblage<br \/>\n\u2022 Facilite le d\u00e9montage des pi\u00e8ces soumises \u00e0 de hautes temp\u00e9ratures \u2022 Pr\u00e9vient la formation de rouille, le grippage \u00e0 froid et la corrosion<br \/>\ngalvanique entre les pi\u00e8ces assembl\u00e9es<br \/>\n\u2022 R\u00e9siste \u00e0 la plupart des solutions chimiques et acides, au sel routier,<br \/>\n\u00e0 l\u2019eau sal\u00e9e, \u00e0 la vapeur<br \/>\n\u2022 Temp\u00e9rature de service : -54\u00b0C \u00e0 870\u00b0C (-65\u00b0F \u00e0 1600\u00b0F) \u2022 USA Mil-Spec 907E (sauf l\u2019a\u00e9rosol)<\/p>\n","protected":false},"featured_media":7681,"comment_status":"open","ping_status":"closed","template":"","meta":[],"product_brand":[],"product_cat":[427],"product_tag":[180,189,177],"class_list":{"0":"post-7682","1":"product","2":"type-product","3":"status-publish","4":"has-post-thumbnail","6":"product_cat-silicones-et-adhesifs","7":"product_tag-automotive-fr","8":"product_tag-fournitures-datelier","9":"product_tag-pieces-dautos","10":"has-post-title","11":"has-post-date","12":"has-post-category","13":"has-post-tag","14":"has-post-comment","15":"has-post-author","16":"","17":"fullcover","19":"first","20":"instock","21":"taxable","22":"shipping-taxable","23":"purchasable","24":"product-type-variable"},"jetpack_sharing_enabled":true,"builder_content":"","_links":{"self":[{"href":"https:\/\/fittingsgo.com\/fr\/wp-json\/wp\/v2\/product\/7682","targetHints":{"allow":["GET"]}}],"collection":[{"href":"https:\/\/fittingsgo.com\/fr\/wp-json\/wp\/v2\/product"}],"about":[{"href":"https:\/\/fittingsgo.com\/fr\/wp-json\/wp\/v2\/types\/product"}],"replies":[{"embeddable":true,"href":"https:\/\/fittingsgo.com\/fr\/wp-json\/wp\/v2\/comments?post=7682"}],"wp:featuredmedia":[{"embeddable":true,"href":"https:\/\/fittingsgo.com\/fr\/wp-json\/wp\/v2\/media\/7681"}],"wp:attachment":[{"href":"https:\/\/fittingsgo.com\/fr\/wp-json\/wp\/v2\/media?parent=7682"}],"wp:term":[{"taxonomy":"product_brand","embeddable":true,"href":"https:\/\/fittingsgo.com\/fr\/wp-json\/wp\/v2\/product_brand?post=7682"},{"taxonomy":"product_cat","embeddable":true,"href":"https:\/\/fittingsgo.com\/fr\/wp-json\/wp\/v2\/product_cat?post=7682"},{"taxonomy":"product_tag","embeddable":true,"href":"https:\/\/fittingsgo.com\/fr\/wp-json\/wp\/v2\/product_tag?post=7682"}],"curies":[{"name":"wp","href":"https:\/\/api.w.org\/{rel}","templated":true}]}}