{"id":7670,"date":"2019-10-09T21:04:34","date_gmt":"2019-10-10T02:04:34","guid":{"rendered":"https:\/\/fittingsgo.com\/product\/peinture-noir-de-garniture\/"},"modified":"2025-05-15T09:39:27","modified_gmt":"2025-05-15T14:39:27","slug":"peinture-noir-de-garniture","status":"publish","type":"product","link":"https:\/\/fittingsgo.com\/fr\/produit\/peinture-noir-de-garniture\/","title":{"rendered":"Peinture noir de garniture"},"content":{"rendered":"<p>&#8211; Excellente adh\u00e9rence et durabilit\u00e9<br \/>\n&#8211; Aucun appr\u00eat requis<br \/>\n&#8211; Correspond \u00e0 l&#8217;apparence OEM<br \/>\n&#8211; conserve la flexibilit\u00e9<br \/>\n&#8211; Grande couverture<br \/>\n39143<\/p>\n<div id=\"themify_builder_content-7670\" data-postid=\"7670\" class=\"themify_builder_content themify_builder_content-7670 themify_builder\">\n    <\/div>\n<!-- \/themify_builder_content -->\n","protected":false},"excerpt":{"rendered":"<p>Trim Black est un rev\u00eatement acrylique formul\u00e9 pour correspondre \u00e0 la finition OEM des composants de garniture automobile. Pour utilisation sur plastique, aluminium, acier, acier inoxydable et chrome.<br \/>\nFabriqu\u00e9 par SEM<\/p>\n","protected":false},"featured_media":7669,"comment_status":"open","ping_status":"closed","template":"","meta":[],"product_brand":[],"product_cat":[326],"product_tag":[],"class_list":{"0":"post-7670","1":"product","2":"type-product","3":"status-publish","4":"has-post-thumbnail","6":"product_cat-peintures-apprets-etc","7":"has-post-title","8":"has-post-date","9":"has-post-category","10":"has-post-tag","11":"has-post-comment","12":"has-post-author","13":"","14":"fullcover","16":"first","17":"outofstock","18":"taxable","19":"shipping-taxable","20":"purchasable","21":"product-type-simple"},"jetpack_sharing_enabled":true,"builder_content":"","_links":{"self":[{"href":"https:\/\/fittingsgo.com\/fr\/wp-json\/wp\/v2\/product\/7670","targetHints":{"allow":["GET"]}}],"collection":[{"href":"https:\/\/fittingsgo.com\/fr\/wp-json\/wp\/v2\/product"}],"about":[{"href":"https:\/\/fittingsgo.com\/fr\/wp-json\/wp\/v2\/types\/product"}],"replies":[{"embeddable":true,"href":"https:\/\/fittingsgo.com\/fr\/wp-json\/wp\/v2\/comments?post=7670"}],"wp:featuredmedia":[{"embeddable":true,"href":"https:\/\/fittingsgo.com\/fr\/wp-json\/wp\/v2\/media\/7669"}],"wp:attachment":[{"href":"https:\/\/fittingsgo.com\/fr\/wp-json\/wp\/v2\/media?parent=7670"}],"wp:term":[{"taxonomy":"product_brand","embeddable":true,"href":"https:\/\/fittingsgo.com\/fr\/wp-json\/wp\/v2\/product_brand?post=7670"},{"taxonomy":"product_cat","embeddable":true,"href":"https:\/\/fittingsgo.com\/fr\/wp-json\/wp\/v2\/product_cat?post=7670"},{"taxonomy":"product_tag","embeddable":true,"href":"https:\/\/fittingsgo.com\/fr\/wp-json\/wp\/v2\/product_tag?post=7670"}],"curies":[{"name":"wp","href":"https:\/\/api.w.org\/{rel}","templated":true}]}}