{"id":7665,"date":"2019-10-08T21:36:23","date_gmt":"2019-10-09T02:36:23","guid":{"rendered":"https:\/\/fittingsgo.com\/product\/scellant-adhesif-high-tack-spray-a-gasket\/"},"modified":"2019-10-08T21:39:45","modified_gmt":"2019-10-09T02:39:45","slug":"scellant-adhesif-high-tack-spray-a-gasket","status":"publish","type":"product","link":"https:\/\/fittingsgo.com\/fr\/produit\/scellant-adhesif-high-tack-spray-a-gasket\/","title":{"rendered":"Scellant adh\u00e9sif High Tack Spray-A-Gasket"},"content":{"rendered":"<p>\u2022 Adh\u00e9sif-scellant tout usage \u00e0 s\u00e9chage rapide<br \/>\n\u2022 P\u00e2te poisseuse pour tenir les joints pr\u00e9coup\u00e9s en place pendant l\u2019assemblage<br \/>\n\u2022 R\u00e9siste \u00e0 l\u2019essence, \u00e0 l\u2019huile, \u00e0 l\u2019antigel, au k\u00e9ros\u00e8ne, au propane, au<br \/>\nbutane et aux liquides d\u2019essieux<br \/>\n\u2022 Temp\u00e9rature de service : -54\u00b0C \u00e0 260\u00b0C (-65\u00b0F \u00e0 500\u00b0F)<br \/>\n80546<\/p>\n<div id=\"themify_builder_content-7665\" data-postid=\"7665\" class=\"themify_builder_content themify_builder_content-7665 themify_builder\">\n    <\/div>\n<!-- \/themify_builder_content -->\n","protected":false},"excerpt":{"rendered":"<p>Scelle joints en caoutchouc, li\u00e8ge, papier ou mat\u00e9riaux agglom\u00e9r\u00e9s. S\u2019utilise aussi pour fixer les disques de pon\u00e7age et comme adh\u00e9sif tout usage.<br \/>\nFabriqu\u00e9 par Permatex<\/p>\n","protected":false},"featured_media":7664,"comment_status":"open","ping_status":"closed","template":"","meta":[],"product_brand":[],"product_cat":[427],"product_tag":[180,189,177],"class_list":{"0":"post-7665","1":"product","2":"type-product","3":"status-publish","4":"has-post-thumbnail","6":"product_cat-silicones-et-adhesifs","7":"product_tag-automotive-fr","8":"product_tag-fournitures-datelier","9":"product_tag-pieces-dautos","10":"has-post-title","11":"has-post-date","12":"has-post-category","13":"has-post-tag","14":"has-post-comment","15":"has-post-author","16":"","17":"fullcover","19":"first","20":"instock","21":"taxable","22":"shipping-taxable","23":"purchasable","24":"product-type-simple"},"jetpack_sharing_enabled":true,"builder_content":"","_links":{"self":[{"href":"https:\/\/fittingsgo.com\/fr\/wp-json\/wp\/v2\/product\/7665","targetHints":{"allow":["GET"]}}],"collection":[{"href":"https:\/\/fittingsgo.com\/fr\/wp-json\/wp\/v2\/product"}],"about":[{"href":"https:\/\/fittingsgo.com\/fr\/wp-json\/wp\/v2\/types\/product"}],"replies":[{"embeddable":true,"href":"https:\/\/fittingsgo.com\/fr\/wp-json\/wp\/v2\/comments?post=7665"}],"wp:featuredmedia":[{"embeddable":true,"href":"https:\/\/fittingsgo.com\/fr\/wp-json\/wp\/v2\/media\/7664"}],"wp:attachment":[{"href":"https:\/\/fittingsgo.com\/fr\/wp-json\/wp\/v2\/media?parent=7665"}],"wp:term":[{"taxonomy":"product_brand","embeddable":true,"href":"https:\/\/fittingsgo.com\/fr\/wp-json\/wp\/v2\/product_brand?post=7665"},{"taxonomy":"product_cat","embeddable":true,"href":"https:\/\/fittingsgo.com\/fr\/wp-json\/wp\/v2\/product_cat?post=7665"},{"taxonomy":"product_tag","embeddable":true,"href":"https:\/\/fittingsgo.com\/fr\/wp-json\/wp\/v2\/product_tag?post=7665"}],"curies":[{"name":"wp","href":"https:\/\/api.w.org\/{rel}","templated":true}]}}