{"id":7649,"date":"2019-10-08T21:19:39","date_gmt":"2019-10-09T02:19:39","guid":{"rendered":"https:\/\/fittingsgo.com\/product\/colliers-pour-cable-isoles-en-caoutchouc\/"},"modified":"2020-09-07T22:10:47","modified_gmt":"2020-09-08T03:10:47","slug":"colliers-aluminium-pour-cable-isoles-en-caoutchouc","status":"publish","type":"product","link":"https:\/\/fittingsgo.com\/fr\/produit\/colliers-aluminium-pour-cable-isoles-en-caoutchouc\/","title":{"rendered":"Colliers aluminium pour c\u00e2ble isol\u00e9s en caoutchouc"},"content":{"rendered":"<p>S\u00e9curise tous les types de c\u00e2blage sur la carrosserie ou le ch\u00e2ssis de tout \u00e9quipement mobile. Le coussin en n\u00e9opr\u00e8ne souple maintient les lignes fermement tout en les prot\u00e9geant des chocs, de l&#8217;abrasion et des vibrations.<br \/>\n7314-PK 7315-PK, 7316-PK, 7317-PK, 7318-PK, 7319-PK, 7320-PK, 7321-PK, 7322-PK, 7323-PK, 7324-PK, 7326-PK, 7327-PK, 7328-PK, 7329-PK, 7330-PK, 7314PK 7315PK, 7316PK, 7317PK, 7318PK, 7319PK, 7320PK, 7321PK, 7322PK, 7323PK, 7324PK, 7326PK, 7327PK, 7328PK, 7329PK, 7330PK<\/p>\n<div id=\"themify_builder_content-7649\" data-postid=\"7649\" class=\"themify_builder_content themify_builder_content-7649 themify_builder\">\n    <\/div>\n<!-- \/themify_builder_content -->\n","protected":false},"excerpt":{"rendered":"<p>MATERIAU: Aluminium, CAOUTCHOUC EPDM<br \/>\nTROU DE MONTAGE: 1\/4 po (6.35 MM)<br \/>\nTEMP\u00c9RATURE \u00b0 C: -40 \u00c0 100<br \/>\nTEMP\u00c9RATURE \u00b0 F: -40 \u00c0 212<br \/>\n\u00c9PAISSEUR: COUSSIN: 0.07 po (1.8 MM)<br \/>\nLARGEUR: 1\/2 po (12.7 MM)<br \/>\nFabriqu\u00e9 par Pico<\/p>\n","protected":false},"featured_media":7648,"comment_status":"open","ping_status":"closed","template":"","meta":[],"product_brand":[],"product_cat":[268],"product_tag":[180,337,177],"class_list":{"0":"post-7649","1":"product","2":"type-product","3":"status-publish","4":"has-post-thumbnail","6":"product_cat-collets","7":"product_tag-automotive-fr","8":"product_tag-fitting-fr","9":"product_tag-pieces-dautos","10":"has-post-title","11":"has-post-date","12":"has-post-category","13":"has-post-tag","14":"has-post-comment","15":"has-post-author","16":"","17":"fullcover","19":"first","20":"instock","21":"taxable","22":"shipping-taxable","23":"purchasable","24":"product-type-variable"},"jetpack_sharing_enabled":true,"builder_content":"","_links":{"self":[{"href":"https:\/\/fittingsgo.com\/fr\/wp-json\/wp\/v2\/product\/7649","targetHints":{"allow":["GET"]}}],"collection":[{"href":"https:\/\/fittingsgo.com\/fr\/wp-json\/wp\/v2\/product"}],"about":[{"href":"https:\/\/fittingsgo.com\/fr\/wp-json\/wp\/v2\/types\/product"}],"replies":[{"embeddable":true,"href":"https:\/\/fittingsgo.com\/fr\/wp-json\/wp\/v2\/comments?post=7649"}],"wp:featuredmedia":[{"embeddable":true,"href":"https:\/\/fittingsgo.com\/fr\/wp-json\/wp\/v2\/media\/7648"}],"wp:attachment":[{"href":"https:\/\/fittingsgo.com\/fr\/wp-json\/wp\/v2\/media?parent=7649"}],"wp:term":[{"taxonomy":"product_brand","embeddable":true,"href":"https:\/\/fittingsgo.com\/fr\/wp-json\/wp\/v2\/product_brand?post=7649"},{"taxonomy":"product_cat","embeddable":true,"href":"https:\/\/fittingsgo.com\/fr\/wp-json\/wp\/v2\/product_cat?post=7649"},{"taxonomy":"product_tag","embeddable":true,"href":"https:\/\/fittingsgo.com\/fr\/wp-json\/wp\/v2\/product_tag?post=7649"}],"curies":[{"name":"wp","href":"https:\/\/api.w.org\/{rel}","templated":true}]}}