{"id":7624,"date":"2019-10-08T20:43:08","date_gmt":"2019-10-09T01:43:08","guid":{"rendered":"https:\/\/fittingsgo.com\/product\/peinture-etrier\/"},"modified":"2026-04-19T16:10:13","modified_gmt":"2026-04-19T21:10:13","slug":"peinture-etrier","status":"publish","type":"product","link":"https:\/\/fittingsgo.com\/fr\/produit\/peinture-etrier\/","title":{"rendered":"Peinture d&#8217;\u00e9trier"},"content":{"rendered":"<p>La peinture d&#8217;\u00e9trier VHT a \u00e9t\u00e9 sp\u00e9cialement con\u00e7ue pour la personnalisation des composants de freins. Il r\u00e9siste \u00e0 la chaleur jusqu&#8217;\u00e0 482\u00b0C et ne craquera pas, ne se fissurera pas, ne se d\u00e9colorera pas et ne rouillera pas, m\u00eame dans des conditions de fonctionnement extr\u00eames, de la route ou des conditions m\u00e9t\u00e9orologiques. Il est facile \u00e0 appliquer, s\u00e8che rapidement et est remarquablement r\u00e9sistant. Une pr\u00e9paration minutieuse est essentielle.<br \/>\nDurcisseur Caliper Paint<br \/>\nLa peinture d&#8217;\u00e9trier VHT n&#8217;atteint ses propri\u00e9t\u00e9s uniques qu&#8217;apr\u00e8s un m\u00fbrissement correct.<br \/>\n\u2022 Cuire \u00e0 93\u00b0C pendant 60 minutes.<br \/>\n\u2022 La chaleur inh\u00e9rente au freinage assurera \u00e9galement le durcissement.<\/p>\n<div id=\"themify_builder_content-7624\" data-postid=\"7624\" class=\"themify_builder_content themify_builder_content-7624 themify_builder\">\n    <\/div>\n<!-- \/themify_builder_content -->\n","protected":false},"excerpt":{"rendered":"<p>Temp\u00e9rature: 482\u00b0C (intermittent)<br \/>\nApplications: \u00c9triers de frein, rotors, tambours de frein<br \/>\nFinition: Satin et Gloss<br \/>\nTemps de s\u00e9chage: S\u00e8che au toucher en 30 minutes. S\u00e8che compl\u00e8tement pendant la nuit.<br \/>\nFabriqu\u00e9 par VHT<\/p>\n","protected":false},"featured_media":7605,"comment_status":"open","ping_status":"closed","template":"","meta":[],"product_brand":[],"product_cat":[326],"product_tag":[180,177],"class_list":{"0":"post-7624","1":"product","2":"type-product","3":"status-publish","4":"has-post-thumbnail","6":"product_cat-peintures-apprets-etc","7":"product_tag-automotive-fr","8":"product_tag-pieces-dautos","9":"has-post-title","10":"has-post-date","11":"has-post-category","12":"has-post-tag","13":"has-post-comment","14":"has-post-author","15":"","16":"fullcover","18":"first","19":"outofstock","20":"taxable","21":"shipping-taxable","22":"purchasable","23":"product-type-variable"},"jetpack_sharing_enabled":true,"builder_content":"","_links":{"self":[{"href":"https:\/\/fittingsgo.com\/fr\/wp-json\/wp\/v2\/product\/7624","targetHints":{"allow":["GET"]}}],"collection":[{"href":"https:\/\/fittingsgo.com\/fr\/wp-json\/wp\/v2\/product"}],"about":[{"href":"https:\/\/fittingsgo.com\/fr\/wp-json\/wp\/v2\/types\/product"}],"replies":[{"embeddable":true,"href":"https:\/\/fittingsgo.com\/fr\/wp-json\/wp\/v2\/comments?post=7624"}],"wp:featuredmedia":[{"embeddable":true,"href":"https:\/\/fittingsgo.com\/fr\/wp-json\/wp\/v2\/media\/7605"}],"wp:attachment":[{"href":"https:\/\/fittingsgo.com\/fr\/wp-json\/wp\/v2\/media?parent=7624"}],"wp:term":[{"taxonomy":"product_brand","embeddable":true,"href":"https:\/\/fittingsgo.com\/fr\/wp-json\/wp\/v2\/product_brand?post=7624"},{"taxonomy":"product_cat","embeddable":true,"href":"https:\/\/fittingsgo.com\/fr\/wp-json\/wp\/v2\/product_cat?post=7624"},{"taxonomy":"product_tag","embeddable":true,"href":"https:\/\/fittingsgo.com\/fr\/wp-json\/wp\/v2\/product_tag?post=7624"}],"curies":[{"name":"wp","href":"https:\/\/api.w.org\/{rel}","templated":true}]}}