{"id":7593,"date":"2019-10-08T20:04:50","date_gmt":"2019-10-09T01:04:50","guid":{"rendered":"https:\/\/fittingsgo.com\/product\/assistance-de-ressort-de-bras-dessuie-glace\/"},"modified":"2023-02-13T08:48:41","modified_gmt":"2023-02-13T13:48:41","slug":"assistance-de-ressort-de-bras-dessuie-glace","status":"publish","type":"product","link":"https:\/\/fittingsgo.com\/fr\/produit\/assistance-de-ressort-de-bras-dessuie-glace\/","title":{"rendered":"Assistance de ressort de bras d&#8217;essuie-glace"},"content":{"rendered":"<p>Les ressorts de bras d&#8217;essuie-glace pour pare-brise Dorman sont con\u00e7us pour ajouter de la tension au bras d&#8217;essuie-glace et assurer un meilleur contact entre les balais d&#8217;essuie-glace et le pare-brise. Nos ressorts de bras d&#8217;essuie-glace de remplacement direct sont con\u00e7us pour durer et r\u00e9tablir l&#8217;efficacit\u00e9 du syst\u00e8me d&#8217;essuie-glace et, surtout, votre vision de la route.<br \/>\n926-766, 926766<\/p>\n<div id=\"themify_builder_content-7593\" data-postid=\"7593\" class=\"themify_builder_content themify_builder_content-7593 themify_builder\">\n    <\/div>\n<!-- \/themify_builder_content -->\n","protected":false},"excerpt":{"rendered":"<p>Largeur maximale: 0.875 po<br \/>\nContenu de l&#8217;emballage: 2 aides de ressort de bras d&#8217;essuie-glace<br \/>\nFabriqu\u00e9 par Dorman<\/p>\n","protected":false},"featured_media":7590,"comment_status":"open","ping_status":"closed","template":"","meta":[],"product_brand":[],"product_cat":[343],"product_tag":[180,189,177],"class_list":{"0":"post-7593","1":"product","2":"type-product","3":"status-publish","4":"has-post-thumbnail","6":"product_cat-pieces-de-lave-glace","7":"product_tag-automotive-fr","8":"product_tag-fournitures-datelier","9":"product_tag-pieces-dautos","10":"has-post-title","11":"has-post-date","12":"has-post-category","13":"has-post-tag","14":"has-post-comment","15":"has-post-author","16":"","17":"fullcover","19":"first","20":"instock","21":"taxable","22":"shipping-taxable","23":"purchasable","24":"product-type-simple"},"jetpack_sharing_enabled":true,"builder_content":"","_links":{"self":[{"href":"https:\/\/fittingsgo.com\/fr\/wp-json\/wp\/v2\/product\/7593","targetHints":{"allow":["GET"]}}],"collection":[{"href":"https:\/\/fittingsgo.com\/fr\/wp-json\/wp\/v2\/product"}],"about":[{"href":"https:\/\/fittingsgo.com\/fr\/wp-json\/wp\/v2\/types\/product"}],"replies":[{"embeddable":true,"href":"https:\/\/fittingsgo.com\/fr\/wp-json\/wp\/v2\/comments?post=7593"}],"wp:featuredmedia":[{"embeddable":true,"href":"https:\/\/fittingsgo.com\/fr\/wp-json\/wp\/v2\/media\/7590"}],"wp:attachment":[{"href":"https:\/\/fittingsgo.com\/fr\/wp-json\/wp\/v2\/media?parent=7593"}],"wp:term":[{"taxonomy":"product_brand","embeddable":true,"href":"https:\/\/fittingsgo.com\/fr\/wp-json\/wp\/v2\/product_brand?post=7593"},{"taxonomy":"product_cat","embeddable":true,"href":"https:\/\/fittingsgo.com\/fr\/wp-json\/wp\/v2\/product_cat?post=7593"},{"taxonomy":"product_tag","embeddable":true,"href":"https:\/\/fittingsgo.com\/fr\/wp-json\/wp\/v2\/product_tag?post=7593"}],"curies":[{"name":"wp","href":"https:\/\/api.w.org\/{rel}","templated":true}]}}