{"id":7570,"date":"2019-10-07T21:13:43","date_gmt":"2019-10-08T02:13:43","guid":{"rendered":"https:\/\/fittingsgo.com\/product\/colliers-pour-c\/"},"modified":"2020-05-13T21:17:07","modified_gmt":"2020-05-14T02:17:07","slug":"colliers-pour-c","status":"publish","type":"product","link":"https:\/\/fittingsgo.com\/fr\/produit\/colliers-pour-c\/","title":{"rendered":"Colliers pour c\u00e2ble en vinyle"},"content":{"rendered":"<p>S\u00e9curise tout type de c\u00e2blage \u00e0 la carrosserie ou au ch\u00e2ssis de tout \u00e9quipement mobile. Un coussin en n\u00e9opr\u00e8ne flexible retient fermement les conduits tout en les prot\u00e9geant contre les chocs, l&#8217;abrasion et les vibrations.<br \/>\n7614-34, 7615-34, 7616-34, 7618-34, 7620-34, 7622-34, 7624-34, 7627-34, 761434, 761534, 761634, 761834, 762034, 762234, 762434, 762734<\/p>\n<div id=\"themify_builder_content-7570\" data-postid=\"7570\" class=\"themify_builder_content themify_builder_content-7570 themify_builder\">\n    <\/div>\n<!-- \/themify_builder_content -->\n","protected":false},"excerpt":{"rendered":"<p>Colliers pour c\u00e2ble tremp\u00e9 dans le vinyle.<br \/>\nLargeur du m\u00e9tal: 1\/2 po<br \/>\nTrou de montage: 1\/4 po<br \/>\nFabriqu\u00e9 par Pico<\/p>\n","protected":false},"featured_media":7569,"comment_status":"open","ping_status":"closed","template":"","meta":[],"product_brand":[],"product_cat":[268],"product_tag":[180,337,189,177],"class_list":{"0":"post-7570","1":"product","2":"type-product","3":"status-publish","4":"has-post-thumbnail","6":"product_cat-collets","7":"product_tag-automotive-fr","8":"product_tag-fitting-fr","9":"product_tag-fournitures-datelier","10":"product_tag-pieces-dautos","11":"has-post-title","12":"has-post-date","13":"has-post-category","14":"has-post-tag","15":"has-post-comment","16":"has-post-author","17":"","18":"fullcover","20":"first","21":"instock","22":"taxable","23":"shipping-taxable","24":"purchasable","25":"product-type-variable"},"jetpack_sharing_enabled":true,"builder_content":"","_links":{"self":[{"href":"https:\/\/fittingsgo.com\/fr\/wp-json\/wp\/v2\/product\/7570","targetHints":{"allow":["GET"]}}],"collection":[{"href":"https:\/\/fittingsgo.com\/fr\/wp-json\/wp\/v2\/product"}],"about":[{"href":"https:\/\/fittingsgo.com\/fr\/wp-json\/wp\/v2\/types\/product"}],"replies":[{"embeddable":true,"href":"https:\/\/fittingsgo.com\/fr\/wp-json\/wp\/v2\/comments?post=7570"}],"wp:featuredmedia":[{"embeddable":true,"href":"https:\/\/fittingsgo.com\/fr\/wp-json\/wp\/v2\/media\/7569"}],"wp:attachment":[{"href":"https:\/\/fittingsgo.com\/fr\/wp-json\/wp\/v2\/media?parent=7570"}],"wp:term":[{"taxonomy":"product_brand","embeddable":true,"href":"https:\/\/fittingsgo.com\/fr\/wp-json\/wp\/v2\/product_brand?post=7570"},{"taxonomy":"product_cat","embeddable":true,"href":"https:\/\/fittingsgo.com\/fr\/wp-json\/wp\/v2\/product_cat?post=7570"},{"taxonomy":"product_tag","embeddable":true,"href":"https:\/\/fittingsgo.com\/fr\/wp-json\/wp\/v2\/product_tag?post=7570"}],"curies":[{"name":"wp","href":"https:\/\/api.w.org\/{rel}","templated":true}]}}