{"id":7556,"date":"2019-10-06T21:59:55","date_gmt":"2019-10-07T02:59:55","guid":{"rendered":"https:\/\/fittingsgo.com\/product\/jb-weld-fr\/"},"modified":"2020-08-26T21:27:15","modified_gmt":"2020-08-27T02:27:15","slug":"jb-weld-fr","status":"publish","type":"product","link":"https:\/\/fittingsgo.com\/fr\/produit\/jb-weld-fr\/","title":{"rendered":"JB Weld"},"content":{"rendered":"<p>8265S, 8265-S, 9035-E, 9035E, 8276CAN<\/p>\n<div id=\"themify_builder_content-7556\" data-postid=\"7556\" class=\"themify_builder_content themify_builder_content-7556 themify_builder\">\n    <\/div>\n<!-- \/themify_builder_content -->\n","protected":false},"excerpt":{"rendered":"<p>JB Weld est emball\u00e9 dans 2 tubes. L&#8217;un contient de l&#8217;acier liquide \/ r\u00e9sine \u00e9poxy et l&#8217;autre, un durcisseur. Lorsqu&#8217;ils sont m\u00e9lang\u00e9s, une r\u00e9action chimique se produit, transformant le m\u00e9lange en un compos\u00e9 aussi dur que l&#8217;acier. Il peut \u00eatre form\u00e9, perc\u00e9, taraud\u00e9, usin\u00e9, rempli, ponc\u00e9 et peint. R\u00e9sistant au p\u00e9trole, aux produits chimiques et aux acides. Imperm\u00e9able et non toxique.<\/p>\n","protected":false},"featured_media":7555,"comment_status":"open","ping_status":"closed","template":"","meta":[],"product_brand":[],"product_cat":[427],"product_tag":[180,189,177],"class_list":{"0":"post-7556","1":"product","2":"type-product","3":"status-publish","4":"has-post-thumbnail","6":"product_cat-silicones-et-adhesifs","7":"product_tag-automotive-fr","8":"product_tag-fournitures-datelier","9":"product_tag-pieces-dautos","10":"has-post-title","11":"has-post-date","12":"has-post-category","13":"has-post-tag","14":"has-post-comment","15":"has-post-author","16":"","17":"fullcover","19":"first","20":"instock","21":"taxable","22":"shipping-taxable","23":"purchasable","24":"product-type-simple"},"jetpack_sharing_enabled":true,"builder_content":"","_links":{"self":[{"href":"https:\/\/fittingsgo.com\/fr\/wp-json\/wp\/v2\/product\/7556","targetHints":{"allow":["GET"]}}],"collection":[{"href":"https:\/\/fittingsgo.com\/fr\/wp-json\/wp\/v2\/product"}],"about":[{"href":"https:\/\/fittingsgo.com\/fr\/wp-json\/wp\/v2\/types\/product"}],"replies":[{"embeddable":true,"href":"https:\/\/fittingsgo.com\/fr\/wp-json\/wp\/v2\/comments?post=7556"}],"wp:featuredmedia":[{"embeddable":true,"href":"https:\/\/fittingsgo.com\/fr\/wp-json\/wp\/v2\/media\/7555"}],"wp:attachment":[{"href":"https:\/\/fittingsgo.com\/fr\/wp-json\/wp\/v2\/media?parent=7556"}],"wp:term":[{"taxonomy":"product_brand","embeddable":true,"href":"https:\/\/fittingsgo.com\/fr\/wp-json\/wp\/v2\/product_brand?post=7556"},{"taxonomy":"product_cat","embeddable":true,"href":"https:\/\/fittingsgo.com\/fr\/wp-json\/wp\/v2\/product_cat?post=7556"},{"taxonomy":"product_tag","embeddable":true,"href":"https:\/\/fittingsgo.com\/fr\/wp-json\/wp\/v2\/product_tag?post=7556"}],"curies":[{"name":"wp","href":"https:\/\/api.w.org\/{rel}","templated":true}]}}