{"id":7552,"date":"2019-10-06T21:41:27","date_gmt":"2019-10-07T02:41:27","guid":{"rendered":"https:\/\/fittingsgo.com\/product\/connecteur-de-tuyau-de-transmission\/"},"modified":"2020-05-04T21:17:09","modified_gmt":"2020-05-05T02:17:09","slug":"connecteur-de-tuyau-de-transmission","status":"publish","type":"product","link":"https:\/\/fittingsgo.com\/fr\/produit\/connecteur-de-tuyau-de-transmission\/","title":{"rendered":"Connecteur de tuyau de transmission"},"content":{"rendered":"<p>Interchange: 800-755, 800755, 08637742<\/p>\n<div id=\"themify_builder_content-7552\" data-postid=\"7552\" class=\"themify_builder_content themify_builder_content-7552 themify_builder\">\n    <\/div>\n<!-- \/themify_builder_content -->\n","protected":false},"excerpt":{"rendered":"<p>C\u00f4t\u00e9 femelle: 1\/2 po double flare<br \/>\nC\u00f4t\u00e9 m\u00e2le: 1\/4 po NPT droit (sans \u00eatre flar\u00e9)<br \/>\nFabriqu\u00e9 par Dorman<\/p>\n","protected":false},"featured_media":7547,"comment_status":"open","ping_status":"closed","template":"","meta":[],"product_brand":[],"product_cat":[639],"product_tag":[180,337,189,177],"class_list":{"0":"post-7552","1":"product","2":"type-product","3":"status-publish","4":"has-post-thumbnail","6":"product_cat-raccords-de-transmission-et-lignes-de-reparation","7":"product_tag-automotive-fr","8":"product_tag-fitting-fr","9":"product_tag-fournitures-datelier","10":"product_tag-pieces-dautos","11":"has-post-title","12":"has-post-date","13":"has-post-category","14":"has-post-tag","15":"has-post-comment","16":"has-post-author","17":"","18":"fullcover","20":"first","21":"instock","22":"taxable","23":"shipping-taxable","24":"purchasable","25":"product-type-simple"},"jetpack_sharing_enabled":true,"builder_content":"","_links":{"self":[{"href":"https:\/\/fittingsgo.com\/fr\/wp-json\/wp\/v2\/product\/7552","targetHints":{"allow":["GET"]}}],"collection":[{"href":"https:\/\/fittingsgo.com\/fr\/wp-json\/wp\/v2\/product"}],"about":[{"href":"https:\/\/fittingsgo.com\/fr\/wp-json\/wp\/v2\/types\/product"}],"replies":[{"embeddable":true,"href":"https:\/\/fittingsgo.com\/fr\/wp-json\/wp\/v2\/comments?post=7552"}],"wp:featuredmedia":[{"embeddable":true,"href":"https:\/\/fittingsgo.com\/fr\/wp-json\/wp\/v2\/media\/7547"}],"wp:attachment":[{"href":"https:\/\/fittingsgo.com\/fr\/wp-json\/wp\/v2\/media?parent=7552"}],"wp:term":[{"taxonomy":"product_brand","embeddable":true,"href":"https:\/\/fittingsgo.com\/fr\/wp-json\/wp\/v2\/product_brand?post=7552"},{"taxonomy":"product_cat","embeddable":true,"href":"https:\/\/fittingsgo.com\/fr\/wp-json\/wp\/v2\/product_cat?post=7552"},{"taxonomy":"product_tag","embeddable":true,"href":"https:\/\/fittingsgo.com\/fr\/wp-json\/wp\/v2\/product_tag?post=7552"}],"curies":[{"name":"wp","href":"https:\/\/api.w.org\/{rel}","templated":true}]}}