{"id":7526,"date":"2019-10-06T20:54:05","date_gmt":"2019-10-07T01:54:05","guid":{"rendered":"https:\/\/fittingsgo.com\/product\/lampe-de-travail-del-carre\/"},"modified":"2019-10-06T21:15:46","modified_gmt":"2019-10-07T02:15:46","slug":"lampe-de-travail-del-carre","status":"publish","type":"product","link":"https:\/\/fittingsgo.com\/fr\/produit\/lampe-de-travail-del-carre\/","title":{"rendered":"Lampe de travail DEL carr\u00e9"},"content":{"rendered":"<p>BZ201-5, BZ2105<br \/>\nPARTICULARIT\u00c9S ET AVANTAGES<br \/>\n&#8211; Permet d&#8217;\u00e9clairer les d\u00e9panneuses, les camions \u00e0 ordures et les chariots-\u00e9l\u00e9vateurs d&#8217;usage similaire sans vous ruiner.<br \/>\n&#8211; Bo\u00eetier en aluminium moul\u00e9<br \/>\n&#8211; La forme carr\u00e9e permet au feu d&#8217;\u00eatre utilis\u00e9 dans de multiples applications<\/p>\n<div id=\"themify_builder_content-7526\" data-postid=\"7526\" class=\"themify_builder_content themify_builder_content-7526 themify_builder\">\n    <\/div>\n<!-- \/themify_builder_content -->\n","protected":false},"excerpt":{"rendered":"<p>Mat\u00e9riau : Lentille en polycarbonate;<br \/>\n&#8211; bo\u00eetier en aluminium moul\u00e9 sous pression, enduit de poudre noire;<br \/>\n&#8211; support en acier inoxydable<br \/>\n&#8211; Finition : Enduit de poudre noire<br \/>\n&#8211; Lumens \u00e0 l&#8217;\u00e9tat brut : 1100<br \/>\n&#8211; Tension intensit\u00e9 : 9 \u00e0 32 volts<br \/>\nFabriqu\u00e9 par Grote<\/p>\n","protected":false},"featured_media":7523,"comment_status":"open","ping_status":"closed","template":"","meta":[],"product_brand":[],"product_cat":[430],"product_tag":[180,177],"class_list":{"0":"post-7526","1":"product","2":"type-product","3":"status-publish","4":"has-post-thumbnail","6":"product_cat-lumieres-de-travail-del","7":"product_tag-automotive-fr","8":"product_tag-pieces-dautos","9":"has-post-title","10":"has-post-date","11":"has-post-category","12":"has-post-tag","13":"has-post-comment","14":"has-post-author","15":"","16":"fullcover","18":"first","19":"instock","20":"taxable","21":"shipping-taxable","22":"purchasable","23":"product-type-simple"},"jetpack_sharing_enabled":true,"builder_content":"","_links":{"self":[{"href":"https:\/\/fittingsgo.com\/fr\/wp-json\/wp\/v2\/product\/7526","targetHints":{"allow":["GET"]}}],"collection":[{"href":"https:\/\/fittingsgo.com\/fr\/wp-json\/wp\/v2\/product"}],"about":[{"href":"https:\/\/fittingsgo.com\/fr\/wp-json\/wp\/v2\/types\/product"}],"replies":[{"embeddable":true,"href":"https:\/\/fittingsgo.com\/fr\/wp-json\/wp\/v2\/comments?post=7526"}],"wp:featuredmedia":[{"embeddable":true,"href":"https:\/\/fittingsgo.com\/fr\/wp-json\/wp\/v2\/media\/7523"}],"wp:attachment":[{"href":"https:\/\/fittingsgo.com\/fr\/wp-json\/wp\/v2\/media?parent=7526"}],"wp:term":[{"taxonomy":"product_brand","embeddable":true,"href":"https:\/\/fittingsgo.com\/fr\/wp-json\/wp\/v2\/product_brand?post=7526"},{"taxonomy":"product_cat","embeddable":true,"href":"https:\/\/fittingsgo.com\/fr\/wp-json\/wp\/v2\/product_cat?post=7526"},{"taxonomy":"product_tag","embeddable":true,"href":"https:\/\/fittingsgo.com\/fr\/wp-json\/wp\/v2\/product_tag?post=7526"}],"curies":[{"name":"wp","href":"https:\/\/api.w.org\/{rel}","templated":true}]}}