{"id":7496,"date":"2019-10-04T21:24:31","date_gmt":"2019-10-05T02:24:31","guid":{"rendered":"https:\/\/fittingsgo.com\/product\/email-pour-moteur\/"},"modified":"2023-06-20T09:29:41","modified_gmt":"2023-06-20T14:29:41","slug":"email-pour-moteur","status":"publish","type":"product","link":"https:\/\/fittingsgo.com\/fr\/produit\/email-pour-moteur\/","title":{"rendered":"\u00c9mail pour moteur"},"content":{"rendered":"<p>L&#8217;\u00e9mail Dupli-Color contient des r\u00e9sines c\u00e9ramiques pour une dissipation maximale de la chaleur et une r\u00e9tention de la brillance. Les r\u00e9sines offrent une protection contre l&#8217;exposition \u00e0 la chaleur excessive et aux fluides automobiles. Excellent pour les applications sous le capot, l\u2019\u00e9mail Dupli-Color Engine r\u00e9pondra aux normes les plus rigoureuses en mati\u00e8re de course, de street rod et de restauration de v\u00e9hicules. Cette formule durable r\u00e9siste \u00e0 des temp\u00e9ratures pouvant atteindre 260\u00b0 C par intermittence et produit un fini de qualit\u00e9 sup\u00e9rieure qui ne cloque pas, ne s&#8217;\u00e9caille pas, ne se fendille pas et ne s&#8217;\u00e9caille pas.<\/p>\n<div id=\"themify_builder_content-7496\" data-postid=\"7496\" class=\"themify_builder_content themify_builder_content-7496 themify_builder\">\n    <\/div>\n<!-- \/themify_builder_content -->\n","protected":false},"excerpt":{"rendered":"<p>\u2022 Comprend une buse conique EZ Touch<br \/>\n\u2022 Dissipation maximale de la chaleur et r\u00e9tention de brillance \u00e9lev\u00e9e<br \/>\n\u2022 Les r\u00e9sines c\u00e9ramiques r\u00e9sistent \u00e0 la chaleur jusqu&#8217;\u00e0 260 \u00b0 C<br \/>\n\u2022 Sec au toucher en 30 minutes \/ poign\u00e9e en une heure<br \/>\n\u2022 R\u00e9sistant \u00e0 l&#8217;huile et aux autres fluides automobiles<br \/>\n\u2022 ne cloquera pas, ne s&#8217;\u00e9caillera pas, ne se fissurera pas et ne se d\u00e9collera pas<br \/>\n\u2022 Pour utilisation sur les blocs moteurs et les accessoires moteur<br \/>\nFabriqu\u00e9 par Sherwin-Williams<\/p>\n","protected":false},"featured_media":7495,"comment_status":"open","ping_status":"closed","template":"","meta":[],"product_brand":[],"product_cat":[326],"product_tag":[180,189,177],"class_list":{"0":"post-7496","1":"product","2":"type-product","3":"status-publish","4":"has-post-thumbnail","6":"product_cat-peintures-apprets-etc","7":"product_tag-automotive-fr","8":"product_tag-fournitures-datelier","9":"product_tag-pieces-dautos","10":"has-post-title","11":"has-post-date","12":"has-post-category","13":"has-post-tag","14":"has-post-comment","15":"has-post-author","16":"","17":"fullcover","19":"first","20":"instock","21":"taxable","22":"shipping-taxable","23":"purchasable","24":"product-type-variable"},"jetpack_sharing_enabled":true,"builder_content":"","_links":{"self":[{"href":"https:\/\/fittingsgo.com\/fr\/wp-json\/wp\/v2\/product\/7496","targetHints":{"allow":["GET"]}}],"collection":[{"href":"https:\/\/fittingsgo.com\/fr\/wp-json\/wp\/v2\/product"}],"about":[{"href":"https:\/\/fittingsgo.com\/fr\/wp-json\/wp\/v2\/types\/product"}],"replies":[{"embeddable":true,"href":"https:\/\/fittingsgo.com\/fr\/wp-json\/wp\/v2\/comments?post=7496"}],"wp:featuredmedia":[{"embeddable":true,"href":"https:\/\/fittingsgo.com\/fr\/wp-json\/wp\/v2\/media\/7495"}],"wp:attachment":[{"href":"https:\/\/fittingsgo.com\/fr\/wp-json\/wp\/v2\/media?parent=7496"}],"wp:term":[{"taxonomy":"product_brand","embeddable":true,"href":"https:\/\/fittingsgo.com\/fr\/wp-json\/wp\/v2\/product_brand?post=7496"},{"taxonomy":"product_cat","embeddable":true,"href":"https:\/\/fittingsgo.com\/fr\/wp-json\/wp\/v2\/product_cat?post=7496"},{"taxonomy":"product_tag","embeddable":true,"href":"https:\/\/fittingsgo.com\/fr\/wp-json\/wp\/v2\/product_tag?post=7496"}],"curies":[{"name":"wp","href":"https:\/\/api.w.org\/{rel}","templated":true}]}}