{"id":7390,"date":"2019-09-30T21:23:42","date_gmt":"2019-10-01T02:23:42","guid":{"rendered":"https:\/\/fittingsgo.com\/product\/epoxyde-5-minutes-dusage-general-permatex\/"},"modified":"2019-09-30T21:25:28","modified_gmt":"2019-10-01T02:25:28","slug":"epoxyde-5-minutes-dusage-general-permatex","status":"publish","type":"product","link":"https:\/\/fittingsgo.com\/fr\/produit\/epoxyde-5-minutes-dusage-general-permatex\/","title":{"rendered":"\u00c9poxyde 5 minutes d\u2019usage g\u00e9n\u00e9ral Permatex"},"content":{"rendered":"<p>84114, 84111<\/p>\n<div id=\"themify_builder_content-7390\" data-postid=\"7390\" class=\"themify_builder_content themify_builder_content-7390 themify_builder\">\n    <\/div>\n<!-- \/themify_builder_content -->\n","protected":false},"excerpt":{"rendered":"<p>\u2022 \u00c9\u00e9poxyde \u00e0 prise rapide en seringue pratique \u00e0 deux parties<br \/>\n\u2022 Un meilleur choix que les super colles pour fixer les pi\u00e8ces avec un plus grand \u00e9cart<br \/>\n\u2022 Peut \u00eatre perc\u00e9, ponc\u00e9, lim\u00e9 ou peint<br \/>\n\u2022 R\u00e9siste \u00e0 la plupart des liquides comme l\u2019essence et solvants<br \/>\n\u2022 Apparence transparente<br \/>\n\u2022 Prise en 5 minutes<br \/>\n\u2022 Force permanente \u2013 jusqu\u2019\u00e0 3400 PSI<br \/>\n\u2022 Temp\u00e9rature de service : -51\u00b0C \u00e0 82\u00b0C (-60\u00b0F \u00e0 180\u00b0F)<br \/>\nApplications: Garnitures d\u2019auto, poign\u00e9es, feux arri\u00e8re fissur\u00e9s, comblage de fissures, c\u00e9ramique, chrome, tissu, fibre de verre, verre, plastique dur, m\u00e9tal et caoutchouc.<br \/>\nFabriqu\u00e9 par Permatex<\/p>\n","protected":false},"featured_media":7389,"comment_status":"open","ping_status":"closed","template":"","meta":[],"product_brand":[],"product_cat":[427],"product_tag":[180,177],"class_list":{"0":"post-7390","1":"product","2":"type-product","3":"status-publish","4":"has-post-thumbnail","6":"product_cat-silicones-et-adhesifs","7":"product_tag-automotive-fr","8":"product_tag-pieces-dautos","9":"has-post-title","10":"has-post-date","11":"has-post-category","12":"has-post-tag","13":"has-post-comment","14":"has-post-author","15":"","16":"fullcover","18":"first","19":"instock","20":"taxable","21":"shipping-taxable","22":"purchasable","23":"product-type-variable"},"jetpack_sharing_enabled":true,"builder_content":"","_links":{"self":[{"href":"https:\/\/fittingsgo.com\/fr\/wp-json\/wp\/v2\/product\/7390","targetHints":{"allow":["GET"]}}],"collection":[{"href":"https:\/\/fittingsgo.com\/fr\/wp-json\/wp\/v2\/product"}],"about":[{"href":"https:\/\/fittingsgo.com\/fr\/wp-json\/wp\/v2\/types\/product"}],"replies":[{"embeddable":true,"href":"https:\/\/fittingsgo.com\/fr\/wp-json\/wp\/v2\/comments?post=7390"}],"wp:featuredmedia":[{"embeddable":true,"href":"https:\/\/fittingsgo.com\/fr\/wp-json\/wp\/v2\/media\/7389"}],"wp:attachment":[{"href":"https:\/\/fittingsgo.com\/fr\/wp-json\/wp\/v2\/media?parent=7390"}],"wp:term":[{"taxonomy":"product_brand","embeddable":true,"href":"https:\/\/fittingsgo.com\/fr\/wp-json\/wp\/v2\/product_brand?post=7390"},{"taxonomy":"product_cat","embeddable":true,"href":"https:\/\/fittingsgo.com\/fr\/wp-json\/wp\/v2\/product_cat?post=7390"},{"taxonomy":"product_tag","embeddable":true,"href":"https:\/\/fittingsgo.com\/fr\/wp-json\/wp\/v2\/product_tag?post=7390"}],"curies":[{"name":"wp","href":"https:\/\/api.w.org\/{rel}","templated":true}]}}