{"id":7382,"date":"2019-09-30T21:13:10","date_gmt":"2019-10-01T02:13:10","guid":{"rendered":"https:\/\/fittingsgo.com\/product\/scellant-de-filets-haute-temperature\/"},"modified":"2019-09-30T21:14:26","modified_gmt":"2019-10-01T02:14:26","slug":"scellant-de-filets-haute-temperature","status":"publish","type":"product","link":"https:\/\/fittingsgo.com\/fr\/produit\/scellant-de-filets-haute-temperature\/","title":{"rendered":"Scellant de filets haute temp\u00e9rature"},"content":{"rendered":"<p>59234<\/p>\n<div id=\"themify_builder_content-7382\" data-postid=\"7382\" class=\"themify_builder_content themify_builder_content-7382 themify_builder\">\n    <\/div>\n<!-- \/themify_builder_content -->\n","protected":false},"excerpt":{"rendered":"<p>\u2022 Sp\u00e9cifi\u00e9 par les fabricants d\u2019origine<br \/>\n\u2022 Scellant de filets multi-usage avec PTFE<br \/>\n\u2022 Fixe et scelle les raccords filet\u00e9s<br \/>\n\u2022 Con\u00e7u pour former un joint extr\u00eamement fiable sur les raccords et bouchons filet\u00e9s en m\u00e9tal<br \/>\n\u2022 R\u00e9siste aux fuites, au desserrage par vibration, \u00e0 l\u2019humidit\u00e9, aux liquides hydrauliques et au diesel<br \/>\n\u2022 Lubrifie les filets pour faciliter l\u2019assemblage et le d\u00e9montage<br \/>\n\u2022 Permet un d\u00e9montage facile avec des outils manuels<br \/>\n\u2022 Les pi\u00e8ces peuvent \u00eatre repositionn\u00e9es jusqu\u2019\u00e0 4 heures apr\u00e8s l\u2019application<br \/>\n\u2022 R\u00e9siste \u00e0 tous les liquides d\u2019ateliers automobiles, \u00e0 l\u2019essence et aux gaz<br \/>\n\u2022 S\u00fbr pour raccords de gaz et propane<br \/>\n\u2022 Temp\u00e9rature de service jusqu\u2019\u00e0 204\u00b0C (400\u00b0F)<br \/>\nApplications: Boulons de culasse dans les trous de fixation, d\u00e9tecteurs et \u00e9metteurs manom\u00e9triques, canalisations d\u2019huile et de liquide de refroidissement, raccords de carburant, bouchon de remplissage du pont arri\u00e8re, raccords de frein et de direction assist\u00e9e.<br \/>\nFabriqu\u00e9 par Permatex<\/p>\n","protected":false},"featured_media":7381,"comment_status":"open","ping_status":"closed","template":"","meta":[],"product_brand":[],"product_cat":[427],"product_tag":[180,177],"class_list":{"0":"post-7382","1":"product","2":"type-product","3":"status-publish","4":"has-post-thumbnail","6":"product_cat-silicones-et-adhesifs","7":"product_tag-automotive-fr","8":"product_tag-pieces-dautos","9":"has-post-title","10":"has-post-date","11":"has-post-category","12":"has-post-tag","13":"has-post-comment","14":"has-post-author","15":"","16":"fullcover","18":"first","19":"instock","20":"taxable","21":"shipping-taxable","22":"purchasable","23":"product-type-simple"},"jetpack_sharing_enabled":true,"builder_content":"","_links":{"self":[{"href":"https:\/\/fittingsgo.com\/fr\/wp-json\/wp\/v2\/product\/7382","targetHints":{"allow":["GET"]}}],"collection":[{"href":"https:\/\/fittingsgo.com\/fr\/wp-json\/wp\/v2\/product"}],"about":[{"href":"https:\/\/fittingsgo.com\/fr\/wp-json\/wp\/v2\/types\/product"}],"replies":[{"embeddable":true,"href":"https:\/\/fittingsgo.com\/fr\/wp-json\/wp\/v2\/comments?post=7382"}],"wp:featuredmedia":[{"embeddable":true,"href":"https:\/\/fittingsgo.com\/fr\/wp-json\/wp\/v2\/media\/7381"}],"wp:attachment":[{"href":"https:\/\/fittingsgo.com\/fr\/wp-json\/wp\/v2\/media?parent=7382"}],"wp:term":[{"taxonomy":"product_brand","embeddable":true,"href":"https:\/\/fittingsgo.com\/fr\/wp-json\/wp\/v2\/product_brand?post=7382"},{"taxonomy":"product_cat","embeddable":true,"href":"https:\/\/fittingsgo.com\/fr\/wp-json\/wp\/v2\/product_cat?post=7382"},{"taxonomy":"product_tag","embeddable":true,"href":"https:\/\/fittingsgo.com\/fr\/wp-json\/wp\/v2\/product_tag?post=7382"}],"curies":[{"name":"wp","href":"https:\/\/api.w.org\/{rel}","templated":true}]}}