{"id":7378,"date":"2019-09-30T21:08:04","date_gmt":"2019-10-01T02:08:04","guid":{"rendered":"https:\/\/fittingsgo.com\/product\/scellant-a-filets-haute-performance-permatex\/"},"modified":"2019-09-30T21:09:49","modified_gmt":"2019-10-01T02:09:49","slug":"scellant-a-filets-haute-performance-permatex","status":"publish","type":"product","link":"https:\/\/fittingsgo.com\/fr\/produit\/scellant-a-filets-haute-performance-permatex\/","title":{"rendered":"Scellant \u00e0 filets haute performance Permatex"},"content":{"rendered":"<p>56550<\/p>\n<div id=\"themify_builder_content-7378\" data-postid=\"7378\" class=\"themify_builder_content themify_builder_content-7378 themify_builder\">\n    <\/div>\n<!-- \/themify_builder_content -->\n","protected":false},"excerpt":{"rendered":"<p>\u2022 Sp\u00e9cifi\u00e9 par les fabricants d\u2019origine<br \/>\n\u2022 Fixe et scelle les raccords filet\u00e9s<br \/>\n\u2022 R\u00e9siste aux fuites et au desserrage par vibration<br \/>\n\u2022 Sp\u00e9cialement con\u00e7u pour les raccords filet\u00e9s coniques en m\u00e9tal<br \/>\n\u2022 Remplace le ruban de Teflon\u00ae et les p\u00e2tes \u00e0 joints<br \/>\n\u2022 Durcit rapidement et supporte 10 000 psi<br \/>\n\u2022 Emp\u00eache l\u2019\u00e9raillage et prot\u00e8ge les filets appari\u00e9s contre la rouille et la corrosion<br \/>\n\u2022 R\u00e9siste \u00e0 tous les liquides d\u2019ateliers automobiles, \u00e0 l\u2019essence et aux gaz<br \/>\n\u2022 Scelle des raccords de plus grands diam\u00e8tres et ne coule pas<br \/>\n\u2022 Temp\u00e9rature de service jusqu\u2019\u00e0 150\u00b0C (300\u00b0F)<br \/>\nApplications: Raccords en acier inoxydable, boulons de culasse dans les trous de fixation, sondes\/ capteurs de pression d\u2019huile, canalisations d\u2019huile et de liquide de refroidissement, contacts de collecteurs d\u2019admission, bouchons de pont arri\u00e8re et raccords de carburant.<br \/>\nFabriqu\u00e9 par Permatex<\/p>\n","protected":false},"featured_media":7377,"comment_status":"open","ping_status":"closed","template":"","meta":[],"product_brand":[],"product_cat":[427],"product_tag":[180,177],"class_list":{"0":"post-7378","1":"product","2":"type-product","3":"status-publish","4":"has-post-thumbnail","6":"product_cat-silicones-et-adhesifs","7":"product_tag-automotive-fr","8":"product_tag-pieces-dautos","9":"has-post-title","10":"has-post-date","11":"has-post-category","12":"has-post-tag","13":"has-post-comment","14":"has-post-author","15":"","16":"fullcover","18":"first","19":"instock","20":"taxable","21":"shipping-taxable","22":"purchasable","23":"product-type-simple"},"jetpack_sharing_enabled":true,"builder_content":"","_links":{"self":[{"href":"https:\/\/fittingsgo.com\/fr\/wp-json\/wp\/v2\/product\/7378","targetHints":{"allow":["GET"]}}],"collection":[{"href":"https:\/\/fittingsgo.com\/fr\/wp-json\/wp\/v2\/product"}],"about":[{"href":"https:\/\/fittingsgo.com\/fr\/wp-json\/wp\/v2\/types\/product"}],"replies":[{"embeddable":true,"href":"https:\/\/fittingsgo.com\/fr\/wp-json\/wp\/v2\/comments?post=7378"}],"wp:featuredmedia":[{"embeddable":true,"href":"https:\/\/fittingsgo.com\/fr\/wp-json\/wp\/v2\/media\/7377"}],"wp:attachment":[{"href":"https:\/\/fittingsgo.com\/fr\/wp-json\/wp\/v2\/media?parent=7378"}],"wp:term":[{"taxonomy":"product_brand","embeddable":true,"href":"https:\/\/fittingsgo.com\/fr\/wp-json\/wp\/v2\/product_brand?post=7378"},{"taxonomy":"product_cat","embeddable":true,"href":"https:\/\/fittingsgo.com\/fr\/wp-json\/wp\/v2\/product_cat?post=7378"},{"taxonomy":"product_tag","embeddable":true,"href":"https:\/\/fittingsgo.com\/fr\/wp-json\/wp\/v2\/product_tag?post=7378"}],"curies":[{"name":"wp","href":"https:\/\/api.w.org\/{rel}","templated":true}]}}