{"id":7372,"date":"2019-09-30T20:59:36","date_gmt":"2019-10-01T01:59:36","guid":{"rendered":"https:\/\/fittingsgo.com\/product\/bloqueur-de-filets-vert-a-action-capillaire-permatex\/"},"modified":"2019-09-30T21:01:25","modified_gmt":"2019-10-01T02:01:25","slug":"bloqueur-de-filets-vert-a-action-capillaire-permatex","status":"publish","type":"product","link":"https:\/\/fittingsgo.com\/fr\/produit\/bloqueur-de-filets-vert-a-action-capillaire-permatex\/","title":{"rendered":"Bloqueur de filets vert \u00e0 action capillaire Permatex"},"content":{"rendered":"<p>29000, 29040<\/p>\n<div id=\"themify_builder_content-7372\" data-postid=\"7372\" class=\"themify_builder_content themify_builder_content-7372 themify_builder\">\n    <\/div>\n<!-- \/themify_builder_content -->\n","protected":false},"excerpt":{"rendered":"<p>\u2022 Sp\u00e9cifi\u00e9 par les fabricants d\u2019origine<br \/>\n\u2022 Bloqueur de filets de faible viscosit\u00e9<br \/>\n\u2022 Pour les attaches de moins de ou \u00e9gales \u00e0 1\/2 po (12 mm)<br \/>\n\u2022 S\u2019infiltre par action capillaires dans les filets d\u2019attaches pr\u00e9assembl\u00e9es<br \/>\net les fixent en place<br \/>\n\u2022 Simplifie l\u2019entretien pr\u00e9ventif en s\u2019appliquant une fois les pi\u00e8ces assembl\u00e9es \u2022 Emp\u00eache le desserrage par vibration<br \/>\n\u2022 N\u00e9cessite de la chaleur localis\u00e9e et des outils manuels pour le d\u00e9montage<br \/>\n\u2022 Temp\u00e9rature de service : -54\u00b0C \u00e0 150\u00b0C (-65\u00b0F \u00e0 300\u00b0F)<br \/>\n\u2022 USA Mil-Spec S-46163A type III, qualit\u00e9 R<br \/>\nApplications: boulons d\u2019alternateur, boulons de climatiseur et collets de distributeur, vis d\u2019ajustement de carburateur, fissures.<br \/>\nFabriqu\u00e9 par Permatex<\/p>\n","protected":false},"featured_media":7369,"comment_status":"open","ping_status":"closed","template":"","meta":[],"product_brand":[],"product_cat":[427],"product_tag":[180,177],"class_list":{"0":"post-7372","1":"product","2":"type-product","3":"status-publish","4":"has-post-thumbnail","6":"product_cat-silicones-et-adhesifs","7":"product_tag-automotive-fr","8":"product_tag-pieces-dautos","9":"has-post-title","10":"has-post-date","11":"has-post-category","12":"has-post-tag","13":"has-post-comment","14":"has-post-author","15":"","16":"fullcover","18":"first","19":"instock","20":"taxable","21":"shipping-taxable","22":"purchasable","23":"product-type-variable"},"jetpack_sharing_enabled":true,"builder_content":"","_links":{"self":[{"href":"https:\/\/fittingsgo.com\/fr\/wp-json\/wp\/v2\/product\/7372","targetHints":{"allow":["GET"]}}],"collection":[{"href":"https:\/\/fittingsgo.com\/fr\/wp-json\/wp\/v2\/product"}],"about":[{"href":"https:\/\/fittingsgo.com\/fr\/wp-json\/wp\/v2\/types\/product"}],"replies":[{"embeddable":true,"href":"https:\/\/fittingsgo.com\/fr\/wp-json\/wp\/v2\/comments?post=7372"}],"wp:featuredmedia":[{"embeddable":true,"href":"https:\/\/fittingsgo.com\/fr\/wp-json\/wp\/v2\/media\/7369"}],"wp:attachment":[{"href":"https:\/\/fittingsgo.com\/fr\/wp-json\/wp\/v2\/media?parent=7372"}],"wp:term":[{"taxonomy":"product_brand","embeddable":true,"href":"https:\/\/fittingsgo.com\/fr\/wp-json\/wp\/v2\/product_brand?post=7372"},{"taxonomy":"product_cat","embeddable":true,"href":"https:\/\/fittingsgo.com\/fr\/wp-json\/wp\/v2\/product_cat?post=7372"},{"taxonomy":"product_tag","embeddable":true,"href":"https:\/\/fittingsgo.com\/fr\/wp-json\/wp\/v2\/product_tag?post=7372"}],"curies":[{"name":"wp","href":"https:\/\/api.w.org\/{rel}","templated":true}]}}