{"id":7359,"date":"2019-09-30T20:40:31","date_gmt":"2019-10-01T01:40:31","guid":{"rendered":"https:\/\/fittingsgo.com\/product\/bloqueur-de-filets-rouge-grande-force-permatex\/"},"modified":"2019-09-30T20:51:53","modified_gmt":"2019-10-01T01:51:53","slug":"bloqueur-de-filets-rouge-grande-force-permatex","status":"publish","type":"product","link":"https:\/\/fittingsgo.com\/fr\/produit\/bloqueur-de-filets-rouge-grande-force-permatex\/","title":{"rendered":"Bloqueur de filets rouge grande force Permatex"},"content":{"rendered":"<p>26200, 26210, 24240<\/p>\n<div id=\"themify_builder_content-7359\" data-postid=\"7359\" class=\"themify_builder_content themify_builder_content-7359 themify_builder\">\n    <\/div>\n<!-- \/themify_builder_content -->\n","protected":false},"excerpt":{"rendered":"<p>\u2022 Sp\u00e9cifi\u00e9 par les fabricants d\u2019origine<br \/>\n\u2022 Bloqueur de filets permanent de force \u00e9lev\u00e9e pour les attaches 3\/8 po \u00e0 1 po (10 mm \u00e0 25 mm)<br \/>\n\u2022 Supporte les gros chocs, les vibrations, les produits chimiques et les conditions extr\u00eames<br \/>\n\u2022 Emp\u00eache le desserrage par vibration et prot\u00e8ge les filets contre la corrosion<br \/>\n\u2022 Temp\u00e9rature de service : -54\u00b0C \u00e0 150\u00b0C (-65\u00b0F \u00e0 300\u00b0F)<br \/>\n\u2022 USA Mil-Spec (S-46163A) type II, qualit\u00e9 O<br \/>\n\u2022 La d\u00e9pose peut n\u00e9cessiter l\u2019apport de chaleur et d\u2019outils sp\u00e9ciaux<br \/>\nApplications: Assemblage avec outils \u00e0 air, boulons de bloc-cyclindre, de couronne, d\u2019arbre de transmission, d\u2019amortisseur, de ch\u00e2ssis et attaches semblables soumises \u00e0 des chocs et vibrations \u00e9lev\u00e9s.<br \/>\nFabriqu\u00e9 par Permatex<\/p>\n","protected":false},"featured_media":7364,"comment_status":"open","ping_status":"closed","template":"","meta":[],"product_brand":[],"product_cat":[427],"product_tag":[180,177],"class_list":{"0":"post-7359","1":"product","2":"type-product","3":"status-publish","4":"has-post-thumbnail","6":"product_cat-silicones-et-adhesifs","7":"product_tag-automotive-fr","8":"product_tag-pieces-dautos","9":"has-post-title","10":"has-post-date","11":"has-post-category","12":"has-post-tag","13":"has-post-comment","14":"has-post-author","15":"","16":"fullcover","18":"first","19":"instock","20":"taxable","21":"shipping-taxable","22":"purchasable","23":"product-type-variable"},"jetpack_sharing_enabled":true,"builder_content":"","_links":{"self":[{"href":"https:\/\/fittingsgo.com\/fr\/wp-json\/wp\/v2\/product\/7359","targetHints":{"allow":["GET"]}}],"collection":[{"href":"https:\/\/fittingsgo.com\/fr\/wp-json\/wp\/v2\/product"}],"about":[{"href":"https:\/\/fittingsgo.com\/fr\/wp-json\/wp\/v2\/types\/product"}],"replies":[{"embeddable":true,"href":"https:\/\/fittingsgo.com\/fr\/wp-json\/wp\/v2\/comments?post=7359"}],"wp:featuredmedia":[{"embeddable":true,"href":"https:\/\/fittingsgo.com\/fr\/wp-json\/wp\/v2\/media\/7364"}],"wp:attachment":[{"href":"https:\/\/fittingsgo.com\/fr\/wp-json\/wp\/v2\/media?parent=7359"}],"wp:term":[{"taxonomy":"product_brand","embeddable":true,"href":"https:\/\/fittingsgo.com\/fr\/wp-json\/wp\/v2\/product_brand?post=7359"},{"taxonomy":"product_cat","embeddable":true,"href":"https:\/\/fittingsgo.com\/fr\/wp-json\/wp\/v2\/product_cat?post=7359"},{"taxonomy":"product_tag","embeddable":true,"href":"https:\/\/fittingsgo.com\/fr\/wp-json\/wp\/v2\/product_tag?post=7359"}],"curies":[{"name":"wp","href":"https:\/\/api.w.org\/{rel}","templated":true}]}}