{"id":7326,"date":"2019-09-30T19:59:15","date_gmt":"2019-10-01T00:59:15","guid":{"rendered":"https:\/\/fittingsgo.com\/product\/scellant-haute-temperature-spray-a-gasket-cuivre\/"},"modified":"2020-01-12T20:25:21","modified_gmt":"2020-01-13T01:25:21","slug":"scellant-haute-temperature-spray-a-gasket-cuivre","status":"publish","type":"product","link":"https:\/\/fittingsgo.com\/fr\/produit\/scellant-haute-temperature-spray-a-gasket-cuivre\/","title":{"rendered":"Scellant haute temp\u00e9rature Spray-A-Gasket Cuivre"},"content":{"rendered":"<p>58985<\/p>\n<div id=\"themify_builder_content-7326\" data-postid=\"7326\" class=\"themify_builder_content themify_builder_content-7326 themify_builder\">\n    <\/div>\n<!-- \/themify_builder_content -->\n","protected":false},"excerpt":{"rendered":"<p>\u2022 Adh\u00e9sif-scellant en cuivre m\u00e9tallique, en a\u00e9rosol \u00e0 s\u00e9chage rapide<br \/>\n\u2022 Emp\u00eache la br\u00fblure des joints et am\u00e9liore le transfert thermique<br \/>\n\u2022 Comble les petites irr\u00e9gularit\u00e9s de surface<br \/>\n\u2022 Comble les points chauds et les imperfections<br \/>\n\u2022 R\u00e9siste \u00e0 tous les types de liquides automobiles, sp\u00e9cialement l\u2019essence<br \/>\n\u2022Temp\u00e9rature de service : -46\u00b0C \u00e0 260\u00b0C (-50\u00b0F \u00e0 500\u00b0F)<br \/>\nApplications: Joints de culasse, joints de carburateur, joints de collecteur d\u2019\u00e9chappement et autres applications \u00e0 temp\u00e9rature \u00e9lev\u00e9e.<br \/>\nFabriqu\u00e9 par Permatex<\/p>\n","protected":false},"featured_media":7325,"comment_status":"open","ping_status":"closed","template":"","meta":[],"product_brand":[],"product_cat":[427],"product_tag":[180,177],"class_list":{"0":"post-7326","1":"product","2":"type-product","3":"status-publish","4":"has-post-thumbnail","6":"product_cat-silicones-et-adhesifs","7":"product_tag-automotive-fr","8":"product_tag-pieces-dautos","9":"has-post-title","10":"has-post-date","11":"has-post-category","12":"has-post-tag","13":"has-post-comment","14":"has-post-author","15":"","16":"fullcover","18":"first","19":"instock","20":"taxable","21":"shipping-taxable","22":"purchasable","23":"product-type-simple"},"jetpack_sharing_enabled":true,"builder_content":"","_links":{"self":[{"href":"https:\/\/fittingsgo.com\/fr\/wp-json\/wp\/v2\/product\/7326","targetHints":{"allow":["GET"]}}],"collection":[{"href":"https:\/\/fittingsgo.com\/fr\/wp-json\/wp\/v2\/product"}],"about":[{"href":"https:\/\/fittingsgo.com\/fr\/wp-json\/wp\/v2\/types\/product"}],"replies":[{"embeddable":true,"href":"https:\/\/fittingsgo.com\/fr\/wp-json\/wp\/v2\/comments?post=7326"}],"wp:featuredmedia":[{"embeddable":true,"href":"https:\/\/fittingsgo.com\/fr\/wp-json\/wp\/v2\/media\/7325"}],"wp:attachment":[{"href":"https:\/\/fittingsgo.com\/fr\/wp-json\/wp\/v2\/media?parent=7326"}],"wp:term":[{"taxonomy":"product_brand","embeddable":true,"href":"https:\/\/fittingsgo.com\/fr\/wp-json\/wp\/v2\/product_brand?post=7326"},{"taxonomy":"product_cat","embeddable":true,"href":"https:\/\/fittingsgo.com\/fr\/wp-json\/wp\/v2\/product_cat?post=7326"},{"taxonomy":"product_tag","embeddable":true,"href":"https:\/\/fittingsgo.com\/fr\/wp-json\/wp\/v2\/product_tag?post=7326"}],"curies":[{"name":"wp","href":"https:\/\/api.w.org\/{rel}","templated":true}]}}