{"id":7306,"date":"2019-09-28T22:25:12","date_gmt":"2019-09-29T03:25:12","guid":{"rendered":"https:\/\/fittingsgo.com\/product\/fabricant-de-joints-au-silicone-rouge-haute-temperature\/"},"modified":"2020-04-26T19:57:42","modified_gmt":"2020-04-27T00:57:42","slug":"fabricant-de-joints-au-silicone-rouge-haute-temperature","status":"publish","type":"product","link":"https:\/\/fittingsgo.com\/fr\/produit\/fabricant-de-joints-au-silicone-rouge-haute-temperature\/","title":{"rendered":"Fabricant de joints au silicone rouge haute temp\u00e9rature"},"content":{"rendered":"<p>474, 477<\/p>\n<div id=\"themify_builder_content-7306\" data-postid=\"7306\" class=\"themify_builder_content themify_builder_content-7306 themify_builder\">\n    <\/div>\n<!-- \/themify_builder_content -->\n","protected":false},"excerpt":{"rendered":"<p>R\u00e9siste aussi aux cycles chaud\/froid r\u00e9p\u00e9t\u00e9s de -60\u00b0C jusqu\u2019\u00e0 315\u00b0 (-75\u00b0F jusqu\u2019\u00e0 600\u00b0F).<br \/>\nFabricant de joints au silicone<br \/>\nRemplace les joints de li\u00e8ge, feutre, caoutchouc, papier et amiante. R\u00e9siste \u00e0 l\u2019huile, fluides de transmission, eau et l\u2019antigel. S\u2019emploie comme garniture de joints pour couvre-culasse, thermostat, carter de cha\u00eene de distribution et de moteur, compresseur, etc.<br \/>\n\u2022 Peu volatile<br \/>\n\u2022 S\u00e9curitaire pour senseur \u00e0 oxyg\u00e8ne<br \/>\n\u2022 Conforme aux normes OEM<br \/>\nFabriqu\u00e9 par Kleen-Flo<\/p>\n","protected":false},"featured_media":15380,"comment_status":"open","ping_status":"closed","template":"","meta":[],"product_brand":[],"product_cat":[427],"product_tag":[180,177],"class_list":{"0":"post-7306","1":"product","2":"type-product","3":"status-publish","4":"has-post-thumbnail","6":"product_cat-silicones-et-adhesifs","7":"product_tag-automotive-fr","8":"product_tag-pieces-dautos","9":"has-post-title","10":"has-post-date","11":"has-post-category","12":"has-post-tag","13":"has-post-comment","14":"has-post-author","15":"","16":"fullcover","18":"first","19":"instock","20":"taxable","21":"shipping-taxable","22":"purchasable","23":"product-type-variable"},"jetpack_sharing_enabled":true,"builder_content":"","_links":{"self":[{"href":"https:\/\/fittingsgo.com\/fr\/wp-json\/wp\/v2\/product\/7306","targetHints":{"allow":["GET"]}}],"collection":[{"href":"https:\/\/fittingsgo.com\/fr\/wp-json\/wp\/v2\/product"}],"about":[{"href":"https:\/\/fittingsgo.com\/fr\/wp-json\/wp\/v2\/types\/product"}],"replies":[{"embeddable":true,"href":"https:\/\/fittingsgo.com\/fr\/wp-json\/wp\/v2\/comments?post=7306"}],"wp:featuredmedia":[{"embeddable":true,"href":"https:\/\/fittingsgo.com\/fr\/wp-json\/wp\/v2\/media\/15380"}],"wp:attachment":[{"href":"https:\/\/fittingsgo.com\/fr\/wp-json\/wp\/v2\/media?parent=7306"}],"wp:term":[{"taxonomy":"product_brand","embeddable":true,"href":"https:\/\/fittingsgo.com\/fr\/wp-json\/wp\/v2\/product_brand?post=7306"},{"taxonomy":"product_cat","embeddable":true,"href":"https:\/\/fittingsgo.com\/fr\/wp-json\/wp\/v2\/product_cat?post=7306"},{"taxonomy":"product_tag","embeddable":true,"href":"https:\/\/fittingsgo.com\/fr\/wp-json\/wp\/v2\/product_tag?post=7306"}],"curies":[{"name":"wp","href":"https:\/\/api.w.org\/{rel}","templated":true}]}}