{"id":7286,"date":"2019-09-28T21:42:11","date_gmt":"2019-09-29T02:42:11","guid":{"rendered":"https:\/\/fittingsgo.com\/product\/joint-detancheite-anaerobique-permatex\/"},"modified":"2019-10-28T19:27:27","modified_gmt":"2019-10-29T00:27:27","slug":"joint-detancheite-anaerobique-permatex","status":"publish","type":"product","link":"https:\/\/fittingsgo.com\/fr\/produit\/joint-detancheite-anaerobique-permatex\/","title":{"rendered":"Joint d\u2019\u00e9tanch\u00e9it\u00e9 ana\u00e9robique Permatex"},"content":{"rendered":"<p>51850, 51845<\/p>\n<div id=\"themify_builder_content-7286\" data-postid=\"7286\" class=\"themify_builder_content themify_builder_content-7286 themify_builder\">\n    <\/div>\n<!-- \/themify_builder_content -->\n","protected":false},"excerpt":{"rendered":"<p>\u2022 Sp\u00e9cifi\u00e9 comme produit d\u2019origine<br \/>\n\u2022 Con\u00e7u pour un rendement sup\u00e9rieur sur les brides d\u2019aluminium<br \/>\n\u2022 S\u2019utilise sur les brides usin\u00e9es rigides avec \u00e9cart inf\u00e9rieur ou \u00e9gal \u00e0<br \/>\n0.25 mm (0.01\u201d) sans appr\u00eat; 1.27 mm (0.05\u201d) avec appr\u00eat<br \/>\n\u2022 \u00c9limine le besoin de joints pr\u00e9form\u00e9s, pr\u00e9coup\u00e9s, en papier<br \/>\n\u2022 R\u00e9sistance sup\u00e9rieure aux liquides de moteur comme l\u2019huile, les liquides de transmission,<br \/>\nde bo\u00eete de vitesses et de refroidissement et l\u2019essence \u2022 Scellage \u00e0 grande fiabilit\u00e9<br \/>\n\u2022 Durabilit\u00e9 \u00e0 long terme<br \/>\n\u2022 R\u00e9siste \u00e0 des temp\u00e9ratures de 150\u00b0C (300\u00b0F)<br \/>\nApplications: Pompes \u00e0 eau, bo\u00eetiers de thermostat, carters de bo\u00eete de vitesses, couvercles de transmission, carters de bo\u00eetes-pont, remplacement de joint torique.<br \/>\nFabriqu\u00e9 par Permatex<\/p>\n","protected":false},"featured_media":7285,"comment_status":"open","ping_status":"closed","template":"","meta":[],"product_brand":[],"product_cat":[427],"product_tag":[180,177],"class_list":{"0":"post-7286","1":"product","2":"type-product","3":"status-publish","4":"has-post-thumbnail","6":"product_cat-silicones-et-adhesifs","7":"product_tag-automotive-fr","8":"product_tag-pieces-dautos","9":"has-post-title","10":"has-post-date","11":"has-post-category","12":"has-post-tag","13":"has-post-comment","14":"has-post-author","15":"","16":"fullcover","18":"first","19":"instock","20":"taxable","21":"shipping-taxable","22":"purchasable","23":"product-type-variable"},"jetpack_sharing_enabled":true,"builder_content":"","_links":{"self":[{"href":"https:\/\/fittingsgo.com\/fr\/wp-json\/wp\/v2\/product\/7286","targetHints":{"allow":["GET"]}}],"collection":[{"href":"https:\/\/fittingsgo.com\/fr\/wp-json\/wp\/v2\/product"}],"about":[{"href":"https:\/\/fittingsgo.com\/fr\/wp-json\/wp\/v2\/types\/product"}],"replies":[{"embeddable":true,"href":"https:\/\/fittingsgo.com\/fr\/wp-json\/wp\/v2\/comments?post=7286"}],"wp:featuredmedia":[{"embeddable":true,"href":"https:\/\/fittingsgo.com\/fr\/wp-json\/wp\/v2\/media\/7285"}],"wp:attachment":[{"href":"https:\/\/fittingsgo.com\/fr\/wp-json\/wp\/v2\/media?parent=7286"}],"wp:term":[{"taxonomy":"product_brand","embeddable":true,"href":"https:\/\/fittingsgo.com\/fr\/wp-json\/wp\/v2\/product_brand?post=7286"},{"taxonomy":"product_cat","embeddable":true,"href":"https:\/\/fittingsgo.com\/fr\/wp-json\/wp\/v2\/product_cat?post=7286"},{"taxonomy":"product_tag","embeddable":true,"href":"https:\/\/fittingsgo.com\/fr\/wp-json\/wp\/v2\/product_tag?post=7286"}],"curies":[{"name":"wp","href":"https:\/\/api.w.org\/{rel}","templated":true}]}}