{"id":7275,"date":"2019-09-28T21:22:48","date_gmt":"2019-09-29T02:22:48","guid":{"rendered":"https:\/\/fittingsgo.com\/product\/joint-detancheite-ultra-grey\/"},"modified":"2020-04-09T22:49:22","modified_gmt":"2020-04-10T03:49:22","slug":"joint-detancheite-ultra-grey","status":"publish","type":"product","link":"https:\/\/fittingsgo.com\/fr\/produit\/joint-detancheite-ultra-grey\/","title":{"rendered":"Joint d\u2019\u00e9tanch\u00e9it\u00e9 \u00abUltra Grey\u00bb"},"content":{"rendered":"<p>59903, 59905, 59913<\/p>\n<div id=\"themify_builder_content-7275\" data-postid=\"7275\" class=\"themify_builder_content themify_builder_content-7275 themify_builder\">\n    <\/div>\n<!-- \/themify_builder_content -->\n","protected":false},"excerpt":{"rendered":"<p>\u2022 Sp\u00e9cifi\u00e9 comme produit d\u2019origine<br \/>\n\u2022 S\u00fbr pour les capteurs et non-corrosif<br \/>\n\u2022 Ne contamine pas les capteurs d\u2019oxyg\u00e8ne ni ne corrode les autres<br \/>\n\u2022 Adh\u00e9rence sup\u00e9rieure aux surfaces huileuses avec durabilit\u00e9 \u00e0 long terme \u2022 Efficace sous les forces de torsion \u00e9lev\u00e9es li\u00e9es aux moteurs dont les boulons<br \/>\nsont rapproch\u00e9s (aspect sp\u00e9cifique des v\u00e9hicules import\u00e9s)<br \/>\n\u2022 R\u00e9sistance sup\u00e9rieure aux liquides de moteur comme l\u2019huile et les<br \/>\nliquides de transmission, de bo\u00eete de vitesses et de refroidissement<br \/>\n\u2022 Temp\u00e9rature de service : -54\u00b0C \u00e0 260\u00b0C (-65\u00b0F \u00e0 500\u00b0F) en intermittence<br \/>\nApplications: Couvercles de soupape, carters d\u2019huile, joints d\u2019embout de collecteur d\u2019admission, carters de distribution, pompes \u00e0 eau, bo\u00eetiers de thermostat.<br \/>\nFabriqu\u00e9 par Permatex<\/p>\n","protected":false},"featured_media":7274,"comment_status":"open","ping_status":"closed","template":"","meta":[],"product_brand":[],"product_cat":[427],"product_tag":[180,177],"class_list":{"0":"post-7275","1":"product","2":"type-product","3":"status-publish","4":"has-post-thumbnail","6":"product_cat-silicones-et-adhesifs","7":"product_tag-automotive-fr","8":"product_tag-pieces-dautos","9":"has-post-title","10":"has-post-date","11":"has-post-category","12":"has-post-tag","13":"has-post-comment","14":"has-post-author","15":"","16":"fullcover","18":"first","19":"instock","20":"taxable","21":"shipping-taxable","22":"purchasable","23":"product-type-variable"},"jetpack_sharing_enabled":true,"builder_content":"","_links":{"self":[{"href":"https:\/\/fittingsgo.com\/fr\/wp-json\/wp\/v2\/product\/7275","targetHints":{"allow":["GET"]}}],"collection":[{"href":"https:\/\/fittingsgo.com\/fr\/wp-json\/wp\/v2\/product"}],"about":[{"href":"https:\/\/fittingsgo.com\/fr\/wp-json\/wp\/v2\/types\/product"}],"replies":[{"embeddable":true,"href":"https:\/\/fittingsgo.com\/fr\/wp-json\/wp\/v2\/comments?post=7275"}],"wp:featuredmedia":[{"embeddable":true,"href":"https:\/\/fittingsgo.com\/fr\/wp-json\/wp\/v2\/media\/7274"}],"wp:attachment":[{"href":"https:\/\/fittingsgo.com\/fr\/wp-json\/wp\/v2\/media?parent=7275"}],"wp:term":[{"taxonomy":"product_brand","embeddable":true,"href":"https:\/\/fittingsgo.com\/fr\/wp-json\/wp\/v2\/product_brand?post=7275"},{"taxonomy":"product_cat","embeddable":true,"href":"https:\/\/fittingsgo.com\/fr\/wp-json\/wp\/v2\/product_cat?post=7275"},{"taxonomy":"product_tag","embeddable":true,"href":"https:\/\/fittingsgo.com\/fr\/wp-json\/wp\/v2\/product_tag?post=7275"}],"curies":[{"name":"wp","href":"https:\/\/api.w.org\/{rel}","templated":true}]}}