{"id":7261,"date":"2019-09-28T20:58:16","date_gmt":"2019-09-29T01:58:16","guid":{"rendered":"https:\/\/fittingsgo.com\/product\/joint-detancheite-ultra-copper\/"},"modified":"2019-10-28T19:26:18","modified_gmt":"2019-10-29T00:26:18","slug":"joint-detancheite-ultra-copper","status":"publish","type":"product","link":"https:\/\/fittingsgo.com\/fr\/produit\/joint-detancheite-ultra-copper\/","title":{"rendered":"Joint d\u2019\u00e9tanch\u00e9it\u00e9 \u00abUltra Copper\u00bb"},"content":{"rendered":"<p>59703, 59705, 59713<\/p>\n<div id=\"themify_builder_content-7261\" data-postid=\"7261\" class=\"themify_builder_content themify_builder_content-7261 themify_builder\">\n    <\/div>\n<!-- \/themify_builder_content -->\n","protected":false},"excerpt":{"rendered":"<p>\u2022 Sp\u00e9cifi\u00e9 comme produit d\u2019origine<br \/>\n\u2022 Haute temp\u00e9rature<br \/>\n\u2022 S\u00fbr pour les capteurs et non-corrosif<br \/>\n\u2022 Ne contamine pas les capteurs d\u2019oxyg\u00e8ne ni ne corrode les autres<br \/>\ncomposantes \u00e9lectroniques du moteur<br \/>\n\u2022 Adh\u00e9rence sup\u00e9rieure aux surfaces huileuses avec durabilit\u00e9 \u00e0 long terme \u2022 Con\u00e7u pour les moteurs haute performance ou lorsque la temp\u00e9rature<br \/>\nest tr\u00e8s \u00e9lev\u00e9e<br \/>\n\u2022 R\u00e9sistance sup\u00e9rieure aux liquides de moteur comme l\u2019huile et les<br \/>\nliquides de transmission, de bo\u00eete de vitesses et de refroidissement<br \/>\n\u2022 Temp\u00e9rature de service : -60\u00b0C \u00e0 371\u00b0C (-75\u00b0F \u00e0 700\u00b0F) en intermittence<br \/>\nApplications: Collecteurs d\u2019\u00e9chappement, couvercles de soupape, carters d\u2019huile, carters de distribution, pompes \u00e0 eau, bo\u00eetiers de thermostat.<br \/>\nManufactured by Permatex<\/p>\n","protected":false},"featured_media":7260,"comment_status":"open","ping_status":"closed","template":"","meta":[],"product_brand":[],"product_cat":[427],"product_tag":[180,177],"class_list":{"0":"post-7261","1":"product","2":"type-product","3":"status-publish","4":"has-post-thumbnail","6":"product_cat-silicones-et-adhesifs","7":"product_tag-automotive-fr","8":"product_tag-pieces-dautos","9":"has-post-title","10":"has-post-date","11":"has-post-category","12":"has-post-tag","13":"has-post-comment","14":"has-post-author","15":"","16":"fullcover","18":"first","19":"instock","20":"taxable","21":"shipping-taxable","22":"purchasable","23":"product-type-variable"},"jetpack_sharing_enabled":true,"builder_content":"","_links":{"self":[{"href":"https:\/\/fittingsgo.com\/fr\/wp-json\/wp\/v2\/product\/7261","targetHints":{"allow":["GET"]}}],"collection":[{"href":"https:\/\/fittingsgo.com\/fr\/wp-json\/wp\/v2\/product"}],"about":[{"href":"https:\/\/fittingsgo.com\/fr\/wp-json\/wp\/v2\/types\/product"}],"replies":[{"embeddable":true,"href":"https:\/\/fittingsgo.com\/fr\/wp-json\/wp\/v2\/comments?post=7261"}],"wp:featuredmedia":[{"embeddable":true,"href":"https:\/\/fittingsgo.com\/fr\/wp-json\/wp\/v2\/media\/7260"}],"wp:attachment":[{"href":"https:\/\/fittingsgo.com\/fr\/wp-json\/wp\/v2\/media?parent=7261"}],"wp:term":[{"taxonomy":"product_brand","embeddable":true,"href":"https:\/\/fittingsgo.com\/fr\/wp-json\/wp\/v2\/product_brand?post=7261"},{"taxonomy":"product_cat","embeddable":true,"href":"https:\/\/fittingsgo.com\/fr\/wp-json\/wp\/v2\/product_cat?post=7261"},{"taxonomy":"product_tag","embeddable":true,"href":"https:\/\/fittingsgo.com\/fr\/wp-json\/wp\/v2\/product_tag?post=7261"}],"curies":[{"name":"wp","href":"https:\/\/api.w.org\/{rel}","templated":true}]}}