{"id":7241,"date":"2019-09-28T20:02:32","date_gmt":"2019-09-29T01:02:32","guid":{"rendered":"https:\/\/fittingsgo.com\/product\/right-stuff-le-fabricant-de-joints-en-une-minute\/"},"modified":"2020-03-19T20:55:57","modified_gmt":"2020-03-20T01:55:57","slug":"right-stuff-le-fabricant-de-joints-en-une-minute","status":"publish","type":"product","link":"https:\/\/fittingsgo.com\/fr\/produit\/right-stuff-le-fabricant-de-joints-en-une-minute\/","title":{"rendered":"\u00abRight Stuff\u00bb le fabricant de joints en une minute"},"content":{"rendered":"<p>30873, 30874, 30878, 26015, 30877<\/p>\n<div id=\"themify_builder_content-7241\" data-postid=\"7241\" class=\"themify_builder_content themify_builder_content-7241 themify_builder\">\n    <\/div>\n<!-- \/themify_builder_content -->\n","protected":false},"excerpt":{"rendered":"<p>\u2022 Sp\u00e9cifi\u00e9 en premi\u00e8re monte par Chrysler, Ford, GM et Mercedes-Benz<br \/>\n\u2022 S\u00fbr pour les capteurs et non-corrosif<br \/>\n\u2022 Ne contamine pas les capteurs d\u2019oxyg\u00e8ne ni ne corrode les autres<br \/>\ncomposantes \u00e9lectroniques du moteur<br \/>\n\u2022 Scelle instantan\u00e9ment, formant un joint de caoutchouc \u00e9lastom\u00e9rique durable et fiable \u2022 R\u00e9siste \u00e0 l\u2019\u00e9clatement, permettant de former des joints \u00e9tanches en \u00e0 peine une minute \u2022 R\u00e9sistance sup\u00e9rieure aux liquides de moteur comme l\u2019huile de moteur,<br \/>\nliquides de transmission, de bo\u00eete de vitesses et de refroidissement<br \/>\n\u2022 \u00c9limine le besoin pour les joints pr\u00e9form\u00e9s, pr\u00e9coup\u00e9s, en papier, en caoutchouc<br \/>\nou en li\u00e8ge<br \/>\n\u2022 Temp\u00e9rature de -60\u00b0C \u00e0 260\u00b0C (-75\u00b0F \u00e0 500\u00b0F) en intermittence<br \/>\nApplications: Joints automobiles, industriels et marins, couvercles de soupape et de bo\u00eete d\u2019engrenage, compresseurs, carters d\u2019huile, bo\u00eetiers de thermostat, pompes \u00e0 eau, etc.<br \/>\nFabriqu\u00e9 par Permatex<\/p>\n","protected":false},"featured_media":7240,"comment_status":"open","ping_status":"closed","template":"","meta":[],"product_brand":[],"product_cat":[427],"product_tag":[180,189,177],"class_list":{"0":"post-7241","1":"product","2":"type-product","3":"status-publish","4":"has-post-thumbnail","6":"product_cat-silicones-et-adhesifs","7":"product_tag-automotive-fr","8":"product_tag-fournitures-datelier","9":"product_tag-pieces-dautos","10":"has-post-title","11":"has-post-date","12":"has-post-category","13":"has-post-tag","14":"has-post-comment","15":"has-post-author","16":"","17":"fullcover","19":"first","20":"instock","21":"taxable","22":"shipping-taxable","23":"purchasable","24":"product-type-variable"},"jetpack_sharing_enabled":true,"builder_content":"","_links":{"self":[{"href":"https:\/\/fittingsgo.com\/fr\/wp-json\/wp\/v2\/product\/7241","targetHints":{"allow":["GET"]}}],"collection":[{"href":"https:\/\/fittingsgo.com\/fr\/wp-json\/wp\/v2\/product"}],"about":[{"href":"https:\/\/fittingsgo.com\/fr\/wp-json\/wp\/v2\/types\/product"}],"replies":[{"embeddable":true,"href":"https:\/\/fittingsgo.com\/fr\/wp-json\/wp\/v2\/comments?post=7241"}],"wp:featuredmedia":[{"embeddable":true,"href":"https:\/\/fittingsgo.com\/fr\/wp-json\/wp\/v2\/media\/7240"}],"wp:attachment":[{"href":"https:\/\/fittingsgo.com\/fr\/wp-json\/wp\/v2\/media?parent=7241"}],"wp:term":[{"taxonomy":"product_brand","embeddable":true,"href":"https:\/\/fittingsgo.com\/fr\/wp-json\/wp\/v2\/product_brand?post=7241"},{"taxonomy":"product_cat","embeddable":true,"href":"https:\/\/fittingsgo.com\/fr\/wp-json\/wp\/v2\/product_cat?post=7241"},{"taxonomy":"product_tag","embeddable":true,"href":"https:\/\/fittingsgo.com\/fr\/wp-json\/wp\/v2\/product_tag?post=7241"}],"curies":[{"name":"wp","href":"https:\/\/api.w.org\/{rel}","templated":true}]}}