{"id":7191,"date":"2019-09-27T21:10:44","date_gmt":"2019-09-28T02:10:44","guid":{"rendered":"https:\/\/fittingsgo.com\/product\/convertisseurs-catalytiques-universels\/"},"modified":"2020-05-21T18:41:51","modified_gmt":"2020-05-21T23:41:51","slug":"convertisseurs-catalytiques-universels","status":"publish","type":"product","link":"https:\/\/fittingsgo.com\/fr\/produit\/convertisseurs-catalytiques-universels\/","title":{"rendered":"Convertisseurs catalytiques universels ovales OBDII"},"content":{"rendered":"<p>99004HM, 99005HM, 99006HM, 99009HM, 99034HM, 99035HM, 99036HM, 99039HM, 99064HM, 99065HM, 99066HM, 99069HM, 99104HM, 99105HM, 99106HM, 99109HM, 99134HM, 99135HM,  99136HM, 99505HM, 99506HM, 99509HM<\/p>\n<div id=\"themify_builder_content-7191\" data-postid=\"7191\" class=\"themify_builder_content themify_builder_content-7191 themify_builder\">\n    <\/div>\n<!-- \/themify_builder_content -->\n","protected":false},"excerpt":{"rendered":"<p>Convertisseur catalytique ovale universel OBDII.<br \/>\nTous les convertisseurs catalytiques f\u00e9d\u00e9raux r\u00e9pondent aux exigences de l&#8217;EPA. Les convertisseurs catalytiques f\u00e9d\u00e9raux ne sont pas l\u00e9gaux pour la vente, l&#8217;installation ou l&#8217;utilisation sur des v\u00e9hicules immatricul\u00e9s dans l&#8217;\u00c9tat de Californie.<br \/>\nFabriqu\u00e9 par Magnaflow.<\/p>\n","protected":false},"featured_media":7170,"comment_status":"open","ping_status":"closed","template":"","meta":[],"product_brand":[],"product_cat":[178],"product_tag":[180,177],"class_list":{"0":"post-7191","1":"product","2":"type-product","3":"status-publish","4":"has-post-thumbnail","6":"product_cat-echappement","7":"product_tag-automotive-fr","8":"product_tag-pieces-dautos","9":"has-post-title","10":"has-post-date","11":"has-post-category","12":"has-post-tag","13":"has-post-comment","14":"has-post-author","15":"","16":"fullcover","18":"first","19":"instock","20":"taxable","21":"shipping-taxable","22":"purchasable","23":"product-type-variable"},"jetpack_sharing_enabled":true,"builder_content":"","_links":{"self":[{"href":"https:\/\/fittingsgo.com\/fr\/wp-json\/wp\/v2\/product\/7191","targetHints":{"allow":["GET"]}}],"collection":[{"href":"https:\/\/fittingsgo.com\/fr\/wp-json\/wp\/v2\/product"}],"about":[{"href":"https:\/\/fittingsgo.com\/fr\/wp-json\/wp\/v2\/types\/product"}],"replies":[{"embeddable":true,"href":"https:\/\/fittingsgo.com\/fr\/wp-json\/wp\/v2\/comments?post=7191"}],"wp:featuredmedia":[{"embeddable":true,"href":"https:\/\/fittingsgo.com\/fr\/wp-json\/wp\/v2\/media\/7170"}],"wp:attachment":[{"href":"https:\/\/fittingsgo.com\/fr\/wp-json\/wp\/v2\/media?parent=7191"}],"wp:term":[{"taxonomy":"product_brand","embeddable":true,"href":"https:\/\/fittingsgo.com\/fr\/wp-json\/wp\/v2\/product_brand?post=7191"},{"taxonomy":"product_cat","embeddable":true,"href":"https:\/\/fittingsgo.com\/fr\/wp-json\/wp\/v2\/product_cat?post=7191"},{"taxonomy":"product_tag","embeddable":true,"href":"https:\/\/fittingsgo.com\/fr\/wp-json\/wp\/v2\/product_tag?post=7191"}],"curies":[{"name":"wp","href":"https:\/\/api.w.org\/{rel}","templated":true}]}}