{"id":7102,"date":"2019-09-25T20:56:51","date_gmt":"2019-09-26T01:56:51","guid":{"rendered":"https:\/\/fittingsgo.com\/product\/conducteurs-de-terre-collier-a-cosse\/"},"modified":"2020-09-07T22:51:31","modified_gmt":"2020-09-08T03:51:31","slug":"conducteurs-de-terre-collier-a-cosse","status":"publish","type":"product","link":"https:\/\/fittingsgo.com\/fr\/produit\/conducteurs-de-terre-collier-a-cosse\/","title":{"rendered":"Conducteurs de terre collier \u00e0 cosse"},"content":{"rendered":"<p>Interchange: 6254BP, 6255BP, 628311<\/p>\n<div id=\"themify_builder_content-7102\" data-postid=\"7102\" class=\"themify_builder_content themify_builder_content-7102 themify_builder\">\n    <\/div>\n<!-- \/themify_builder_content -->\n","protected":false},"excerpt":{"rendered":"<p>R\u00e9sout les probl\u00e8mes \u00e9lectriques en mettant \u00e0 la terre les syst\u00e8mes de charge. Protection maximale contre la corrosion pour les v\u00e9hicules agricoles, les v\u00e9hicules utilitaires et les applications tout-terrain.<br \/>\nFabriqu\u00e9 par Pico<\/p>\n","protected":false},"featured_media":7101,"comment_status":"open","ping_status":"closed","template":"","meta":[],"product_brand":[],"product_cat":[420],"product_tag":[180,177],"class_list":{"0":"post-7102","1":"product","2":"type-product","3":"status-publish","4":"has-post-thumbnail","6":"product_cat-conducteurs-de-terre","7":"product_tag-automotive-fr","8":"product_tag-pieces-dautos","9":"has-post-title","10":"has-post-date","11":"has-post-category","12":"has-post-tag","13":"has-post-comment","14":"has-post-author","15":"","16":"fullcover","18":"first","19":"instock","20":"taxable","21":"shipping-taxable","22":"purchasable","23":"product-type-variable"},"jetpack_sharing_enabled":true,"builder_content":"","_links":{"self":[{"href":"https:\/\/fittingsgo.com\/fr\/wp-json\/wp\/v2\/product\/7102","targetHints":{"allow":["GET"]}}],"collection":[{"href":"https:\/\/fittingsgo.com\/fr\/wp-json\/wp\/v2\/product"}],"about":[{"href":"https:\/\/fittingsgo.com\/fr\/wp-json\/wp\/v2\/types\/product"}],"replies":[{"embeddable":true,"href":"https:\/\/fittingsgo.com\/fr\/wp-json\/wp\/v2\/comments?post=7102"}],"wp:featuredmedia":[{"embeddable":true,"href":"https:\/\/fittingsgo.com\/fr\/wp-json\/wp\/v2\/media\/7101"}],"wp:attachment":[{"href":"https:\/\/fittingsgo.com\/fr\/wp-json\/wp\/v2\/media?parent=7102"}],"wp:term":[{"taxonomy":"product_brand","embeddable":true,"href":"https:\/\/fittingsgo.com\/fr\/wp-json\/wp\/v2\/product_brand?post=7102"},{"taxonomy":"product_cat","embeddable":true,"href":"https:\/\/fittingsgo.com\/fr\/wp-json\/wp\/v2\/product_cat?post=7102"},{"taxonomy":"product_tag","embeddable":true,"href":"https:\/\/fittingsgo.com\/fr\/wp-json\/wp\/v2\/product_tag?post=7102"}],"curies":[{"name":"wp","href":"https:\/\/api.w.org\/{rel}","templated":true}]}}