{"id":7040,"date":"2019-09-24T21:38:52","date_gmt":"2019-09-25T02:38:52","guid":{"rendered":"https:\/\/fittingsgo.com\/product\/wrap-dechappement\/"},"modified":"2021-06-18T21:35:18","modified_gmt":"2021-06-19T02:35:18","slug":"wrap-dechappement","status":"publish","type":"product","link":"https:\/\/fittingsgo.com\/fr\/produit\/wrap-dechappement\/","title":{"rendered":"\u00abWrap\u00bb d&#8217;\u00e9chappement"},"content":{"rendered":"<p>11151, 11001, 11003, 11152, 11002-25, 11002, 11006, 11008, 11153, 11021, 11023, 11154, 11022-25, 11022, 11031, 11032, 11041, 11042, 11061, 11062<\/p>\n<div id=\"themify_builder_content-7040\" data-postid=\"7040\" class=\"themify_builder_content themify_builder_content-7040 themify_builder\">\n    <\/div>\n<!-- \/themify_builder_content -->\n","protected":false},"excerpt":{"rendered":"<p>L&#8217;enveloppe d&#8217;\u00e9chappement est un moyen innovant de cr\u00e9er plus de puissance et de r\u00e9duire les temp\u00e9ratures sous le capot. Le rev\u00eatement isolant d&#8217;\u00e9chappement d&#8217;origine a \u00e9t\u00e9 mis au point par Thermo-Tec il y a plus de 30 ans. Les collecteurs d&#8217;habillage maintiennent des gaz d&#8217;\u00e9chappement plus chauds qui sortent du syst\u00e8me plus rapidement gr\u00e2ce \u00e0 une densit\u00e9 r\u00e9duite. Une \u00e9vacuation accrue des gaz d\u2019\u00e9chappement est produite, ainsi que des temp\u00e9ratures d\u2019admission plus basses. Le rev\u00eatement isolant d&#8217;\u00e9chappement r\u00e9siste \u00e0 la chaleur continue jusqu&#8217;\u00e0 2000 \u00b0 F et ne contient pas d&#8217;amiante. Le film d\u2019\u00e9chappement Thermo-Tec ne sur-isolera pas un syst\u00e8me correctement install\u00e9 gr\u00e2ce \u00e0 un rev\u00eatement brevet\u00e9 d\u00e9velopp\u00e9 par Thermo-Tec &#8211; Technologie de conduction thermique (TCT) &#8211; qui transmet la chaleur \u00e0 la surface du film. Ce rev\u00eatement contr\u00f4le l&#8217;accumulation et la dissipation de chaleur.<\/p>\n","protected":false},"featured_media":7039,"comment_status":"open","ping_status":"closed","template":"","meta":[],"product_brand":[],"product_cat":[178],"product_tag":[180,177],"class_list":{"0":"post-7040","1":"product","2":"type-product","3":"status-publish","4":"has-post-thumbnail","6":"product_cat-echappement","7":"product_tag-automotive-fr","8":"product_tag-pieces-dautos","9":"has-post-title","10":"has-post-date","11":"has-post-category","12":"has-post-tag","13":"has-post-comment","14":"has-post-author","15":"","16":"fullcover","18":"first","19":"instock","20":"taxable","21":"shipping-taxable","22":"purchasable","23":"product-type-variable"},"jetpack_sharing_enabled":true,"builder_content":"","_links":{"self":[{"href":"https:\/\/fittingsgo.com\/fr\/wp-json\/wp\/v2\/product\/7040","targetHints":{"allow":["GET"]}}],"collection":[{"href":"https:\/\/fittingsgo.com\/fr\/wp-json\/wp\/v2\/product"}],"about":[{"href":"https:\/\/fittingsgo.com\/fr\/wp-json\/wp\/v2\/types\/product"}],"replies":[{"embeddable":true,"href":"https:\/\/fittingsgo.com\/fr\/wp-json\/wp\/v2\/comments?post=7040"}],"wp:featuredmedia":[{"embeddable":true,"href":"https:\/\/fittingsgo.com\/fr\/wp-json\/wp\/v2\/media\/7039"}],"wp:attachment":[{"href":"https:\/\/fittingsgo.com\/fr\/wp-json\/wp\/v2\/media?parent=7040"}],"wp:term":[{"taxonomy":"product_brand","embeddable":true,"href":"https:\/\/fittingsgo.com\/fr\/wp-json\/wp\/v2\/product_brand?post=7040"},{"taxonomy":"product_cat","embeddable":true,"href":"https:\/\/fittingsgo.com\/fr\/wp-json\/wp\/v2\/product_cat?post=7040"},{"taxonomy":"product_tag","embeddable":true,"href":"https:\/\/fittingsgo.com\/fr\/wp-json\/wp\/v2\/product_tag?post=7040"}],"curies":[{"name":"wp","href":"https:\/\/api.w.org\/{rel}","templated":true}]}}