{"id":6990,"date":"2019-09-22T20:16:20","date_gmt":"2019-09-23T01:16:20","guid":{"rendered":"https:\/\/fittingsgo.com\/product\/graisse-synthetique-avec-teflon-super-lube\/"},"modified":"2019-09-22T20:19:28","modified_gmt":"2019-09-23T01:19:28","slug":"graisse-synthetique-avec-teflon-super-lube","status":"publish","type":"product","link":"https:\/\/fittingsgo.com\/fr\/produit\/graisse-synthetique-avec-teflon-super-lube\/","title":{"rendered":"Graisse synth\u00e9tique avec teflon \u00abSuper Lube\u00bb"},"content":{"rendered":"<p>41150<\/p>\n<div id=\"themify_builder_content-6990\" data-postid=\"6990\" class=\"themify_builder_content themify_builder_content-6990 themify_builder\">\n    <\/div>\n<!-- \/themify_builder_content -->\n","protected":false},"excerpt":{"rendered":"<p>\u00abSuper Lube Grease\u00bb est un lubrifiant synth\u00e9tique polyvalent brevet\u00e9 NLGI Grade 2 avec Syncolon (PTFE). Les fluides de base synth\u00e9tiques et l\u2019ajout de micropoudres Syncolon (PTFE) se combinent pour former un lubrifiant haut de gamme qui offre une protection de longue dur\u00e9e contre les frottements, l\u2019usure, la rouille et la corrosion dans une plage de temp\u00e9ratures allant de -43 \u00b0 C \u00e0 des temp\u00e9ratures allant de -45 \u00e0 450 \u00b0 F. \u00e0 232 \u00b0 C). Les machines durent plus longtemps, les temps d&#8217;arr\u00eat sont r\u00e9duits et la productivit\u00e9 accrue.<br \/>\nLa graisse synth\u00e9tique polyvalente Super Lube est di\u00e9lectrique, de qualit\u00e9 alimentaire, propre et respectueuse de l&#8217;environnement. Il offre une bonne stabilit\u00e9 m\u00e9canique, ne s&#8217;\u00e9vapore pas et ne forme pas de d\u00e9p\u00f4ts collants. Il ne va pas fondre ou se s\u00e9parer.<\/p>\n","protected":false},"featured_media":6989,"comment_status":"open","ping_status":"closed","template":"","meta":[],"product_brand":[],"product_cat":[302],"product_tag":[180,189,177],"class_list":{"0":"post-6990","1":"product","2":"type-product","3":"status-publish","4":"has-post-thumbnail","6":"product_cat-graisses","7":"product_tag-automotive-fr","8":"product_tag-fournitures-datelier","9":"product_tag-pieces-dautos","10":"has-post-title","11":"has-post-date","12":"has-post-category","13":"has-post-tag","14":"has-post-comment","15":"has-post-author","16":"","17":"fullcover","19":"first","20":"instock","21":"taxable","22":"shipping-taxable","23":"purchasable","24":"product-type-simple"},"jetpack_sharing_enabled":true,"builder_content":"","_links":{"self":[{"href":"https:\/\/fittingsgo.com\/fr\/wp-json\/wp\/v2\/product\/6990","targetHints":{"allow":["GET"]}}],"collection":[{"href":"https:\/\/fittingsgo.com\/fr\/wp-json\/wp\/v2\/product"}],"about":[{"href":"https:\/\/fittingsgo.com\/fr\/wp-json\/wp\/v2\/types\/product"}],"replies":[{"embeddable":true,"href":"https:\/\/fittingsgo.com\/fr\/wp-json\/wp\/v2\/comments?post=6990"}],"wp:featuredmedia":[{"embeddable":true,"href":"https:\/\/fittingsgo.com\/fr\/wp-json\/wp\/v2\/media\/6989"}],"wp:attachment":[{"href":"https:\/\/fittingsgo.com\/fr\/wp-json\/wp\/v2\/media?parent=6990"}],"wp:term":[{"taxonomy":"product_brand","embeddable":true,"href":"https:\/\/fittingsgo.com\/fr\/wp-json\/wp\/v2\/product_brand?post=6990"},{"taxonomy":"product_cat","embeddable":true,"href":"https:\/\/fittingsgo.com\/fr\/wp-json\/wp\/v2\/product_cat?post=6990"},{"taxonomy":"product_tag","embeddable":true,"href":"https:\/\/fittingsgo.com\/fr\/wp-json\/wp\/v2\/product_tag?post=6990"}],"curies":[{"name":"wp","href":"https:\/\/api.w.org\/{rel}","templated":true}]}}