{"id":6976,"date":"2019-09-22T19:44:29","date_gmt":"2019-09-23T00:44:29","guid":{"rendered":"https:\/\/fittingsgo.com\/product\/booster-de-ressort-helicoidal-a-base-ronde-en-caoutchouc\/"},"modified":"2020-05-04T22:16:30","modified_gmt":"2020-05-05T03:16:30","slug":"booster-de-ressort-helicoidal-a-base-ronde-en-caoutchouc","status":"publish","type":"product","link":"https:\/\/fittingsgo.com\/fr\/produit\/booster-de-ressort-helicoidal-a-base-ronde-en-caoutchouc\/","title":{"rendered":"\u00abBooster\u00bb de ressort h\u00e9lico\u00efdal \u00e0 base ronde en caoutchouc"},"content":{"rendered":"<p>181901, 18-1901<\/p>\n<div id=\"themify_builder_content-6976\" data-postid=\"6976\" class=\"themify_builder_content themify_builder_content-6976 themify_builder\">\n    <\/div>\n<!-- \/themify_builder_content -->\n","protected":false},"excerpt":{"rendered":"<p>Le puissant surpresseur \u00e0 ressort h\u00e9lico\u00efdal en caoutchouc ajoute ou restaure la portance des ressorts affaiss\u00e9s et r\u00e9duit le soul\u00e8vement.<br \/>\n1,5 po d&#8217;\u00e9paisseur en forme de H, ajoute 1 po de levage<br \/>\n1 \u00abbooster\u00bb \u00e0 l&#8217;unit\u00e9<br \/>\nFabriqu\u00e9 par Superior Automotive<\/p>\n","protected":false},"featured_media":6973,"comment_status":"open","ping_status":"closed","template":"","meta":[],"product_brand":[],"product_cat":[645],"product_tag":[180,177],"class_list":{"0":"post-6976","1":"product","2":"type-product","3":"status-publish","4":"has-post-thumbnail","6":"product_cat-durcisseur-de-suspension","7":"product_tag-automotive-fr","8":"product_tag-pieces-dautos","9":"has-post-title","10":"has-post-date","11":"has-post-category","12":"has-post-tag","13":"has-post-comment","14":"has-post-author","15":"","16":"fullcover","18":"first","19":"instock","20":"taxable","21":"shipping-taxable","22":"purchasable","23":"product-type-simple"},"jetpack_sharing_enabled":true,"builder_content":"","_links":{"self":[{"href":"https:\/\/fittingsgo.com\/fr\/wp-json\/wp\/v2\/product\/6976","targetHints":{"allow":["GET"]}}],"collection":[{"href":"https:\/\/fittingsgo.com\/fr\/wp-json\/wp\/v2\/product"}],"about":[{"href":"https:\/\/fittingsgo.com\/fr\/wp-json\/wp\/v2\/types\/product"}],"replies":[{"embeddable":true,"href":"https:\/\/fittingsgo.com\/fr\/wp-json\/wp\/v2\/comments?post=6976"}],"wp:featuredmedia":[{"embeddable":true,"href":"https:\/\/fittingsgo.com\/fr\/wp-json\/wp\/v2\/media\/6973"}],"wp:attachment":[{"href":"https:\/\/fittingsgo.com\/fr\/wp-json\/wp\/v2\/media?parent=6976"}],"wp:term":[{"taxonomy":"product_brand","embeddable":true,"href":"https:\/\/fittingsgo.com\/fr\/wp-json\/wp\/v2\/product_brand?post=6976"},{"taxonomy":"product_cat","embeddable":true,"href":"https:\/\/fittingsgo.com\/fr\/wp-json\/wp\/v2\/product_cat?post=6976"},{"taxonomy":"product_tag","embeddable":true,"href":"https:\/\/fittingsgo.com\/fr\/wp-json\/wp\/v2\/product_tag?post=6976"}],"curies":[{"name":"wp","href":"https:\/\/api.w.org\/{rel}","templated":true}]}}