{"id":6970,"date":"2019-09-22T19:32:17","date_gmt":"2019-09-23T00:32:17","guid":{"rendered":"https:\/\/fittingsgo.com\/product\/entretoises-reglables-bi-directionnelles-de-ressort-helicoidal\/"},"modified":"2020-05-04T22:15:08","modified_gmt":"2020-05-05T03:15:08","slug":"entretoises-reglables-bi-directionnelles-de-ressort-helicoidal","status":"publish","type":"product","link":"https:\/\/fittingsgo.com\/fr\/produit\/entretoises-reglables-bi-directionnelles-de-ressort-helicoidal\/","title":{"rendered":"Entretoises r\u00e9glables bi-directionnelles de ressort h\u00e9lico\u00efdal"},"content":{"rendered":"<p>181201, 18-1201<\/p>\n<div id=\"themify_builder_content-6970\" data-postid=\"6970\" class=\"themify_builder_content themify_builder_content-6970 themify_builder\">\n    <\/div>\n<!-- \/themify_builder_content -->\n","protected":false},"excerpt":{"rendered":"<p>Dispositif unique r\u00e9glable permettant d&#8217;\u00e9taler ou de comprimer les ressorts en tournant les \u00e9crous avec une cl\u00e9. Les doubles selles maintiennent le ressort h\u00e9lico\u00efdal dans le bon alignement. Ajoute 1 po &#8211; 2 po lift.<br \/>\n2 pinces par unit\u00e9.<br \/>\nFabriqu\u00e9 par Superior Automotive.<\/p>\n","protected":false},"featured_media":6965,"comment_status":"open","ping_status":"closed","template":"","meta":[],"product_brand":[],"product_cat":[645],"product_tag":[180,177],"class_list":{"0":"post-6970","1":"product","2":"type-product","3":"status-publish","4":"has-post-thumbnail","6":"product_cat-durcisseur-de-suspension","7":"product_tag-automotive-fr","8":"product_tag-pieces-dautos","9":"has-post-title","10":"has-post-date","11":"has-post-category","12":"has-post-tag","13":"has-post-comment","14":"has-post-author","15":"","16":"fullcover","18":"first","19":"instock","20":"taxable","21":"shipping-taxable","22":"purchasable","23":"product-type-simple"},"jetpack_sharing_enabled":true,"builder_content":"","_links":{"self":[{"href":"https:\/\/fittingsgo.com\/fr\/wp-json\/wp\/v2\/product\/6970","targetHints":{"allow":["GET"]}}],"collection":[{"href":"https:\/\/fittingsgo.com\/fr\/wp-json\/wp\/v2\/product"}],"about":[{"href":"https:\/\/fittingsgo.com\/fr\/wp-json\/wp\/v2\/types\/product"}],"replies":[{"embeddable":true,"href":"https:\/\/fittingsgo.com\/fr\/wp-json\/wp\/v2\/comments?post=6970"}],"wp:featuredmedia":[{"embeddable":true,"href":"https:\/\/fittingsgo.com\/fr\/wp-json\/wp\/v2\/media\/6965"}],"wp:attachment":[{"href":"https:\/\/fittingsgo.com\/fr\/wp-json\/wp\/v2\/media?parent=6970"}],"wp:term":[{"taxonomy":"product_brand","embeddable":true,"href":"https:\/\/fittingsgo.com\/fr\/wp-json\/wp\/v2\/product_brand?post=6970"},{"taxonomy":"product_cat","embeddable":true,"href":"https:\/\/fittingsgo.com\/fr\/wp-json\/wp\/v2\/product_cat?post=6970"},{"taxonomy":"product_tag","embeddable":true,"href":"https:\/\/fittingsgo.com\/fr\/wp-json\/wp\/v2\/product_tag?post=6970"}],"curies":[{"name":"wp","href":"https:\/\/api.w.org\/{rel}","templated":true}]}}