{"id":6958,"date":"2019-09-22T18:48:58","date_gmt":"2019-09-22T23:48:58","guid":{"rendered":"https:\/\/fittingsgo.com\/product\/boosters-a-ressorts-helicoidaux-en-caoutchouc-reguliers\/"},"modified":"2022-04-04T21:00:09","modified_gmt":"2022-04-05T02:00:09","slug":"boosters-a-ressorts-helicoidaux-en-caoutchouc-reguliers","status":"publish","type":"product","link":"https:\/\/fittingsgo.com\/fr\/produit\/boosters-a-ressorts-helicoidaux-en-caoutchouc-reguliers\/","title":{"rendered":"\u00abBoosters\u00bb \u00e0 ressorts h\u00e9lico\u00efdaux en caoutchouc r\u00e9guliers"},"content":{"rendered":"<p>181601, 18-1601<\/p>\n<div id=\"themify_builder_content-6958\" data-postid=\"6958\" class=\"themify_builder_content themify_builder_content-6958 themify_builder\">\n    <\/div>\n<!-- \/themify_builder_content -->\n","protected":false},"excerpt":{"rendered":"<p>Des ressorts de suspension h\u00e9lico\u00efdaux en caoutchouc d&#8217;une \u00e9paisseur de 1 1\/2 po ajoutent ou restituent la portance aux ressorts affaiss\u00e9s et r\u00e9duisent l&#8217;effet de fond. Ajoute environ 1 po ascenseur.<br \/>\n4 boosters par unit\u00e9.<br \/>\nFabriqu\u00e9 par Superior Automotive<\/p>\n","protected":false},"featured_media":6955,"comment_status":"open","ping_status":"closed","template":"","meta":[],"product_brand":[],"product_cat":[645],"product_tag":[180,177],"class_list":{"0":"post-6958","1":"product","2":"type-product","3":"status-publish","4":"has-post-thumbnail","6":"product_cat-durcisseur-de-suspension","7":"product_tag-automotive-fr","8":"product_tag-pieces-dautos","9":"has-post-title","10":"has-post-date","11":"has-post-category","12":"has-post-tag","13":"has-post-comment","14":"has-post-author","15":"","16":"fullcover","18":"first","19":"outofstock","20":"taxable","21":"shipping-taxable","22":"purchasable","23":"product-type-simple"},"jetpack_sharing_enabled":true,"builder_content":"","_links":{"self":[{"href":"https:\/\/fittingsgo.com\/fr\/wp-json\/wp\/v2\/product\/6958","targetHints":{"allow":["GET"]}}],"collection":[{"href":"https:\/\/fittingsgo.com\/fr\/wp-json\/wp\/v2\/product"}],"about":[{"href":"https:\/\/fittingsgo.com\/fr\/wp-json\/wp\/v2\/types\/product"}],"replies":[{"embeddable":true,"href":"https:\/\/fittingsgo.com\/fr\/wp-json\/wp\/v2\/comments?post=6958"}],"wp:featuredmedia":[{"embeddable":true,"href":"https:\/\/fittingsgo.com\/fr\/wp-json\/wp\/v2\/media\/6955"}],"wp:attachment":[{"href":"https:\/\/fittingsgo.com\/fr\/wp-json\/wp\/v2\/media?parent=6958"}],"wp:term":[{"taxonomy":"product_brand","embeddable":true,"href":"https:\/\/fittingsgo.com\/fr\/wp-json\/wp\/v2\/product_brand?post=6958"},{"taxonomy":"product_cat","embeddable":true,"href":"https:\/\/fittingsgo.com\/fr\/wp-json\/wp\/v2\/product_cat?post=6958"},{"taxonomy":"product_tag","embeddable":true,"href":"https:\/\/fittingsgo.com\/fr\/wp-json\/wp\/v2\/product_tag?post=6958"}],"curies":[{"name":"wp","href":"https:\/\/api.w.org\/{rel}","templated":true}]}}