{"id":6950,"date":"2019-09-21T22:06:05","date_gmt":"2019-09-22T03:06:05","guid":{"rendered":"https:\/\/fittingsgo.com\/product\/graisse-dielectrique\/"},"modified":"2020-01-15T22:05:23","modified_gmt":"2020-01-16T03:05:23","slug":"graisse-dielectrique","status":"publish","type":"product","link":"https:\/\/fittingsgo.com\/fr\/produit\/graisse-dielectrique\/","title":{"rendered":"Graisse di\u00e9lectrique"},"content":{"rendered":"<p>22065<\/p>\n<div id=\"themify_builder_content-6950\" data-postid=\"6950\" class=\"themify_builder_content themify_builder_content-6950 themify_builder\">\n    <\/div>\n<!-- \/themify_builder_content -->\n","protected":false},"excerpt":{"rendered":"<p>Prot\u00e8ge les connexions \u00e9lectriques et le c\u00e2blage contre le sel, la salet\u00e9 et la corrosion. Prolonge la vie des douilles d&#8217;ampoules. Emp\u00eache les fuites de tension autour de toute connexion \u00e9lectrique. Emp\u00eache \u00e9galement les bougies d\u2019allumage de fondre. N\u00e9cessaire pour les syst\u00e8mes d&#8217;allumage modernes \u00e0 haute \u00e9nergie.<br \/>\n3 oz<br \/>\nFabriqu\u00e9 par Permatex<\/p>\n","protected":false},"featured_media":6949,"comment_status":"open","ping_status":"closed","template":"","meta":[],"product_brand":[],"product_cat":[302],"product_tag":[180,189,177],"class_list":{"0":"post-6950","1":"product","2":"type-product","3":"status-publish","4":"has-post-thumbnail","6":"product_cat-graisses","7":"product_tag-automotive-fr","8":"product_tag-fournitures-datelier","9":"product_tag-pieces-dautos","10":"has-post-title","11":"has-post-date","12":"has-post-category","13":"has-post-tag","14":"has-post-comment","15":"has-post-author","16":"","17":"fullcover","19":"first","20":"instock","21":"taxable","22":"shipping-taxable","23":"purchasable","24":"product-type-simple"},"jetpack_sharing_enabled":true,"builder_content":"","_links":{"self":[{"href":"https:\/\/fittingsgo.com\/fr\/wp-json\/wp\/v2\/product\/6950","targetHints":{"allow":["GET"]}}],"collection":[{"href":"https:\/\/fittingsgo.com\/fr\/wp-json\/wp\/v2\/product"}],"about":[{"href":"https:\/\/fittingsgo.com\/fr\/wp-json\/wp\/v2\/types\/product"}],"replies":[{"embeddable":true,"href":"https:\/\/fittingsgo.com\/fr\/wp-json\/wp\/v2\/comments?post=6950"}],"wp:featuredmedia":[{"embeddable":true,"href":"https:\/\/fittingsgo.com\/fr\/wp-json\/wp\/v2\/media\/6949"}],"wp:attachment":[{"href":"https:\/\/fittingsgo.com\/fr\/wp-json\/wp\/v2\/media?parent=6950"}],"wp:term":[{"taxonomy":"product_brand","embeddable":true,"href":"https:\/\/fittingsgo.com\/fr\/wp-json\/wp\/v2\/product_brand?post=6950"},{"taxonomy":"product_cat","embeddable":true,"href":"https:\/\/fittingsgo.com\/fr\/wp-json\/wp\/v2\/product_cat?post=6950"},{"taxonomy":"product_tag","embeddable":true,"href":"https:\/\/fittingsgo.com\/fr\/wp-json\/wp\/v2\/product_tag?post=6950"}],"curies":[{"name":"wp","href":"https:\/\/api.w.org\/{rel}","templated":true}]}}