{"id":6921,"date":"2019-09-19T22:01:45","date_gmt":"2019-09-20T03:01:45","guid":{"rendered":"https:\/\/fittingsgo.com\/product\/adhesif-a-prise-rapide\/"},"modified":"2019-10-28T19:28:09","modified_gmt":"2019-10-29T00:28:09","slug":"adhesif-a-prise-rapide","status":"publish","type":"product","link":"https:\/\/fittingsgo.com\/fr\/produit\/adhesif-a-prise-rapide\/","title":{"rendered":"Adh\u00e9sif \u00e0 prise rapide"},"content":{"rendered":"<p>100812<\/p>\n<div id=\"themify_builder_content-6921\" data-postid=\"6921\" class=\"themify_builder_content themify_builder_content-6921 themify_builder\">\n    <\/div>\n<!-- \/themify_builder_content -->\n","protected":false},"excerpt":{"rendered":"<p>Adh\u00e9sif Maxim Fast Set<br \/>\nUtilis\u00e9 pour le remplacement des habillages de portes, des toits, des panneaux de quart de lit, des c\u00f4t\u00e9s de lit de camion, des c\u00f4t\u00e9s de v\u00e9hicules utilitaires et d&#8217;autres panneaux non structurels. L&#8217;adh\u00e9sif de liaison \u00e0 prise rapide Maxim \u2122 offre une excellente adh\u00e9rence sur l&#8217;acier nu, l&#8217;acier galvanis\u00e9, l&#8217;aluminium et les panneaux rev\u00eatus d&#8217;e.<br \/>\nFabriqu\u00e9 par Evercoat.<br \/>\nManuel (en anglais seulement): <a href=\"https:\/\/fittingsgo.com\/wp-content\/uploads\/2019\/09\/TDS_100812_FAST_SET_BONDING_ADHESIVE_2_2015_EN.pdf\" target=\"_blank\" rel=\"noopener noreferrer\">TDS_100812_FAST_SET_BONDING_ADHESIVE_2_2015_EN<\/a><\/p>\n","protected":false},"featured_media":6918,"comment_status":"open","ping_status":"closed","template":"","meta":[],"product_brand":[],"product_cat":[427],"product_tag":[180,189,177],"class_list":{"0":"post-6921","1":"product","2":"type-product","3":"status-publish","4":"has-post-thumbnail","6":"product_cat-silicones-et-adhesifs","7":"product_tag-automotive-fr","8":"product_tag-fournitures-datelier","9":"product_tag-pieces-dautos","10":"has-post-title","11":"has-post-date","12":"has-post-category","13":"has-post-tag","14":"has-post-comment","15":"has-post-author","16":"","17":"fullcover","19":"first","20":"instock","21":"taxable","22":"shipping-taxable","23":"purchasable","24":"product-type-simple"},"jetpack_sharing_enabled":true,"builder_content":"","_links":{"self":[{"href":"https:\/\/fittingsgo.com\/fr\/wp-json\/wp\/v2\/product\/6921","targetHints":{"allow":["GET"]}}],"collection":[{"href":"https:\/\/fittingsgo.com\/fr\/wp-json\/wp\/v2\/product"}],"about":[{"href":"https:\/\/fittingsgo.com\/fr\/wp-json\/wp\/v2\/types\/product"}],"replies":[{"embeddable":true,"href":"https:\/\/fittingsgo.com\/fr\/wp-json\/wp\/v2\/comments?post=6921"}],"wp:featuredmedia":[{"embeddable":true,"href":"https:\/\/fittingsgo.com\/fr\/wp-json\/wp\/v2\/media\/6918"}],"wp:attachment":[{"href":"https:\/\/fittingsgo.com\/fr\/wp-json\/wp\/v2\/media?parent=6921"}],"wp:term":[{"taxonomy":"product_brand","embeddable":true,"href":"https:\/\/fittingsgo.com\/fr\/wp-json\/wp\/v2\/product_brand?post=6921"},{"taxonomy":"product_cat","embeddable":true,"href":"https:\/\/fittingsgo.com\/fr\/wp-json\/wp\/v2\/product_cat?post=6921"},{"taxonomy":"product_tag","embeddable":true,"href":"https:\/\/fittingsgo.com\/fr\/wp-json\/wp\/v2\/product_tag?post=6921"}],"curies":[{"name":"wp","href":"https:\/\/api.w.org\/{rel}","templated":true}]}}