{"id":6915,"date":"2019-09-19T21:48:27","date_gmt":"2019-09-20T02:48:27","guid":{"rendered":"https:\/\/fittingsgo.com\/product\/respirateur\/"},"modified":"2023-05-25T11:07:02","modified_gmt":"2023-05-25T16:07:02","slug":"respirateur","status":"publish","type":"product","link":"https:\/\/fittingsgo.com\/fr\/produit\/respirateur\/","title":{"rendered":"Respirateur (large)"},"content":{"rendered":"<p>8311, 8311P, 8661-93, 866193, 0871502B<\/p>\n<div id=\"themify_builder_content-6915\" data-postid=\"6915\" class=\"themify_builder_content themify_builder_content-6915 themify_builder\">\n    <\/div>\n<!-- \/themify_builder_content -->\n","protected":false},"excerpt":{"rendered":"<p>Respirateur \u00e0 cartouche \u00e0 zero entretien, s\u00e9rie OV \/ P95, s\u00e9rie 8000.<br \/>\n\u2022 Recommand\u00e9 pour les applications de peinture en a\u00e9rosol, y compris les peintures \u00e0 base d&#8217;huile.<br \/>\n\u2022 NIOSH OV \/ P95 approuv\u00e9 pour les a\u00e9rosols Vapeur organique plus solide et huile.<br \/>\n\u2022 Comprend des protections d&#8217;hygi\u00e8ne en prime et une protection de forme.<br \/>\n\u2022 Compl\u00e8tement assembl\u00e9 et emball\u00e9 individuellement dans des sacs en aluminium rescellables de 4 couleurs.<br \/>\n\u2022 Meilleur design, performance et confort.<br \/>\nSeulement grande taille disponible.<br \/>\nUn masque par paquet.<br \/>\nFabriqu\u00e9 par Gerson<\/p>\n","protected":false},"featured_media":6910,"comment_status":"open","ping_status":"closed","template":"","meta":[],"product_brand":[],"product_cat":[207],"product_tag":[180,189,177],"class_list":{"0":"post-6915","1":"product","2":"type-product","3":"status-publish","4":"has-post-thumbnail","6":"product_cat-masques-lunettes-bouchons-de-securite","7":"product_tag-automotive-fr","8":"product_tag-fournitures-datelier","9":"product_tag-pieces-dautos","10":"has-post-title","11":"has-post-date","12":"has-post-category","13":"has-post-tag","14":"has-post-comment","15":"has-post-author","16":"","17":"fullcover","19":"first","20":"outofstock","21":"taxable","22":"shipping-taxable","23":"purchasable","24":"product-type-simple"},"jetpack_sharing_enabled":true,"builder_content":"","_links":{"self":[{"href":"https:\/\/fittingsgo.com\/fr\/wp-json\/wp\/v2\/product\/6915","targetHints":{"allow":["GET"]}}],"collection":[{"href":"https:\/\/fittingsgo.com\/fr\/wp-json\/wp\/v2\/product"}],"about":[{"href":"https:\/\/fittingsgo.com\/fr\/wp-json\/wp\/v2\/types\/product"}],"replies":[{"embeddable":true,"href":"https:\/\/fittingsgo.com\/fr\/wp-json\/wp\/v2\/comments?post=6915"}],"wp:featuredmedia":[{"embeddable":true,"href":"https:\/\/fittingsgo.com\/fr\/wp-json\/wp\/v2\/media\/6910"}],"wp:attachment":[{"href":"https:\/\/fittingsgo.com\/fr\/wp-json\/wp\/v2\/media?parent=6915"}],"wp:term":[{"taxonomy":"product_brand","embeddable":true,"href":"https:\/\/fittingsgo.com\/fr\/wp-json\/wp\/v2\/product_brand?post=6915"},{"taxonomy":"product_cat","embeddable":true,"href":"https:\/\/fittingsgo.com\/fr\/wp-json\/wp\/v2\/product_cat?post=6915"},{"taxonomy":"product_tag","embeddable":true,"href":"https:\/\/fittingsgo.com\/fr\/wp-json\/wp\/v2\/product_tag?post=6915"}],"curies":[{"name":"wp","href":"https:\/\/api.w.org\/{rel}","templated":true}]}}