{"id":6907,"date":"2019-09-17T21:23:10","date_gmt":"2019-09-18T02:23:10","guid":{"rendered":"https:\/\/fittingsgo.com\/product\/conserveur-de-batterie-battery-tender\/"},"modified":"2021-02-11T09:01:12","modified_gmt":"2021-02-11T14:01:12","slug":"conserveur-de-batterie-battery-tender","status":"publish","type":"product","link":"https:\/\/fittingsgo.com\/fr\/produit\/conserveur-de-batterie-battery-tender\/","title":{"rendered":"Conserveur de batterie \u00abBattery Tender\u00bb"},"content":{"rendered":"<p>021-0123, 0210123, 0210123CA<\/p>\n<div id=\"themify_builder_content-6907\" data-postid=\"6907\" class=\"themify_builder_content themify_builder_content-6907 themify_builder\">\n    <\/div>\n<!-- \/themify_builder_content -->\n","protected":false},"excerpt":{"rendered":"<p>Battery Tender Junior est bien plus qu&#8217;un simple chargeur. Il a un cerveau. Il est l\u00e9ger, compact et enti\u00e8rement automatique. Tr\u00e8s facile \u00e0 utiliser, surtout dans les petits espaces. Il maintiendra votre batterie compl\u00e8tement charg\u00e9e de mani\u00e8re \u00e0 ce qu&#8217;elle soit pr\u00eate \u00e0 l&#8217;emploi quand vous l&#8217;\u00eates!<br \/>\n&#8211; Parfait pour toutes les batteries sans entretien (AGM et cellules gel) sans acide, sans plomb ou noy\u00e9es<br \/>\n&#8211; Programme de charge en 4 \u00e9tapes complet (initialisation, charge globale, mode d&#8217;absorption, mode de maintien)<br \/>\n&#8211; Basculement automatique sur la tension d&#8217;entretien \/ de maintien apr\u00e8s avoir compl\u00e8tement charg\u00e9 la batterie<br \/>\n&#8211; Si la tension de la batterie chute trop loin sous charge, la puissance de sortie du chargeur reprend<br \/>\n&#8211; La LED bicolore \u00e0 semi-conducteurs indique l\u2019\u00e9tape du chargeur<br \/>\n&#8211; preuve d&#8217;\u00e9tincelle<br \/>\n&#8211; Protection contre l&#8217;inversion de polarit\u00e9<br \/>\nManuel (en anglais seulement): <a href=\"https:\/\/fittingsgo.com\/wp-content\/uploads\/2019\/09\/021-0123-man.pdf\" target=\"_blank\" rel=\"noopener noreferrer\">021-0123 man<\/a><br \/>\nFabriqu\u00e9 par Battery Tender<\/p>\n","protected":false},"featured_media":6904,"comment_status":"open","ping_status":"closed","template":"","meta":[],"product_brand":[],"product_cat":[227],"product_tag":[180,189,177],"class_list":{"0":"post-6907","1":"product","2":"type-product","3":"status-publish","4":"has-post-thumbnail","6":"product_cat-outils-de-batteries","7":"product_tag-automotive-fr","8":"product_tag-fournitures-datelier","9":"product_tag-pieces-dautos","10":"has-post-title","11":"has-post-date","12":"has-post-category","13":"has-post-tag","14":"has-post-comment","15":"has-post-author","16":"","17":"fullcover","19":"first","20":"outofstock","21":"taxable","22":"shipping-taxable","23":"purchasable","24":"product-type-simple"},"jetpack_sharing_enabled":true,"builder_content":"","_links":{"self":[{"href":"https:\/\/fittingsgo.com\/fr\/wp-json\/wp\/v2\/product\/6907","targetHints":{"allow":["GET"]}}],"collection":[{"href":"https:\/\/fittingsgo.com\/fr\/wp-json\/wp\/v2\/product"}],"about":[{"href":"https:\/\/fittingsgo.com\/fr\/wp-json\/wp\/v2\/types\/product"}],"replies":[{"embeddable":true,"href":"https:\/\/fittingsgo.com\/fr\/wp-json\/wp\/v2\/comments?post=6907"}],"wp:featuredmedia":[{"embeddable":true,"href":"https:\/\/fittingsgo.com\/fr\/wp-json\/wp\/v2\/media\/6904"}],"wp:attachment":[{"href":"https:\/\/fittingsgo.com\/fr\/wp-json\/wp\/v2\/media?parent=6907"}],"wp:term":[{"taxonomy":"product_brand","embeddable":true,"href":"https:\/\/fittingsgo.com\/fr\/wp-json\/wp\/v2\/product_brand?post=6907"},{"taxonomy":"product_cat","embeddable":true,"href":"https:\/\/fittingsgo.com\/fr\/wp-json\/wp\/v2\/product_cat?post=6907"},{"taxonomy":"product_tag","embeddable":true,"href":"https:\/\/fittingsgo.com\/fr\/wp-json\/wp\/v2\/product_tag?post=6907"}],"curies":[{"name":"wp","href":"https:\/\/api.w.org\/{rel}","templated":true}]}}