{"id":6899,"date":"2019-09-17T21:00:09","date_gmt":"2019-09-18T02:00:09","guid":{"rendered":"https:\/\/fittingsgo.com\/product\/ctek-conserveur-et-chargeur\/"},"modified":"2022-02-18T09:21:00","modified_gmt":"2022-02-18T14:21:00","slug":"ctek-conserveur-et-chargeur","status":"publish","type":"product","link":"https:\/\/fittingsgo.com\/fr\/produit\/ctek-conserveur-et-chargeur\/","title":{"rendered":"CTEK conserveur et chargeur"},"content":{"rendered":"<p>Interchange: US3300, 56158, 56-158, 40206, 40-206<\/p>\n<div id=\"themify_builder_content-6899\" data-postid=\"6899\" class=\"themify_builder_content themify_builder_content-6899 themify_builder\">\n    <\/div>\n<!-- \/themify_builder_content -->\n","protected":false},"excerpt":{"rendered":"<p>Le MXS 5.0 offre une approche unique en huit \u00e9tapes pour l\u2019entretien de la batterie. Le chargeur enti\u00e8rement automatique contr\u00f4l\u00e9 par microprocesseur avec capteur de temp\u00e9rature automatique int\u00e9gr\u00e9 offre une combinaison unique de modes de chargement avanc\u00e9s et fait du nouveau MXS 5.0 le chargeur le plus rapide, le plus efficace et le plus polyvalent jamais cr\u00e9\u00e9 par CTEK. Le MXS 5.0 offre des fonctionnalit\u00e9s pour une charge am\u00e9lior\u00e9e par tous les temps. C&#8217;est le chargeur id\u00e9al pour l&#8217;utilisateur avec plusieurs types de v\u00e9hicules et des exigences de charge et de maintenance plus \u00e9lev\u00e9es. Fournit une exp\u00e9rience de chargement exceptionnelle!<br \/>\n&#8211; Charge les batteries jusqu&#8217;\u00e0 110 Ah et conserve des batteries plus grandes jusqu&#8217;\u00e0 160 Ah<br \/>\n&#8211; Mode de reconditionnement unique<br \/>\n&#8211; Capacit\u00e9s de d\u00e9tection de temp\u00e9rature int\u00e9gr\u00e9es<br \/>\n&#8211; Capacit\u00e9 de charge de la batterie pour les AGA et les nouvelles batteries EFB (batterie am\u00e9lior\u00e9e)<br \/>\n&#8211; Programme de recharge en 8 \u00e9tapes<br \/>\n&#8211; Unit\u00e9 compl\u00e8tement scell\u00e9e<br \/>\n&#8211; \u00c9tincelle Et Inverse &#8211; Polarit\u00e9 Prot\u00e9g\u00e9e<br \/>\n&#8211; Tension et courant propres<br \/>\n&#8211; C\u00e2ble d&#8217;entr\u00e9e et de sortie de qualit\u00e9 sup\u00e9rieure avec soulagement de traction robuste<br \/>\nManuel (en anglais seulement): <a href=\"https:\/\/fittingsgo.com\/wp-content\/uploads\/2019\/09\/MXS_5.0-manual-low-UK-EN.pdf\" target=\"_blank\" rel=\"noopener noreferrer\">MXS_5.0-manual-low-UK-EN<\/a><br \/>\nFabriqu\u00e9 par CTEK<\/p>\n","protected":false},"featured_media":6898,"comment_status":"open","ping_status":"closed","template":"","meta":[],"product_brand":[],"product_cat":[227],"product_tag":[180,189,177],"class_list":{"0":"post-6899","1":"product","2":"type-product","3":"status-publish","4":"has-post-thumbnail","6":"product_cat-outils-de-batteries","7":"product_tag-automotive-fr","8":"product_tag-fournitures-datelier","9":"product_tag-pieces-dautos","10":"has-post-title","11":"has-post-date","12":"has-post-category","13":"has-post-tag","14":"has-post-comment","15":"has-post-author","16":"","17":"fullcover","19":"first","20":"instock","21":"taxable","22":"shipping-taxable","23":"purchasable","24":"product-type-simple"},"jetpack_sharing_enabled":true,"builder_content":"","_links":{"self":[{"href":"https:\/\/fittingsgo.com\/fr\/wp-json\/wp\/v2\/product\/6899","targetHints":{"allow":["GET"]}}],"collection":[{"href":"https:\/\/fittingsgo.com\/fr\/wp-json\/wp\/v2\/product"}],"about":[{"href":"https:\/\/fittingsgo.com\/fr\/wp-json\/wp\/v2\/types\/product"}],"replies":[{"embeddable":true,"href":"https:\/\/fittingsgo.com\/fr\/wp-json\/wp\/v2\/comments?post=6899"}],"wp:featuredmedia":[{"embeddable":true,"href":"https:\/\/fittingsgo.com\/fr\/wp-json\/wp\/v2\/media\/6898"}],"wp:attachment":[{"href":"https:\/\/fittingsgo.com\/fr\/wp-json\/wp\/v2\/media?parent=6899"}],"wp:term":[{"taxonomy":"product_brand","embeddable":true,"href":"https:\/\/fittingsgo.com\/fr\/wp-json\/wp\/v2\/product_brand?post=6899"},{"taxonomy":"product_cat","embeddable":true,"href":"https:\/\/fittingsgo.com\/fr\/wp-json\/wp\/v2\/product_cat?post=6899"},{"taxonomy":"product_tag","embeddable":true,"href":"https:\/\/fittingsgo.com\/fr\/wp-json\/wp\/v2\/product_tag?post=6899"}],"curies":[{"name":"wp","href":"https:\/\/api.w.org\/{rel}","templated":true}]}}