{"id":6893,"date":"2019-09-17T20:39:40","date_gmt":"2019-09-18T01:39:40","guid":{"rendered":"https:\/\/fittingsgo.com\/product\/broche-de-mecanicien\/"},"modified":"2023-10-06T08:18:29","modified_gmt":"2023-10-06T13:18:29","slug":"broche-de-mecanicien","status":"publish","type":"product","link":"https:\/\/fittingsgo.com\/fr\/produit\/broche-de-mecanicien\/","title":{"rendered":"Broche de m\u00e9canicien"},"content":{"rendered":"<p>Papco: 314-218, 314218<\/p>\n<div id=\"themify_builder_content-6893\" data-postid=\"6893\" class=\"themify_builder_content themify_builder_content-6893 themify_builder\">\n    <\/div>\n<!-- \/themify_builder_content -->\n","protected":false},"excerpt":{"rendered":"<p>Ce produit est fait d&#8217;un mat\u00e9riau recuit doux pour une utilisation g\u00e9n\u00e9rale en garage ou en atelier. Utilis\u00e9 comme fil de verrouillage dans les boulons perc\u00e9s des roulements et des volants. Emball\u00e9 dans des bobines en plastique robustes &#8211; permet de gagner du temps &#8211; \u00e9limine le gaspillage.<br \/>\n.047 18 Ga. (330 pieds) par bobine<br \/>\nFabriqu\u00e9 par H. Paulin Papco<\/p>\n","protected":false},"featured_media":6892,"comment_status":"open","ping_status":"closed","template":"","meta":[],"product_brand":[],"product_cat":[399],"product_tag":[180,189,177],"class_list":{"0":"post-6893","1":"product","2":"type-product","3":"status-publish","4":"has-post-thumbnail","6":"product_cat-sangles-et-fils","7":"product_tag-automotive-fr","8":"product_tag-fournitures-datelier","9":"product_tag-pieces-dautos","10":"has-post-title","11":"has-post-date","12":"has-post-category","13":"has-post-tag","14":"has-post-comment","15":"has-post-author","16":"","17":"fullcover","19":"first","20":"instock","21":"taxable","22":"shipping-taxable","23":"purchasable","24":"product-type-simple"},"jetpack_sharing_enabled":true,"builder_content":"","_links":{"self":[{"href":"https:\/\/fittingsgo.com\/fr\/wp-json\/wp\/v2\/product\/6893","targetHints":{"allow":["GET"]}}],"collection":[{"href":"https:\/\/fittingsgo.com\/fr\/wp-json\/wp\/v2\/product"}],"about":[{"href":"https:\/\/fittingsgo.com\/fr\/wp-json\/wp\/v2\/types\/product"}],"replies":[{"embeddable":true,"href":"https:\/\/fittingsgo.com\/fr\/wp-json\/wp\/v2\/comments?post=6893"}],"wp:featuredmedia":[{"embeddable":true,"href":"https:\/\/fittingsgo.com\/fr\/wp-json\/wp\/v2\/media\/6892"}],"wp:attachment":[{"href":"https:\/\/fittingsgo.com\/fr\/wp-json\/wp\/v2\/media?parent=6893"}],"wp:term":[{"taxonomy":"product_brand","embeddable":true,"href":"https:\/\/fittingsgo.com\/fr\/wp-json\/wp\/v2\/product_brand?post=6893"},{"taxonomy":"product_cat","embeddable":true,"href":"https:\/\/fittingsgo.com\/fr\/wp-json\/wp\/v2\/product_cat?post=6893"},{"taxonomy":"product_tag","embeddable":true,"href":"https:\/\/fittingsgo.com\/fr\/wp-json\/wp\/v2\/product_tag?post=6893"}],"curies":[{"name":"wp","href":"https:\/\/api.w.org\/{rel}","templated":true}]}}