{"id":6887,"date":"2019-09-17T20:23:04","date_gmt":"2019-09-18T01:23:04","guid":{"rendered":"https:\/\/fittingsgo.com\/product\/kit-de-cerclage-universel-5-pi\/"},"modified":"2019-09-21T21:24:17","modified_gmt":"2019-09-22T02:24:17","slug":"kit-de-cerclage-universel-5-pi","status":"publish","type":"product","link":"https:\/\/fittingsgo.com\/fr\/produit\/kit-de-cerclage-universel-5-pi\/","title":{"rendered":"Kit de cerclage universel 5 pi"},"content":{"rendered":"<p>Dorman: 03120<\/p>\n<div id=\"themify_builder_content-6887\" data-postid=\"6887\" class=\"themify_builder_content themify_builder_content-6887 themify_builder\">\n    <\/div>\n<!-- \/themify_builder_content -->\n","protected":false},"excerpt":{"rendered":"<p>Dorman propose une gamme de kits de cerclage en m\u00e9tal pour plusieurs applications. Ils sont construits \u00e0 partir de mat\u00e9riaux de haute qualit\u00e9 pour une long\u00e9vit\u00e9 accrue.<br \/>\n\u2013 Mat\u00e9riel de montage inclus<br \/>\n\u2013 Disponible dans une vari\u00e9t\u00e9 de longueurs<br \/>\n\u2013 Facile \u00e0 utiliser<br \/>\n\u2013 Convient \u00e9galement pour une grande vari\u00e9t\u00e9 d\u2019utilisations domestiques, industrielles et commerciales<br \/>\n5 pieds de long<br \/>\nFabriqu\u00e9 par Dorman<\/p>\n","protected":false},"featured_media":6886,"comment_status":"open","ping_status":"closed","template":"","meta":[],"product_brand":[],"product_cat":[399],"product_tag":[180,189,177],"class_list":{"0":"post-6887","1":"product","2":"type-product","3":"status-publish","4":"has-post-thumbnail","6":"product_cat-sangles-et-fils","7":"product_tag-automotive-fr","8":"product_tag-fournitures-datelier","9":"product_tag-pieces-dautos","10":"has-post-title","11":"has-post-date","12":"has-post-category","13":"has-post-tag","14":"has-post-comment","15":"has-post-author","16":"","17":"fullcover","19":"first","20":"instock","21":"taxable","22":"shipping-taxable","23":"purchasable","24":"product-type-simple"},"jetpack_sharing_enabled":true,"builder_content":"","_links":{"self":[{"href":"https:\/\/fittingsgo.com\/fr\/wp-json\/wp\/v2\/product\/6887","targetHints":{"allow":["GET"]}}],"collection":[{"href":"https:\/\/fittingsgo.com\/fr\/wp-json\/wp\/v2\/product"}],"about":[{"href":"https:\/\/fittingsgo.com\/fr\/wp-json\/wp\/v2\/types\/product"}],"replies":[{"embeddable":true,"href":"https:\/\/fittingsgo.com\/fr\/wp-json\/wp\/v2\/comments?post=6887"}],"wp:featuredmedia":[{"embeddable":true,"href":"https:\/\/fittingsgo.com\/fr\/wp-json\/wp\/v2\/media\/6886"}],"wp:attachment":[{"href":"https:\/\/fittingsgo.com\/fr\/wp-json\/wp\/v2\/media?parent=6887"}],"wp:term":[{"taxonomy":"product_brand","embeddable":true,"href":"https:\/\/fittingsgo.com\/fr\/wp-json\/wp\/v2\/product_brand?post=6887"},{"taxonomy":"product_cat","embeddable":true,"href":"https:\/\/fittingsgo.com\/fr\/wp-json\/wp\/v2\/product_cat?post=6887"},{"taxonomy":"product_tag","embeddable":true,"href":"https:\/\/fittingsgo.com\/fr\/wp-json\/wp\/v2\/product_tag?post=6887"}],"curies":[{"name":"wp","href":"https:\/\/api.w.org\/{rel}","templated":true}]}}