{"id":6861,"date":"2019-09-16T21:31:05","date_gmt":"2019-09-17T02:31:05","guid":{"rendered":"https:\/\/fittingsgo.com\/product\/tuyau-90-daccouplement-npt-avec-tuyau-male\/"},"modified":"2020-09-07T09:27:00","modified_gmt":"2020-09-07T14:27:00","slug":"tuyau-90-daccouplement-npt-avec-tuyau-male","status":"publish","type":"product","link":"https:\/\/fittingsgo.com\/fr\/produit\/tuyau-90-daccouplement-npt-avec-tuyau-male\/","title":{"rendered":"Tuyau 90\u00b0 d\u2019accouplement NPT avec tuyau m\u00e2le"},"content":{"rendered":"<p>139-3A, 139-4A, 139-4B, 139-4C, 139-5A, 139-5B, 139-5C, 139-6B, 139-6C, 139-6D, 139-8B, 139-8C, 139-8D, 139-10C, 139-10D, 139-12D, 139-12E, 139-16E, 139-16H<\/p>\n<div id=\"themify_builder_content-6861\" data-postid=\"6861\" class=\"themify_builder_content themify_builder_content-6861 themify_builder\">\n    <\/div>\n<!-- \/themify_builder_content -->\n","protected":false},"excerpt":{"rendered":"<p>RACCORDS DE TUYAUTERIE EN LAITON<br \/>\nEau, p\u00e9trole, air et, dans certains cas, gaz naturel et gaz de p\u00e9trole liqu\u00e9fi\u00e9. Utiliser avec des tuyaux en laiton, en acier et en fer. Le filetage des tuyaux doit \u00eatre scell\u00e9 avec un produit d\u2019\u00e9tanch\u00e9it\u00e9 pour filetage approuv\u00e9.<br \/>\n\u2013 Appliquer du mastic ou du ruban adh\u00e9sif pour filetage.<br \/>\n\u2013 Si vous utilisez du ruban adh\u00e9sif, enroulez-le dans le sens des fils.<br \/>\n\u2013 Ne pas scotcher les 2 premiers fils (de d\u00e9part).<br \/>\n\u2013 Assemblez \u00e0 la main.<br \/>\n\u2013 Serrer au moins 2-1 \/ 2 tours complets \u00e0 la main.<br \/>\nFabriqu\u00e9 par Fairview Raccords<br \/>\nVendus s\u00e9par\u00e9ment<\/p>\n","protected":false},"featured_media":6849,"comment_status":"open","ping_status":"closed","template":"","meta":[],"product_brand":[],"product_cat":[335],"product_tag":[180,337,177,179],"class_list":{"0":"post-6861","1":"product","2":"type-product","3":"status-publish","4":"has-post-thumbnail","6":"product_cat-raccords-en-laiton-npt","7":"product_tag-automotive-fr","8":"product_tag-fitting-fr","9":"product_tag-pieces-dautos","10":"product_tag-tuyau","11":"has-post-title","12":"has-post-date","13":"has-post-category","14":"has-post-tag","15":"has-post-comment","16":"has-post-author","17":"","18":"fullcover","20":"first","21":"instock","22":"taxable","23":"shipping-taxable","24":"purchasable","25":"product-type-variable"},"jetpack_sharing_enabled":true,"builder_content":"","_links":{"self":[{"href":"https:\/\/fittingsgo.com\/fr\/wp-json\/wp\/v2\/product\/6861","targetHints":{"allow":["GET"]}}],"collection":[{"href":"https:\/\/fittingsgo.com\/fr\/wp-json\/wp\/v2\/product"}],"about":[{"href":"https:\/\/fittingsgo.com\/fr\/wp-json\/wp\/v2\/types\/product"}],"replies":[{"embeddable":true,"href":"https:\/\/fittingsgo.com\/fr\/wp-json\/wp\/v2\/comments?post=6861"}],"wp:featuredmedia":[{"embeddable":true,"href":"https:\/\/fittingsgo.com\/fr\/wp-json\/wp\/v2\/media\/6849"}],"wp:attachment":[{"href":"https:\/\/fittingsgo.com\/fr\/wp-json\/wp\/v2\/media?parent=6861"}],"wp:term":[{"taxonomy":"product_brand","embeddable":true,"href":"https:\/\/fittingsgo.com\/fr\/wp-json\/wp\/v2\/product_brand?post=6861"},{"taxonomy":"product_cat","embeddable":true,"href":"https:\/\/fittingsgo.com\/fr\/wp-json\/wp\/v2\/product_cat?post=6861"},{"taxonomy":"product_tag","embeddable":true,"href":"https:\/\/fittingsgo.com\/fr\/wp-json\/wp\/v2\/product_tag?post=6861"}],"curies":[{"name":"wp","href":"https:\/\/api.w.org\/{rel}","templated":true}]}}