{"id":6835,"date":"2019-09-16T21:02:41","date_gmt":"2019-09-17T02:02:41","guid":{"rendered":"https:\/\/fittingsgo.com\/product\/unions-en-t-sae\/"},"modified":"2020-01-06T22:21:07","modified_gmt":"2020-01-07T03:21:07","slug":"unions-en-t-sae","status":"publish","type":"product","link":"https:\/\/fittingsgo.com\/fr\/produit\/unions-en-t-sae\/","title":{"rendered":"Unions en \u00abT\u00bb SAE"},"content":{"rendered":"<div id=\"themify_builder_content-6835\" data-postid=\"6835\" class=\"themify_builder_content themify_builder_content-6835 themify_builder\">\n    <\/div>\n<!-- \/themify_builder_content -->\n","protected":false},"excerpt":{"rendered":"<p>Unions SAE \u00abdouble flare\u00bb en \u00abT\u00bb<br \/>\n3 c\u00f4t\u00e9s sont les m\u00eames tailles.<br \/>\nFabriqu\u00e9 par Fairview Fittings<br \/>\nVendus s\u00e9par\u00e9ment<\/p>\n","protected":false},"featured_media":6834,"comment_status":"open","ping_status":"closed","template":"","meta":[],"product_brand":[],"product_cat":[276],"product_tag":[180,337,177],"class_list":{"0":"post-6835","1":"product","2":"type-product","3":"status-publish","4":"has-post-thumbnail","6":"product_cat-unions-double-flare","7":"product_tag-automotive-fr","8":"product_tag-fitting-fr","9":"product_tag-pieces-dautos","10":"has-post-title","11":"has-post-date","12":"has-post-category","13":"has-post-tag","14":"has-post-comment","15":"has-post-author","16":"","17":"fullcover","19":"first","20":"instock","21":"taxable","22":"shipping-taxable","23":"purchasable","24":"product-type-variable"},"jetpack_sharing_enabled":true,"builder_content":"","_links":{"self":[{"href":"https:\/\/fittingsgo.com\/fr\/wp-json\/wp\/v2\/product\/6835","targetHints":{"allow":["GET"]}}],"collection":[{"href":"https:\/\/fittingsgo.com\/fr\/wp-json\/wp\/v2\/product"}],"about":[{"href":"https:\/\/fittingsgo.com\/fr\/wp-json\/wp\/v2\/types\/product"}],"replies":[{"embeddable":true,"href":"https:\/\/fittingsgo.com\/fr\/wp-json\/wp\/v2\/comments?post=6835"}],"wp:featuredmedia":[{"embeddable":true,"href":"https:\/\/fittingsgo.com\/fr\/wp-json\/wp\/v2\/media\/6834"}],"wp:attachment":[{"href":"https:\/\/fittingsgo.com\/fr\/wp-json\/wp\/v2\/media?parent=6835"}],"wp:term":[{"taxonomy":"product_brand","embeddable":true,"href":"https:\/\/fittingsgo.com\/fr\/wp-json\/wp\/v2\/product_brand?post=6835"},{"taxonomy":"product_cat","embeddable":true,"href":"https:\/\/fittingsgo.com\/fr\/wp-json\/wp\/v2\/product_cat?post=6835"},{"taxonomy":"product_tag","embeddable":true,"href":"https:\/\/fittingsgo.com\/fr\/wp-json\/wp\/v2\/product_tag?post=6835"}],"curies":[{"name":"wp","href":"https:\/\/api.w.org\/{rel}","templated":true}]}}