{"id":6807,"date":"2019-09-16T19:59:25","date_gmt":"2019-09-17T00:59:25","guid":{"rendered":"https:\/\/fittingsgo.com\/product\/fil-primaire\/"},"modified":"2023-06-20T09:29:41","modified_gmt":"2023-06-20T14:29:41","slug":"fil-primaire","status":"publish","type":"product","link":"https:\/\/fittingsgo.com\/fr\/produit\/fil-primaire\/","title":{"rendered":"Fil primaire"},"content":{"rendered":"<div id=\"themify_builder_content-6807\" data-postid=\"6807\" class=\"themify_builder_content themify_builder_content-6807 themify_builder\">\n    <\/div>\n<!-- \/themify_builder_content -->\n","protected":false},"excerpt":{"rendered":"<p>Fil de cuivre monoconducteur recuit toronn\u00e9. Isolation thermoplastique \u00e0 usage g\u00e9n\u00e9ral. Recommand\u00e9 pour les camions, les tracteurs, les voitures et le service g\u00e9n\u00e9ral. Conforme aux sp\u00e9cifications SAE J1128.<br \/>\nClass\u00e9 80 \u00b0 C 60V<br \/>\nFabriqu\u00e9 par Pico<br \/>\nVendu en mini-bobines.<\/p>\n","protected":false},"featured_media":6802,"comment_status":"open","ping_status":"closed","template":"","meta":[],"product_brand":[],"product_cat":[397],"product_tag":[180,177],"class_list":{"0":"post-6807","1":"product","2":"type-product","3":"status-publish","4":"has-post-thumbnail","6":"product_cat-fil-electrique","7":"product_tag-automotive-fr","8":"product_tag-pieces-dautos","9":"has-post-title","10":"has-post-date","11":"has-post-category","12":"has-post-tag","13":"has-post-comment","14":"has-post-author","15":"","16":"fullcover","18":"first","19":"instock","20":"taxable","21":"shipping-taxable","22":"purchasable","23":"product-type-variable"},"jetpack_sharing_enabled":true,"builder_content":"","_links":{"self":[{"href":"https:\/\/fittingsgo.com\/fr\/wp-json\/wp\/v2\/product\/6807","targetHints":{"allow":["GET"]}}],"collection":[{"href":"https:\/\/fittingsgo.com\/fr\/wp-json\/wp\/v2\/product"}],"about":[{"href":"https:\/\/fittingsgo.com\/fr\/wp-json\/wp\/v2\/types\/product"}],"replies":[{"embeddable":true,"href":"https:\/\/fittingsgo.com\/fr\/wp-json\/wp\/v2\/comments?post=6807"}],"wp:featuredmedia":[{"embeddable":true,"href":"https:\/\/fittingsgo.com\/fr\/wp-json\/wp\/v2\/media\/6802"}],"wp:attachment":[{"href":"https:\/\/fittingsgo.com\/fr\/wp-json\/wp\/v2\/media?parent=6807"}],"wp:term":[{"taxonomy":"product_brand","embeddable":true,"href":"https:\/\/fittingsgo.com\/fr\/wp-json\/wp\/v2\/product_brand?post=6807"},{"taxonomy":"product_cat","embeddable":true,"href":"https:\/\/fittingsgo.com\/fr\/wp-json\/wp\/v2\/product_cat?post=6807"},{"taxonomy":"product_tag","embeddable":true,"href":"https:\/\/fittingsgo.com\/fr\/wp-json\/wp\/v2\/product_tag?post=6807"}],"curies":[{"name":"wp","href":"https:\/\/api.w.org\/{rel}","templated":true}]}}