{"id":6778,"date":"2019-09-16T19:39:59","date_gmt":"2019-09-17T00:39:59","guid":{"rendered":"https:\/\/fittingsgo.com\/product\/connecteur-double-branchement\/"},"modified":"2019-09-17T16:53:51","modified_gmt":"2019-09-17T21:53:51","slug":"connecteur-double-branchement","status":"publish","type":"product","link":"https:\/\/fittingsgo.com\/fr\/produit\/connecteur-double-branchement\/","title":{"rendered":"Connecteur double branchement"},"content":{"rendered":"<p>1558-BP, 1558BP, 1560-BP, 1560BP, 1562-BP, 1562BP<\/p>\n<div id=\"themify_builder_content-6778\" data-postid=\"6778\" class=\"themify_builder_content themify_builder_content-6778 themify_builder\">\n    <\/div>\n<!-- \/themify_builder_content -->\n","protected":false},"excerpt":{"rendered":"<p>Permet d&#8217;effectuer des connexions de lignes de branchement ou de queue de cochon sans couper ni d\u00e9nuder. Ins\u00e9rez la ligne chaude et la ligne de prise, compressez le clip en m\u00e9tal et fermez le couvercle.<br \/>\nFabriqu\u00e9 par Pico<\/p>\n","protected":false},"featured_media":6777,"comment_status":"open","ping_status":"closed","template":"","meta":[],"product_brand":[],"product_cat":[394],"product_tag":[180,177],"class_list":{"0":"post-6778","1":"product","2":"type-product","3":"status-publish","4":"has-post-thumbnail","6":"product_cat-connecteurs","7":"product_tag-automotive-fr","8":"product_tag-pieces-dautos","9":"has-post-title","10":"has-post-date","11":"has-post-category","12":"has-post-tag","13":"has-post-comment","14":"has-post-author","15":"","16":"fullcover","18":"first","19":"instock","20":"taxable","21":"shipping-taxable","22":"purchasable","23":"product-type-variable"},"jetpack_sharing_enabled":true,"builder_content":"","_links":{"self":[{"href":"https:\/\/fittingsgo.com\/fr\/wp-json\/wp\/v2\/product\/6778","targetHints":{"allow":["GET"]}}],"collection":[{"href":"https:\/\/fittingsgo.com\/fr\/wp-json\/wp\/v2\/product"}],"about":[{"href":"https:\/\/fittingsgo.com\/fr\/wp-json\/wp\/v2\/types\/product"}],"replies":[{"embeddable":true,"href":"https:\/\/fittingsgo.com\/fr\/wp-json\/wp\/v2\/comments?post=6778"}],"wp:featuredmedia":[{"embeddable":true,"href":"https:\/\/fittingsgo.com\/fr\/wp-json\/wp\/v2\/media\/6777"}],"wp:attachment":[{"href":"https:\/\/fittingsgo.com\/fr\/wp-json\/wp\/v2\/media?parent=6778"}],"wp:term":[{"taxonomy":"product_brand","embeddable":true,"href":"https:\/\/fittingsgo.com\/fr\/wp-json\/wp\/v2\/product_brand?post=6778"},{"taxonomy":"product_cat","embeddable":true,"href":"https:\/\/fittingsgo.com\/fr\/wp-json\/wp\/v2\/product_cat?post=6778"},{"taxonomy":"product_tag","embeddable":true,"href":"https:\/\/fittingsgo.com\/fr\/wp-json\/wp\/v2\/product_tag?post=6778"}],"curies":[{"name":"wp","href":"https:\/\/api.w.org\/{rel}","templated":true}]}}