{"id":6681,"date":"2019-09-07T10:46:03","date_gmt":"2019-09-07T15:46:03","guid":{"rendered":"https:\/\/fittingsgo.com\/product\/raccords-rondes\/"},"modified":"2020-09-07T22:46:01","modified_gmt":"2020-09-08T03:46:01","slug":"raccords-rondes","status":"publish","type":"product","link":"https:\/\/fittingsgo.com\/fr\/produit\/raccords-rondes\/","title":{"rendered":"Raccords rondes"},"content":{"rendered":"<div id=\"themify_builder_content-6681\" data-postid=\"6681\" class=\"themify_builder_content themify_builder_content-6681 themify_builder\">\n    <\/div>\n<!-- \/themify_builder_content -->\n","protected":false},"excerpt":{"rendered":"<p>Les anneaux isol\u00e9s en nylon procurent une isolation sup\u00e9rieure au vinyle. L&#8217;isolation est solidement moul\u00e9e et \u00e9vas\u00e9e pour une insertion plus facile. Permet un excellent sertissage m\u00e9canique et un soulagement de tension du fil.<br \/>\nFabriqu\u00e9 par Grote et\/ou Pico<\/p>\n","protected":false},"featured_media":6641,"comment_status":"open","ping_status":"closed","template":"","meta":[],"product_brand":[],"product_cat":[394],"product_tag":[],"class_list":{"0":"post-6681","1":"product","2":"type-product","3":"status-publish","4":"has-post-thumbnail","6":"product_cat-connecteurs","7":"has-post-title","8":"has-post-date","9":"has-post-category","10":"has-post-tag","11":"has-post-comment","12":"has-post-author","13":"","14":"fullcover","16":"first","17":"instock","18":"taxable","19":"shipping-taxable","20":"purchasable","21":"product-type-variable"},"jetpack_sharing_enabled":true,"builder_content":"","_links":{"self":[{"href":"https:\/\/fittingsgo.com\/fr\/wp-json\/wp\/v2\/product\/6681","targetHints":{"allow":["GET"]}}],"collection":[{"href":"https:\/\/fittingsgo.com\/fr\/wp-json\/wp\/v2\/product"}],"about":[{"href":"https:\/\/fittingsgo.com\/fr\/wp-json\/wp\/v2\/types\/product"}],"replies":[{"embeddable":true,"href":"https:\/\/fittingsgo.com\/fr\/wp-json\/wp\/v2\/comments?post=6681"}],"wp:featuredmedia":[{"embeddable":true,"href":"https:\/\/fittingsgo.com\/fr\/wp-json\/wp\/v2\/media\/6641"}],"wp:attachment":[{"href":"https:\/\/fittingsgo.com\/fr\/wp-json\/wp\/v2\/media?parent=6681"}],"wp:term":[{"taxonomy":"product_brand","embeddable":true,"href":"https:\/\/fittingsgo.com\/fr\/wp-json\/wp\/v2\/product_brand?post=6681"},{"taxonomy":"product_cat","embeddable":true,"href":"https:\/\/fittingsgo.com\/fr\/wp-json\/wp\/v2\/product_cat?post=6681"},{"taxonomy":"product_tag","embeddable":true,"href":"https:\/\/fittingsgo.com\/fr\/wp-json\/wp\/v2\/product_tag?post=6681"}],"curies":[{"name":"wp","href":"https:\/\/api.w.org\/{rel}","templated":true}]}}