{"id":6631,"date":"2019-09-07T10:07:04","date_gmt":"2019-09-07T15:07:04","guid":{"rendered":"https:\/\/fittingsgo.com\/product\/raccords-en-nylon\/"},"modified":"2020-04-06T21:42:34","modified_gmt":"2020-04-07T02:42:34","slug":"raccords-en-nylon","status":"publish","type":"product","link":"https:\/\/fittingsgo.com\/fr\/produit\/raccords-en-nylon\/","title":{"rendered":"Raccords en nylon"},"content":{"rendered":"<p>84-2190, 842190, 84-2390, 842390, 84-2590, 842590<\/p>\n<div id=\"themify_builder_content-6631\" data-postid=\"6631\" class=\"themify_builder_content themify_builder_content-6631 themify_builder\">\n    <\/div>\n<!-- \/themify_builder_content -->\n","protected":false},"excerpt":{"rendered":"<p>Isol\u00e9 en nylon &#8211; Entr\u00e9e droite<br \/>\n\u00c9pissure bout \u00e0 bout impliquant deux r\u00e9glettes, une sur chaque fil. Les connecteurs isol\u00e9s assurent l&#8217;isolation d&#8217;un fil \u00e0 l&#8217;autre.<br \/>\nFabriqu\u00e9 par Grote<\/p>\n","protected":false},"featured_media":6617,"comment_status":"open","ping_status":"closed","template":"","meta":[],"product_brand":[],"product_cat":[394],"product_tag":[],"class_list":{"0":"post-6631","1":"product","2":"type-product","3":"status-publish","4":"has-post-thumbnail","6":"product_cat-connecteurs","7":"has-post-title","8":"has-post-date","9":"has-post-category","10":"has-post-tag","11":"has-post-comment","12":"has-post-author","13":"","14":"fullcover","16":"first","17":"instock","18":"taxable","19":"shipping-taxable","20":"purchasable","21":"product-type-variable"},"jetpack_sharing_enabled":true,"builder_content":"","_links":{"self":[{"href":"https:\/\/fittingsgo.com\/fr\/wp-json\/wp\/v2\/product\/6631","targetHints":{"allow":["GET"]}}],"collection":[{"href":"https:\/\/fittingsgo.com\/fr\/wp-json\/wp\/v2\/product"}],"about":[{"href":"https:\/\/fittingsgo.com\/fr\/wp-json\/wp\/v2\/types\/product"}],"replies":[{"embeddable":true,"href":"https:\/\/fittingsgo.com\/fr\/wp-json\/wp\/v2\/comments?post=6631"}],"wp:featuredmedia":[{"embeddable":true,"href":"https:\/\/fittingsgo.com\/fr\/wp-json\/wp\/v2\/media\/6617"}],"wp:attachment":[{"href":"https:\/\/fittingsgo.com\/fr\/wp-json\/wp\/v2\/media?parent=6631"}],"wp:term":[{"taxonomy":"product_brand","embeddable":true,"href":"https:\/\/fittingsgo.com\/fr\/wp-json\/wp\/v2\/product_brand?post=6631"},{"taxonomy":"product_cat","embeddable":true,"href":"https:\/\/fittingsgo.com\/fr\/wp-json\/wp\/v2\/product_cat?post=6631"},{"taxonomy":"product_tag","embeddable":true,"href":"https:\/\/fittingsgo.com\/fr\/wp-json\/wp\/v2\/product_tag?post=6631"}],"curies":[{"name":"wp","href":"https:\/\/api.w.org\/{rel}","templated":true}]}}