{"id":6592,"date":"2019-08-19T20:42:49","date_gmt":"2019-08-20T01:42:49","guid":{"rendered":"https:\/\/fittingsgo.com\/product\/conserveur-et-chargeur\/"},"modified":"2022-02-18T09:23:53","modified_gmt":"2022-02-18T14:23:53","slug":"conserveurs-et-chargeurs-noco","status":"publish","type":"product","link":"https:\/\/fittingsgo.com\/fr\/produit\/conserveurs-et-chargeurs-noco\/","title":{"rendered":"Conserveurs et chargeurs Noco"},"content":{"rendered":"<p>GENIUS10 (G7200) courant de charge:<br \/>\n12V @ 7.2A<br \/>\n24V @ 3.6A<br \/>\n<a href=\"https:\/\/fittingsgo.com\/wp-content\/uploads\/2019\/08\/g7200_user_guide_v2.0_f_3.7.17.pdf\" target=\"_blank rel=\"&quot; noopener noreferrer\">g7200_user_guide_v2.0_f_3.7.17<\/a><\/p>\n<p>G26000 courant de charge:<br \/>\n12V @ 26A<br \/>\n24V @ 13A<br \/>\n<a href=\"https:\/\/fittingsgo.com\/wp-content\/uploads\/2019\/04\/g26000-smart-battery-charger-user-guide.pdf\" target=\"_blank\" rel=\"noopener noreferrer\">g26000-smart-battery-charger-user-guide<\/a><\/p>\n<div id=\"themify_builder_content-6592\" data-postid=\"6592\" class=\"themify_builder_content themify_builder_content-6592 themify_builder\">\n    <\/div>\n<!-- \/themify_builder_content -->\n","protected":false},"excerpt":{"rendered":"<p>Les chargeurs et mainteneurs de batterie Noco sont con\u00e7us pour charger des voitures, des bateaux, des v\u00e9hicules r\u00e9cr\u00e9atifs, des VUS, des camions diesel, des motos, des VTT, des motoneiges, des motomarines, des tondeuses \u00e0 gazon, etc. Il peut \u00e9galement \u00eatre utilis\u00e9 en tant que mainteneur de batterie pour maintenir les batteries de d\u00e9marrage et \u00e0 d\u00e9charge profonde compl\u00e8tement charg\u00e9es. Il surveille \u00e9galement l&#8217;activit\u00e9 de la batterie pour une charge s\u00fbre et efficace sans surcharge. Tous les chargeurs de batterie Noco sont dot\u00e9s d&#8217;un d\u00e9sulfateur de batterie int\u00e9gr\u00e9 afin de rajeunir les batteries peu performantes.<\/p>\n","protected":false},"featured_media":6585,"comment_status":"open","ping_status":"closed","template":"","meta":[],"product_brand":[],"product_cat":[227],"product_tag":[180,189,177],"class_list":{"0":"post-6592","1":"product","2":"type-product","3":"status-publish","4":"has-post-thumbnail","6":"product_cat-outils-de-batteries","7":"product_tag-automotive-fr","8":"product_tag-fournitures-datelier","9":"product_tag-pieces-dautos","10":"has-post-title","11":"has-post-date","12":"has-post-category","13":"has-post-tag","14":"has-post-comment","15":"has-post-author","16":"","17":"fullcover","19":"first","20":"instock","21":"taxable","22":"shipping-taxable","23":"purchasable","24":"product-type-variable"},"jetpack_sharing_enabled":true,"builder_content":"","_links":{"self":[{"href":"https:\/\/fittingsgo.com\/fr\/wp-json\/wp\/v2\/product\/6592","targetHints":{"allow":["GET"]}}],"collection":[{"href":"https:\/\/fittingsgo.com\/fr\/wp-json\/wp\/v2\/product"}],"about":[{"href":"https:\/\/fittingsgo.com\/fr\/wp-json\/wp\/v2\/types\/product"}],"replies":[{"embeddable":true,"href":"https:\/\/fittingsgo.com\/fr\/wp-json\/wp\/v2\/comments?post=6592"}],"wp:featuredmedia":[{"embeddable":true,"href":"https:\/\/fittingsgo.com\/fr\/wp-json\/wp\/v2\/media\/6585"}],"wp:attachment":[{"href":"https:\/\/fittingsgo.com\/fr\/wp-json\/wp\/v2\/media?parent=6592"}],"wp:term":[{"taxonomy":"product_brand","embeddable":true,"href":"https:\/\/fittingsgo.com\/fr\/wp-json\/wp\/v2\/product_brand?post=6592"},{"taxonomy":"product_cat","embeddable":true,"href":"https:\/\/fittingsgo.com\/fr\/wp-json\/wp\/v2\/product_cat?post=6592"},{"taxonomy":"product_tag","embeddable":true,"href":"https:\/\/fittingsgo.com\/fr\/wp-json\/wp\/v2\/product_tag?post=6592"}],"curies":[{"name":"wp","href":"https:\/\/api.w.org\/{rel}","templated":true}]}}