{"id":6579,"date":"2019-08-19T19:07:47","date_gmt":"2019-08-20T00:07:47","guid":{"rendered":"https:\/\/fittingsgo.com\/product\/solenoide-du-demarreur\/"},"modified":"2019-08-29T21:29:29","modified_gmt":"2019-08-30T02:29:29","slug":"solenoide-du-demarreur-3-poteaux","status":"publish","type":"product","link":"https:\/\/fittingsgo.com\/fr\/produit\/solenoide-du-demarreur-3-poteaux\/","title":{"rendered":"Sol\u00e9no\u00efde du d\u00e9marreur 3 poteaux"},"content":{"rendered":"<p>SS547, SS547A, 9499-11, 949911<\/p>\n<div id=\"themify_builder_content-6579\" data-postid=\"6579\" class=\"themify_builder_content themify_builder_content-6579 themify_builder\">\n    <\/div>\n<!-- \/themify_builder_content -->\n","protected":false},"excerpt":{"rendered":"<p>Finition: Chrome<br \/>\nIntensit\u00e9 nominale: 300 A<br \/>\nCouleur: argent<br \/>\nConnecteur genre: m\u00e2le<br \/>\nQuantit\u00e9 de connecteur: 3<br \/>\nService continu: non<br \/>\nMat\u00e9riel inclus: Oui<br \/>\nSupport (s) de montage inclus: Oui<br \/>\nTerminal Sexe: M\u00e2le<br \/>\nQuantit\u00e9 terminale: 3<br \/>\nType de borne: Vis<br \/>\nTension: 12 V<br \/>\nFabriqu\u00e9 par Pico<\/p>\n","protected":false},"featured_media":6578,"comment_status":"open","ping_status":"closed","template":"","meta":[],"product_brand":[],"product_cat":[345],"product_tag":[],"class_list":{"0":"post-6579","1":"product","2":"type-product","3":"status-publish","4":"has-post-thumbnail","6":"product_cat-solenoides","7":"has-post-title","8":"has-post-date","9":"has-post-category","10":"has-post-tag","11":"has-post-comment","12":"has-post-author","13":"","14":"fullcover","16":"first","17":"instock","18":"taxable","19":"shipping-taxable","20":"purchasable","21":"product-type-simple"},"jetpack_sharing_enabled":true,"builder_content":"","_links":{"self":[{"href":"https:\/\/fittingsgo.com\/fr\/wp-json\/wp\/v2\/product\/6579","targetHints":{"allow":["GET"]}}],"collection":[{"href":"https:\/\/fittingsgo.com\/fr\/wp-json\/wp\/v2\/product"}],"about":[{"href":"https:\/\/fittingsgo.com\/fr\/wp-json\/wp\/v2\/types\/product"}],"replies":[{"embeddable":true,"href":"https:\/\/fittingsgo.com\/fr\/wp-json\/wp\/v2\/comments?post=6579"}],"wp:featuredmedia":[{"embeddable":true,"href":"https:\/\/fittingsgo.com\/fr\/wp-json\/wp\/v2\/media\/6578"}],"wp:attachment":[{"href":"https:\/\/fittingsgo.com\/fr\/wp-json\/wp\/v2\/media?parent=6579"}],"wp:term":[{"taxonomy":"product_brand","embeddable":true,"href":"https:\/\/fittingsgo.com\/fr\/wp-json\/wp\/v2\/product_brand?post=6579"},{"taxonomy":"product_cat","embeddable":true,"href":"https:\/\/fittingsgo.com\/fr\/wp-json\/wp\/v2\/product_cat?post=6579"},{"taxonomy":"product_tag","embeddable":true,"href":"https:\/\/fittingsgo.com\/fr\/wp-json\/wp\/v2\/product_tag?post=6579"}],"curies":[{"name":"wp","href":"https:\/\/api.w.org\/{rel}","templated":true}]}}