{"id":6552,"date":"2019-08-17T14:55:05","date_gmt":"2019-08-17T19:55:05","guid":{"rendered":"https:\/\/fittingsgo.com\/product\/gicleurs-de-lave-glace-universel\/"},"modified":"2019-08-22T13:42:15","modified_gmt":"2019-08-22T18:42:15","slug":"gicleurs-de-lave-glace-universel","status":"publish","type":"product","link":"https:\/\/fittingsgo.com\/fr\/produit\/gicleurs-de-lave-glace-universel\/","title":{"rendered":"Gicleurs de lave-glace universel"},"content":{"rendered":"<p>47137<\/p>\n<div id=\"themify_builder_content-6552\" data-postid=\"6552\" class=\"themify_builder_content themify_builder_content-6552 themify_builder\">\n    <\/div>\n<!-- \/themify_builder_content -->\n","protected":false},"excerpt":{"rendered":"<p>Nos gicleurs de lave-glace sont construits \u00e0 partir de mat\u00e9riaux de haute qualit\u00e9 pour une long\u00e9vit\u00e9 accrue.<br \/>\nFabriqu\u00e9 par Dorman<\/p>\n","protected":false},"featured_media":6551,"comment_status":"open","ping_status":"closed","template":"","meta":[],"product_brand":[],"product_cat":[343],"product_tag":[180,337,177],"class_list":{"0":"post-6552","1":"product","2":"type-product","3":"status-publish","4":"has-post-thumbnail","6":"product_cat-pieces-de-lave-glace","7":"product_tag-automotive-fr","8":"product_tag-fitting-fr","9":"product_tag-pieces-dautos","10":"has-post-title","11":"has-post-date","12":"has-post-category","13":"has-post-tag","14":"has-post-comment","15":"has-post-author","16":"","17":"fullcover","19":"first","20":"instock","21":"taxable","22":"shipping-taxable","23":"purchasable","24":"product-type-simple"},"jetpack_sharing_enabled":true,"builder_content":"","_links":{"self":[{"href":"https:\/\/fittingsgo.com\/fr\/wp-json\/wp\/v2\/product\/6552","targetHints":{"allow":["GET"]}}],"collection":[{"href":"https:\/\/fittingsgo.com\/fr\/wp-json\/wp\/v2\/product"}],"about":[{"href":"https:\/\/fittingsgo.com\/fr\/wp-json\/wp\/v2\/types\/product"}],"replies":[{"embeddable":true,"href":"https:\/\/fittingsgo.com\/fr\/wp-json\/wp\/v2\/comments?post=6552"}],"wp:featuredmedia":[{"embeddable":true,"href":"https:\/\/fittingsgo.com\/fr\/wp-json\/wp\/v2\/media\/6551"}],"wp:attachment":[{"href":"https:\/\/fittingsgo.com\/fr\/wp-json\/wp\/v2\/media?parent=6552"}],"wp:term":[{"taxonomy":"product_brand","embeddable":true,"href":"https:\/\/fittingsgo.com\/fr\/wp-json\/wp\/v2\/product_brand?post=6552"},{"taxonomy":"product_cat","embeddable":true,"href":"https:\/\/fittingsgo.com\/fr\/wp-json\/wp\/v2\/product_cat?post=6552"},{"taxonomy":"product_tag","embeddable":true,"href":"https:\/\/fittingsgo.com\/fr\/wp-json\/wp\/v2\/product_tag?post=6552"}],"curies":[{"name":"wp","href":"https:\/\/api.w.org\/{rel}","templated":true}]}}