{"id":6546,"date":"2019-08-17T14:26:56","date_gmt":"2019-08-17T19:26:56","guid":{"rendered":"https:\/\/fittingsgo.com\/product\/tuyau-en-technopolymere-3-8-x-25-x-1-4-npt-easyflex-premium\/"},"modified":"2019-08-22T13:57:38","modified_gmt":"2019-08-22T18:57:38","slug":"tuyau-en-technopolymere-3-8-x-25-x-1-4-npt-easyflex-premium","status":"publish","type":"product","link":"https:\/\/fittingsgo.com\/fr\/produit\/tuyau-en-technopolymere-3-8-x-25-x-1-4-npt-easyflex-premium\/","title":{"rendered":"Tuyau en technopolym\u00e8re 3\/8 x 25&#8242; x 1\/4 npt easyflex premium"},"content":{"rendered":"<p>72.364, 72364<\/p>\n<div id=\"themify_builder_content-6546\" data-postid=\"6546\" class=\"themify_builder_content themify_builder_content-6546 themify_builder\">\n    <\/div>\n<!-- \/themify_builder_content -->\n","protected":false},"excerpt":{"rendered":"<p>Sp\u00e9cifications techniques et certifications<\/p>\n<p>\u2022 Longueur de tuyau : 25 pi<br \/>\n\u2022 Couleur : Jaune<br \/>\n\u2022 Tuyau D.I. : 3\/8 po<br \/>\n\u2022 Raccords (M) : 1\/4 NPT<br \/>\n\u2022 Pression maximale d&#8217;utilisation : 300 PSI<br \/>\n\u2022 Temp\u00e9rature d&#8217;utilisation : -54 \u00e0 65 \u00b0C<\/p>\n<p>Mat\u00e9riau(x) :<br \/>\n\u2022 Enveloppe : Compos\u00e9 de technopolym\u00e8re<br \/>\n\u2022 Renforcement : tresses spiral\u00e9es en polyester robuste r\u00e9duisant l\u2019\u00e9tirement du tuyau sous pression<br \/>\n\u2022 Tube : Compos\u00e9 de technopolym\u00e8re de haute qualit\u00e9<br \/>\n\u2022 Raccords : Laiton<\/p>\n<p>Caract\u00e9ristiques et avantages<\/p>\n<p>\u2022 Con\u00e7us pour \u00eatre performant et ultra flexible m\u00eame aux temp\u00e9ratures extr\u00eames<br \/>\n\u2022 Les propri\u00e9t\u00e9s physiques et la conception unique du tuyau le rendent plus performant que les autres tuyaux en PVC et en caoutchouc par temps froid<br \/>\n\u2022 Enroulement facile, aucune m\u00e9moire<br \/>\n\u2022 35 % plus l\u00e9ger que le caoutchouc pour une plus grande maniabilit\u00e9<br \/>\n\u2022 Enveloppe ext\u00e9rieure non marquante en couverture piqu\u00e9e permettant l\u2019\u00e9vacuation de l\u2019air et emp\u00eachant le ballonnement et un \u00e9ventuel \u00e9clatement du tuyau<br \/>\n\u2022 Gaine de protection aux deux extr\u00e9mit\u00e9s augmentant la dur\u00e9e de vie des tuyaux sur les tuyaux de diam\u00e8tre int\u00e9rieur de \u00bc po et 3\/8 po<br \/>\n\u2022 Excellente r\u00e9sistance \u00e0 l\u2019abrasion<br \/>\n\u2022 Enveloppe avec une r\u00e9sistance moyenne\/\u00e9lev\u00e9e aux huiles (RMA \u2013 Classe B)<br \/>\n\u2022 Compatibles avec l\u2019eau<br \/>\n\u2022 Aucune pr\u00e9sence de silicone ni phtalate<br \/>\n\u2022 Conformes \u00e0 la directive RoHS<\/p>\n","protected":false},"featured_media":6543,"comment_status":"open","ping_status":"closed","template":"","meta":[],"product_brand":[],"product_cat":[296],"product_tag":[180,208,189,177],"class_list":{"0":"post-6546","1":"product","2":"type-product","3":"status-publish","4":"has-post-thumbnail","6":"product_cat-tuyaux-a-air","7":"product_tag-automotive-fr","8":"product_tag-boyau-a-air","9":"product_tag-fournitures-datelier","10":"product_tag-pieces-dautos","11":"has-post-title","12":"has-post-date","13":"has-post-category","14":"has-post-tag","15":"has-post-comment","16":"has-post-author","17":"","18":"fullcover","20":"first","21":"instock","22":"taxable","23":"shipping-taxable","24":"purchasable","25":"product-type-simple"},"jetpack_sharing_enabled":true,"builder_content":"","_links":{"self":[{"href":"https:\/\/fittingsgo.com\/fr\/wp-json\/wp\/v2\/product\/6546","targetHints":{"allow":["GET"]}}],"collection":[{"href":"https:\/\/fittingsgo.com\/fr\/wp-json\/wp\/v2\/product"}],"about":[{"href":"https:\/\/fittingsgo.com\/fr\/wp-json\/wp\/v2\/types\/product"}],"replies":[{"embeddable":true,"href":"https:\/\/fittingsgo.com\/fr\/wp-json\/wp\/v2\/comments?post=6546"}],"wp:featuredmedia":[{"embeddable":true,"href":"https:\/\/fittingsgo.com\/fr\/wp-json\/wp\/v2\/media\/6543"}],"wp:attachment":[{"href":"https:\/\/fittingsgo.com\/fr\/wp-json\/wp\/v2\/media?parent=6546"}],"wp:term":[{"taxonomy":"product_brand","embeddable":true,"href":"https:\/\/fittingsgo.com\/fr\/wp-json\/wp\/v2\/product_brand?post=6546"},{"taxonomy":"product_cat","embeddable":true,"href":"https:\/\/fittingsgo.com\/fr\/wp-json\/wp\/v2\/product_cat?post=6546"},{"taxonomy":"product_tag","embeddable":true,"href":"https:\/\/fittingsgo.com\/fr\/wp-json\/wp\/v2\/product_tag?post=6546"}],"curies":[{"name":"wp","href":"https:\/\/api.w.org\/{rel}","templated":true}]}}