{"id":6540,"date":"2019-08-17T14:02:24","date_gmt":"2019-08-17T19:02:24","guid":{"rendered":"https:\/\/fittingsgo.com\/product\/tuyau-autoretractable-1-4-x-25-x-1-4-m-npt-flexcoil\/"},"modified":"2019-08-22T14:29:34","modified_gmt":"2019-08-22T19:29:34","slug":"tuyau-autoretractable-1-4-x-25-x-1-4-m-npt-flexcoil","status":"publish","type":"product","link":"https:\/\/fittingsgo.com\/fr\/produit\/tuyau-autoretractable-1-4-x-25-x-1-4-m-npt-flexcoil\/","title":{"rendered":"Tuyau autor\u00e9tractable 1\/4 x 25&#8242; x 1\/4 (m) npt flexcoil"},"content":{"rendered":"<p>17.620.07, 1762007<\/p>\n<div id=\"themify_builder_content-6540\" data-postid=\"6540\" class=\"themify_builder_content themify_builder_content-6540 themify_builder\">\n    <\/div>\n<!-- \/themify_builder_content -->\n","protected":false},"excerpt":{"rendered":"<p>Sp\u00e9cifications techniques et certifications<br \/>\n\u2022 Couleur : Bleu<br \/>\n\u2022 Tuyau D.I. : 1\/4 po<br \/>\n\u2022 Spirale D.E. : 2.1 po<br \/>\n\u2022 Longueur totale: 25 pi<br \/>\n\u2022 Longueur d\u2019utilisation : 240 pi<br \/>\n\u2022 Raccords (M) : 1\/4 NPT<br \/>\n\u2022 Pression maximale d&#8217;utilisation : 140 PSI \u00e0 23 \u00b0C La pression d\u2019utilisation d\u00e9cro\u00eet en fonction de l\u2019\u00e9l\u00e9vation de la temp\u00e9rature<br \/>\n\u2022 Temp\u00e9rature d\u2019utilisation : -40 \u00e0 70 \u00b0C<br \/>\n\u2022 Duret\u00e9 : 98 Shore A<br \/>\n\u2022 Longueur maximale d\u2019utilisation : 80 % de la longueur totale<\/p>\n<p>Mat\u00e9riau(x) :<br \/>\n\u2022 Polyur\u00e9thane (base d&#8217;\u00e9ther)<\/p>\n<p>Caract\u00e9ristiques et avantages<br \/>\n\u2022 Les propri\u00e9t\u00e9s du polyur\u00e9thane \u00e0 base d&#8217;\u00e9ther offrent une dur\u00e9e de vie plus longue<br \/>\n\u2022 S\u2019\u00e9tire ais\u00e9ment et se r\u00e9tracte automatiquement<br \/>\n\u2022 Excellente m\u00e9moire sur une large \u00e9tendue de temp\u00e9ratures<br \/>\n\u2022 Tr\u00e8s grande r\u00e9sistance au pliage<br \/>\n\u2022 Tr\u00e8s grande r\u00e9sistance \u00e0 l\u2019abrasion et \u00e0 l&#8217;humidit\u00e9<br \/>\n\u2022 25 % plus l\u00e9ger que les tuyaux en caoutchouc<br \/>\n\u2022 Beaucoup plus \u00e9lastique et flexible que les tuyaux en nylon<br \/>\n\u2022 Diam\u00e8tre de la spirale plus petit pour un design compact et peu encombrant<br \/>\n\u2022 Raccords ultra-robustes en laiton<br \/>\n\u2022 Raccords antifuites et r\u00e9sistants au desserrage caus\u00e9 par les vibrations<br \/>\n\u2022 Raccords pivotants plein d\u00e9bit permettant une flexibilit\u00e9 directionnelle maximale<br \/>\n\u2022 Extr\u00e9mit\u00e9 de 20 pouces et de 4 pouces permettant une meilleure ergonomie<br \/>\n\u2022 Aucune pr\u00e9sence de silicone<br \/>\nFabriqu\u00e9 par Topring<\/p>\n","protected":false},"featured_media":6539,"comment_status":"open","ping_status":"closed","template":"","meta":[],"product_brand":[],"product_cat":[296],"product_tag":[180,208,189,177],"class_list":{"0":"post-6540","1":"product","2":"type-product","3":"status-publish","4":"has-post-thumbnail","6":"product_cat-tuyaux-a-air","7":"product_tag-automotive-fr","8":"product_tag-boyau-a-air","9":"product_tag-fournitures-datelier","10":"product_tag-pieces-dautos","11":"has-post-title","12":"has-post-date","13":"has-post-category","14":"has-post-tag","15":"has-post-comment","16":"has-post-author","17":"","18":"fullcover","20":"first","21":"instock","22":"taxable","23":"shipping-taxable","24":"purchasable","25":"product-type-simple"},"jetpack_sharing_enabled":true,"builder_content":"","_links":{"self":[{"href":"https:\/\/fittingsgo.com\/fr\/wp-json\/wp\/v2\/product\/6540","targetHints":{"allow":["GET"]}}],"collection":[{"href":"https:\/\/fittingsgo.com\/fr\/wp-json\/wp\/v2\/product"}],"about":[{"href":"https:\/\/fittingsgo.com\/fr\/wp-json\/wp\/v2\/types\/product"}],"replies":[{"embeddable":true,"href":"https:\/\/fittingsgo.com\/fr\/wp-json\/wp\/v2\/comments?post=6540"}],"wp:featuredmedia":[{"embeddable":true,"href":"https:\/\/fittingsgo.com\/fr\/wp-json\/wp\/v2\/media\/6539"}],"wp:attachment":[{"href":"https:\/\/fittingsgo.com\/fr\/wp-json\/wp\/v2\/media?parent=6540"}],"wp:term":[{"taxonomy":"product_brand","embeddable":true,"href":"https:\/\/fittingsgo.com\/fr\/wp-json\/wp\/v2\/product_brand?post=6540"},{"taxonomy":"product_cat","embeddable":true,"href":"https:\/\/fittingsgo.com\/fr\/wp-json\/wp\/v2\/product_cat?post=6540"},{"taxonomy":"product_tag","embeddable":true,"href":"https:\/\/fittingsgo.com\/fr\/wp-json\/wp\/v2\/product_tag?post=6540"}],"curies":[{"name":"wp","href":"https:\/\/api.w.org\/{rel}","templated":true}]}}