{"id":6529,"date":"2019-08-17T13:07:16","date_gmt":"2019-08-17T18:07:16","guid":{"rendered":"https:\/\/fittingsgo.com\/product\/outil-de-courroie-serpentine\/"},"modified":"2019-08-22T14:35:57","modified_gmt":"2019-08-22T19:35:57","slug":"outil-de-courroie-serpentine","status":"publish","type":"product","link":"https:\/\/fittingsgo.com\/fr\/produit\/outil-de-courroie-serpentine\/","title":{"rendered":"Outil de courroie serpentine"},"content":{"rendered":"<p>W80410<\/p>\n<div id=\"themify_builder_content-6529\" data-postid=\"6529\" class=\"themify_builder_content themify_builder_content-6529 themify_builder\">\n    <\/div>\n<!-- \/themify_builder_content -->\n","protected":false},"excerpt":{"rendered":"<p>&#8211; Lib\u00e8re la tension sur les courroies serpentines avec les poulies de tension \u00e0 ressort.<br \/>\n&#8211; Convient aux poulies de renvoi n\u00e9cessitant un entra\u00eenement carr\u00e9 de 15 mm, 16 mm, 18 mm hexagonal ou 3\/8 &#8220;ou 1\/2&#8221;.<br \/>\n&#8211; Comprend \u00e9galement les cl\u00e9s \u00e0 pied de biche de 13mm, 14mm et 15mm.<br \/>\nFabriqu\u00e9 par Performance Tool<\/p>\n","protected":false},"featured_media":6526,"comment_status":"open","ping_status":"closed","template":"","meta":[],"product_brand":[],"product_cat":[339],"product_tag":[180,177],"class_list":{"0":"post-6529","1":"product","2":"type-product","3":"status-publish","4":"has-post-thumbnail","6":"product_cat-outils-de-moteur-transmission","7":"product_tag-automotive-fr","8":"product_tag-pieces-dautos","9":"has-post-title","10":"has-post-date","11":"has-post-category","12":"has-post-tag","13":"has-post-comment","14":"has-post-author","15":"","16":"fullcover","18":"first","19":"outofstock","20":"taxable","21":"shipping-taxable","22":"purchasable","23":"product-type-simple"},"jetpack_sharing_enabled":true,"builder_content":"","_links":{"self":[{"href":"https:\/\/fittingsgo.com\/fr\/wp-json\/wp\/v2\/product\/6529","targetHints":{"allow":["GET"]}}],"collection":[{"href":"https:\/\/fittingsgo.com\/fr\/wp-json\/wp\/v2\/product"}],"about":[{"href":"https:\/\/fittingsgo.com\/fr\/wp-json\/wp\/v2\/types\/product"}],"replies":[{"embeddable":true,"href":"https:\/\/fittingsgo.com\/fr\/wp-json\/wp\/v2\/comments?post=6529"}],"wp:featuredmedia":[{"embeddable":true,"href":"https:\/\/fittingsgo.com\/fr\/wp-json\/wp\/v2\/media\/6526"}],"wp:attachment":[{"href":"https:\/\/fittingsgo.com\/fr\/wp-json\/wp\/v2\/media?parent=6529"}],"wp:term":[{"taxonomy":"product_brand","embeddable":true,"href":"https:\/\/fittingsgo.com\/fr\/wp-json\/wp\/v2\/product_brand?post=6529"},{"taxonomy":"product_cat","embeddable":true,"href":"https:\/\/fittingsgo.com\/fr\/wp-json\/wp\/v2\/product_cat?post=6529"},{"taxonomy":"product_tag","embeddable":true,"href":"https:\/\/fittingsgo.com\/fr\/wp-json\/wp\/v2\/product_tag?post=6529"}],"curies":[{"name":"wp","href":"https:\/\/api.w.org\/{rel}","templated":true}]}}