{"id":6514,"date":"2019-08-17T10:47:30","date_gmt":"2019-08-17T15:47:30","guid":{"rendered":"https:\/\/fittingsgo.com\/product\/etanche-en-papier-pour-echappement\/"},"modified":"2021-06-18T21:35:17","modified_gmt":"2021-06-19T02:35:17","slug":"etanche-en-papier-pour-echappement","status":"publish","type":"product","link":"https:\/\/fittingsgo.com\/fr\/produit\/etanche-en-papier-pour-echappement\/","title":{"rendered":"\u00c9tanche en papier pour \u00e9chappement"},"content":{"rendered":"<p>3009<\/p>\n<div id=\"themify_builder_content-6514\" data-postid=\"6514\" class=\"themify_builder_content themify_builder_content-6514 themify_builder\">\n    <\/div>\n<!-- \/themify_builder_content -->\n","protected":false},"excerpt":{"rendered":"<p>Les joints Fel-Pro offrent une \u00e9tanch\u00e9it\u00e9 de v\u00e9hicule \u00e0 100% avec des mat\u00e9riaux sp\u00e9cifiques \u00e0 l&#8217;application pour vous fournir des solutions d&#8217;\u00e9tanch\u00e9it\u00e9 avec la performance et la durabilit\u00e9 qui font confiance aux professionnels.<br \/>\n&#8211; Feuille FEL-RAMIC 12 &#8220;x 28&#8243; x 3\/64 &#8221;<br \/>\n&#8211; Mat\u00e9riau ne faisant pas face \u00e0 l&#8217;amiante et r\u00e9sistant \u00e0 l&#8217;eau, coll\u00e9 m\u00e9caniquement \u00e0 un noyau en acier perfor\u00e9<br \/>\n&#8211; Utilis\u00e9 dans les applications \u00e0 haute temp\u00e9rature telles que les collecteurs et les brides de tuyau d&#8217;\u00e9chappement<br \/>\n&#8211; Fibre d&#8217;un c\u00f4t\u00e9<br \/>\n&#8211; Con\u00e7u et fabriqu\u00e9 sp\u00e9cifiquement pour l&#8217;environnement de r\u00e9paration<br \/>\nFabriqu\u00e9 par Fel-Pro<\/p>\n","protected":false},"featured_media":6510,"comment_status":"open","ping_status":"closed","template":"","meta":[],"product_brand":[],"product_cat":[178],"product_tag":[180,177],"class_list":{"0":"post-6514","1":"product","2":"type-product","3":"status-publish","4":"has-post-thumbnail","6":"product_cat-echappement","7":"product_tag-automotive-fr","8":"product_tag-pieces-dautos","9":"has-post-title","10":"has-post-date","11":"has-post-category","12":"has-post-tag","13":"has-post-comment","14":"has-post-author","15":"","16":"fullcover","18":"first","19":"instock","20":"taxable","21":"shipping-taxable","22":"purchasable","23":"product-type-simple"},"jetpack_sharing_enabled":true,"builder_content":"","_links":{"self":[{"href":"https:\/\/fittingsgo.com\/fr\/wp-json\/wp\/v2\/product\/6514","targetHints":{"allow":["GET"]}}],"collection":[{"href":"https:\/\/fittingsgo.com\/fr\/wp-json\/wp\/v2\/product"}],"about":[{"href":"https:\/\/fittingsgo.com\/fr\/wp-json\/wp\/v2\/types\/product"}],"replies":[{"embeddable":true,"href":"https:\/\/fittingsgo.com\/fr\/wp-json\/wp\/v2\/comments?post=6514"}],"wp:featuredmedia":[{"embeddable":true,"href":"https:\/\/fittingsgo.com\/fr\/wp-json\/wp\/v2\/media\/6510"}],"wp:attachment":[{"href":"https:\/\/fittingsgo.com\/fr\/wp-json\/wp\/v2\/media?parent=6514"}],"wp:term":[{"taxonomy":"product_brand","embeddable":true,"href":"https:\/\/fittingsgo.com\/fr\/wp-json\/wp\/v2\/product_brand?post=6514"},{"taxonomy":"product_cat","embeddable":true,"href":"https:\/\/fittingsgo.com\/fr\/wp-json\/wp\/v2\/product_cat?post=6514"},{"taxonomy":"product_tag","embeddable":true,"href":"https:\/\/fittingsgo.com\/fr\/wp-json\/wp\/v2\/product_tag?post=6514"}],"curies":[{"name":"wp","href":"https:\/\/api.w.org\/{rel}","templated":true}]}}